{"id":11169,"date":"2025-09-15T15:36:45","date_gmt":"2025-09-15T13:36:45","guid":{"rendered":"https:\/\/boreait.com\/de\/?post_type=product&#038;p=11169"},"modified":"2025-09-16T12:52:22","modified_gmt":"2025-09-16T10:52:22","slug":"original-hp-elitebook-820-g1-lcd-oberdeckel-ersatz-6070b0675301-730561-001","status":"publish","type":"product","link":"https:\/\/boreait.com\/de\/produkt\/original-hp-elitebook-820-g1-lcd-oberdeckel-ersatz-6070b0675301-730561-001\/","title":{"rendered":"Original HP EliteBook 820 G1 LCD-Oberdeckel, Ersatz 6070b0675301 730561-001"},"content":{"rendered":"<p>Verbessern Sie die Optik und den Schutz Ihres HP EliteBook 820 G1 mit der Original HP EliteBook 820 G1 LCD-Deckelabdeckung. Dies ist nicht nur ein Ersatzteil, sondern ein originales HP-Teil, das sorgf\u00e4ltig auf die genauen Spezifikationen Ihres EliteBook 820 G1 Laptops zugeschnitten ist.<\/p>\n<p>Hauptmerkmale:<\/p>\n<ul>\n<li>Original HP-Ersatzteil<\/li>\n<li>Entwickelt f\u00fcr das EliteBook 820 G1<\/li>\n<li>Hochwertige Konstruktion f\u00fcr Langlebigkeit<\/li>\n<li>Perfekte Passform f\u00fcr eine nahtlose Installation<\/li>\n<li>Artikelnummern: 6070b0675301 730561-001<\/li>\n<\/ul>\n<p>Ob Sie einen besch\u00e4digten Deckel ersetzen oder das Erscheinungsbild Ihres Laptops auffrischen m\u00f6chten \u2013 diese Original HP-Abdeckung ist die ideale L\u00f6sung. Es stellt nicht nur die urspr\u00fcngliche Optik wieder her, sondern gew\u00e4hrleistet auch die Authentizit\u00e4t Ihres EliteBook 820 G1.<\/p>\n<p>Bitte beachten Sie, dass dieses Angebot echte Fotos der Original HP EliteBook 820 G1 LCD-Abdeckung enth\u00e4lt, damit Sie sich ein klares Bild von dem Produkt machen k\u00f6nnen, das Sie erhalten. Es liegt keine Installationsanleitung bei. Bei Fragen oder f\u00fcr Unterst\u00fctzung wenden Sie sich bitte an uns. Verleihen Sie Ihrem Laptop Stil und Schutz mit dieser Original HP Ersatzabdeckung.<\/p>\n","protected":false},"excerpt":{"rendered":"<p>Verbessern Sie die Optik und den Schutz Ihres Laptops mit der originalen HP EliteBook 820 G1 LCD-Abdeckung. Diese perfekt verarbeitete Abdeckung ist ein originales Ersatzteil, das perfekt auf Ihr EliteBook 820 G1 passt. Stellen Sie die \u00c4sthetik Ihres Laptops wieder her und sch\u00fctzen Sie das Display mit dieser originalen HP-Abdeckung. Werten Sie das Erscheinungsbild Ihres Laptops auf und bewahren Sie seine Authentizit\u00e4t mit diesem Original-Ersatzteil.<\/p>\n","protected":false},"featured_media":11216,"template":"","meta":[],"product_brand":[],"product_cat":[52],"product_tag":[],"class_list":{"0":"post-11169","1":"product","2":"type-product","3":"status-publish","4":"has-post-thumbnail","6":"product_cat-laptop-housing","8":"first","9":"instock","10":"taxable","11":"shipping-taxable","12":"purchasable","13":"product-type-simple"},"_links":{"self":[{"href":"https:\/\/boreait.com\/de\/wp-json\/wp\/v2\/product\/11169","targetHints":{"allow":["GET"]}}],"collection":[{"href":"https:\/\/boreait.com\/de\/wp-json\/wp\/v2\/product"}],"about":[{"href":"https:\/\/boreait.com\/de\/wp-json\/wp\/v2\/types\/product"}],"wp:featuredmedia":[{"embeddable":true,"href":"https:\/\/boreait.com\/de\/wp-json\/wp\/v2\/media\/11216"}],"wp:attachment":[{"href":"https:\/\/boreait.com\/de\/wp-json\/wp\/v2\/media?parent=11169"}],"wp:term":[{"taxonomy":"product_brand","embeddable":true,"href":"https:\/\/boreait.com\/de\/wp-json\/wp\/v2\/product_brand?post=11169"},{"taxonomy":"product_cat","embeddable":true,"href":"https:\/\/boreait.com\/de\/wp-json\/wp\/v2\/product_cat?post=11169"},{"taxonomy":"product_tag","embeddable":true,"href":"https:\/\/boreait.com\/de\/wp-json\/wp\/v2\/product_tag?post=11169"}],"curies":[{"name":"wp","href":"https:\/\/api.w.org\/{rel}","templated":true}]}}