{"id":11139,"date":"2025-09-15T15:35:57","date_gmt":"2025-09-15T13:35:57","guid":{"rendered":"https:\/\/boreait.com\/de\/?post_type=product&#038;p=11139"},"modified":"2025-09-16T12:52:20","modified_gmt":"2025-09-16T10:52:20","slug":"dell-latitude-5480-laptop-unterseite-rueckseite-96y3n-original-ersatzteil","status":"publish","type":"product","link":"https:\/\/boreait.com\/de\/produkt\/dell-latitude-5480-laptop-unterseite-rueckseite-96y3n-original-ersatzteil\/","title":{"rendered":"Dell Latitude 5480 Laptop-Unterseite, R\u00fcckseite, 96Y3N \u2013 Original-Ersatzteil"},"content":{"rendered":"<p>Verleihen Sie Ihrem Dell Latitude 5480 Laptop mit der originalen Dell Latitude 5480 Laptop-R\u00fcckabdeckung neuen Glanz. Dieses Ersatzteil bietet eine nahtlose Passform und gew\u00e4hrleistet die strukturelle Integrit\u00e4t und den Schutz der internen Komponenten Ihres Laptops.<\/p>\n<p>Hauptmerkmale:<\/p>\n<ul>\n<li>Original Dell-Ersatzteil<\/li>\n<li>Kompatibilit\u00e4t: Dell Latitude 5480 Laptops<\/li>\n<li>Robuste Konstruktion f\u00fcr lange Lebensdauer<\/li>\n<li>Teilenummer: 96Y3N<\/li>\n<\/ul>\n<p>Ob Ihre vorhandene R\u00fcckabdeckung besch\u00e4digt ist oder Sie Ihrem Laptop einfach ein neues Aussehen verleihen m\u00f6chten \u2013 dieses originale Ersatzteil garantiert perfekte Passform. Pr\u00e4zise gefertigt und aus hochwertigen Materialien gefertigt, erf\u00fcllt es die strengen Standards von Dell f\u00fcr Leistung und Zuverl\u00e4ssigkeit.<\/p>\n<p>Bitte beachten Sie, dass dieses Angebot echte Fotos der Dell Latitude 5480 Laptop-R\u00fcckabdeckung enth\u00e4lt, die Sie erhalten. Es liegen keine Installationsanweisungen bei, aber wenn Sie Fragen haben oder Hilfe ben\u00f6tigen, k\u00f6nnen Sie sich gerne an uns wenden. Verbessern Sie die \u00c4sthetik und den Schutz Ihres Dell Latitude 5480 mit diesem Originalersatzteil.<\/p>\n","protected":false},"excerpt":{"rendered":"<p>Ersetzen Sie die untere R\u00fcckabdeckung Ihres Dell Latitude 5480 Laptops mit diesem Original-Ersatzteil. Diese langlebige und passgenaue Abdeckung sch\u00fctzt die internen Komponenten Ihres Laptops. Sorgen Sie mit diesem originalen Dell-Ersatzteil f\u00fcr ein elegantes Aussehen und optimale Funktionalit\u00e4t Ihres Ger\u00e4ts.<\/p>\n","protected":false},"featured_media":11196,"template":"","meta":[],"product_brand":[],"product_cat":[52],"product_tag":[53],"class_list":{"0":"post-11139","1":"product","2":"type-product","3":"status-publish","4":"has-post-thumbnail","6":"product_cat-laptop-housing","7":"product_tag-dell","9":"first","10":"instock","11":"taxable","12":"shipping-taxable","13":"purchasable","14":"product-type-simple"},"_links":{"self":[{"href":"https:\/\/boreait.com\/de\/wp-json\/wp\/v2\/product\/11139","targetHints":{"allow":["GET"]}}],"collection":[{"href":"https:\/\/boreait.com\/de\/wp-json\/wp\/v2\/product"}],"about":[{"href":"https:\/\/boreait.com\/de\/wp-json\/wp\/v2\/types\/product"}],"wp:featuredmedia":[{"embeddable":true,"href":"https:\/\/boreait.com\/de\/wp-json\/wp\/v2\/media\/11196"}],"wp:attachment":[{"href":"https:\/\/boreait.com\/de\/wp-json\/wp\/v2\/media?parent=11139"}],"wp:term":[{"taxonomy":"product_brand","embeddable":true,"href":"https:\/\/boreait.com\/de\/wp-json\/wp\/v2\/product_brand?post=11139"},{"taxonomy":"product_cat","embeddable":true,"href":"https:\/\/boreait.com\/de\/wp-json\/wp\/v2\/product_cat?post=11139"},{"taxonomy":"product_tag","embeddable":true,"href":"https:\/\/boreait.com\/de\/wp-json\/wp\/v2\/product_tag?post=11139"}],"curies":[{"name":"wp","href":"https:\/\/api.w.org\/{rel}","templated":true}]}}