{"id":11110,"date":"2025-09-15T15:35:10","date_gmt":"2025-09-15T13:35:10","guid":{"rendered":"https:\/\/boreait.com\/de\/?post_type=product&#038;p=11110"},"modified":"2025-09-16T12:52:18","modified_gmt":"2025-09-16T10:52:18","slug":"0j8nnp-dell-latitude-e5270-e5470-e5570-e7270-e7470-webcam-kamera","status":"publish","type":"product","link":"https:\/\/boreait.com\/de\/produkt\/0j8nnp-dell-latitude-e5270-e5470-e5570-e7270-e7470-webcam-kamera\/","title":{"rendered":"0J8NNP &#8211; Dell Latitude E5270 E5470 E5570 E7270 E7470 Webcam &#8211; Kamera"},"content":{"rendered":"<p>Verbessern Sie Ihre Videokommunikation mit der Dell OEM Latitude E5270 E5470 E5570 E7270 E7470 Webcam. Diese Webcam ist ein Original-Ersatzkameramodul, das speziell f\u00fcr die Latitude E7270 Laptop-Serie entwickelt wurde und Kompatibilit\u00e4t und nahtlose Integration garantiert.<\/p>\n<p>Hauptmerkmale:<\/p>\n<ul>\n<li>Original Dell OEM Produkt<\/li>\n<li>Entwickelt f\u00fcr Latitude E5270 E5470 E5570 E7270 E7470 Laptops<\/li>\n<li>Verbessert Videokonferenzen und Kommunikation<\/li>\n<li>Hochwertige Bildqualit\u00e4t f\u00fcr klare Bilder<\/li>\n<li>Teilenummer: 0J8NNP<\/li>\n<\/ul>\n<p>Ob Sie an virtuellen Meetings teilnehmen, Videoanrufe f\u00fchren oder Momente mit Freunden und Familie festhalten m\u00f6chten \u2013 diese Dell OEM Webcam sorgt f\u00fcr zuverl\u00e4ssige und hochwertige Leistung. Das Kameramodul l\u00e4sst sich einfach installieren und passt perfekt in den daf\u00fcr vorgesehenen Platz Ihres Latitude E7270 Laptops.<\/p>\n<p>Bitte beachten Sie, dass dieses Angebot echte Fotos der Dell OEM Latitude E7270 Webcam enth\u00e4lt und keine Installationsanleitung enth\u00e4lt. Bei Fragen oder f\u00fcr weitere Unterst\u00fctzung kontaktieren Sie uns gerne. Erweitern Sie die Videofunktionen Ihres Laptops mit der originalen Dell OEM Latitude E7270 Webcam und erleben Sie klare und gestochen scharfe Bilder bei all Ihren virtuellen Interaktionen.<\/p>\n","protected":false},"excerpt":{"rendered":"<p>Verbessern Sie Ihre Videokonferenz- und Kommunikationserfahrung mit der Dell OEM Latitude E5270 E5470 E5570 E7270 E7470 Webcam. Dieses Original-Ersatzkameramodul wurde speziell f\u00fcr das Latitude E7270-Notebook entwickelt und gew\u00e4hrleistet Kompatibilit\u00e4t und optimale Leistung. Verbessern Sie die Videofunktionen Ihres Laptops mit dieser hochwertigen Dell OEM-Webcam.<\/p>\n","protected":false},"featured_media":11166,"template":"","meta":[],"product_brand":[],"product_cat":[59],"product_tag":[53],"class_list":{"0":"post-11110","1":"product","2":"type-product","3":"status-publish","4":"has-post-thumbnail","6":"product_cat-laptop-camera","7":"product_tag-dell","9":"first","10":"instock","11":"taxable","12":"shipping-taxable","13":"purchasable","14":"product-type-simple"},"_links":{"self":[{"href":"https:\/\/boreait.com\/de\/wp-json\/wp\/v2\/product\/11110","targetHints":{"allow":["GET"]}}],"collection":[{"href":"https:\/\/boreait.com\/de\/wp-json\/wp\/v2\/product"}],"about":[{"href":"https:\/\/boreait.com\/de\/wp-json\/wp\/v2\/types\/product"}],"wp:featuredmedia":[{"embeddable":true,"href":"https:\/\/boreait.com\/de\/wp-json\/wp\/v2\/media\/11166"}],"wp:attachment":[{"href":"https:\/\/boreait.com\/de\/wp-json\/wp\/v2\/media?parent=11110"}],"wp:term":[{"taxonomy":"product_brand","embeddable":true,"href":"https:\/\/boreait.com\/de\/wp-json\/wp\/v2\/product_brand?post=11110"},{"taxonomy":"product_cat","embeddable":true,"href":"https:\/\/boreait.com\/de\/wp-json\/wp\/v2\/product_cat?post=11110"},{"taxonomy":"product_tag","embeddable":true,"href":"https:\/\/boreait.com\/de\/wp-json\/wp\/v2\/product_tag?post=11110"}],"curies":[{"name":"wp","href":"https:\/\/api.w.org\/{rel}","templated":true}]}}