{"id":11067,"date":"2025-09-15T15:33:54","date_gmt":"2025-09-15T13:33:54","guid":{"rendered":"https:\/\/boreait.com\/de\/?post_type=product&#038;p=11067"},"modified":"2025-09-16T12:52:15","modified_gmt":"2025-09-16T10:52:15","slug":"hp-456806-001-6053b0320501-6053b0320401-oem-scharniersatz-gross-550-originalteile","status":"publish","type":"product","link":"https:\/\/boreait.com\/de\/produkt\/hp-456806-001-6053b0320501-6053b0320401-oem-scharniersatz-gross-550-originalteile\/","title":{"rendered":"HP 456806-001 6053B0320501 6053B0320401 OEM-Scharniersatz gro\u00df 550 \u2013 Originalteile!"},"content":{"rendered":"<p>Verbessern Sie die Stabilit\u00e4t Ihres HP Laptops mit dem HP 456806-001 6053B0320501 6053B0320401 OEM-Scharnier-Kit. Dieses Original-OEM-Kit erf\u00fcllt die strengen HP Qualit\u00e4tsstandards und garantiert Kompatibilit\u00e4t und optimale Leistung mit allen HP Laptop-Modellen.<\/p>\n<p>Hauptmerkmale:<\/p>\n<ul>\n<li>OEM-Teilenummern: 456806-001, 6053B0320501, 6053B0320401<\/li>\n<li>Entwickelt f\u00fcr gro\u00dfe Laptops der 550er-Serie<\/li>\n<li>Original HP Teile f\u00fcr zuverl\u00e4ssige Leistung<\/li>\n<li>Stellt die reibungslose Scharnierfunktion wieder her<\/li>\n<\/ul>\n<p>Der Einbau von Original HP Teilen stellt sicher, dass Ihr Laptop seine strukturelle Integrit\u00e4t beh\u00e4lt und reibungslos funktioniert. Egal, ob Sie verschlissene Scharniere ersetzen oder Ihren Laptop proaktiv verst\u00e4rken m\u00f6chten \u2013 dieses Scharnier-Kit ist die perfekte L\u00f6sung.<\/p>\n<p>Bitte beachten Sie, dass dieses Angebot Fotos des HP 456806-001 6053B0320501 6053B0320401 OEM-Scharnier-Kits enth\u00e4lt. Es liegt keine Installationsanleitung bei. Bei Fragen oder Unterst\u00fctzung kontaktieren Sie uns gerne. Investieren Sie mit diesem Original HP Scharnier-Kit in die Langlebigkeit und Zuverl\u00e4ssigkeit Ihres HP Laptops. R\u00fcsten Sie noch heute auf!<\/p>\n","protected":false},"excerpt":{"rendered":"<p>Steigern Sie die Haltbarkeit Ihres HP Laptops mit dem originalen HP 456806-001 Scharnier-Kit. Dieses OEM-Kit mit den Teilenummern 6053B0320501 und 6053B0320401 wurde speziell f\u00fcr HP Laptops entwickelt und garantiert eine perfekte Passform. Verst\u00e4rken Sie die strukturelle Integrit\u00e4t Ihres Laptops und stellen Sie die reibungslose Scharnierfunktion wieder her. Vertrauen Sie auf originale HP Teile f\u00fcr zuverl\u00e4ssige Leistung und Langlebigkeit.<\/p>\n","protected":false},"featured_media":11129,"template":"","meta":[],"product_brand":[],"product_cat":[55],"product_tag":[61],"class_list":{"0":"post-11067","1":"product","2":"type-product","3":"status-publish","4":"has-post-thumbnail","6":"product_cat-screen-hinge","7":"product_tag-hp","9":"first","10":"instock","11":"taxable","12":"shipping-taxable","13":"purchasable","14":"product-type-simple"},"_links":{"self":[{"href":"https:\/\/boreait.com\/de\/wp-json\/wp\/v2\/product\/11067","targetHints":{"allow":["GET"]}}],"collection":[{"href":"https:\/\/boreait.com\/de\/wp-json\/wp\/v2\/product"}],"about":[{"href":"https:\/\/boreait.com\/de\/wp-json\/wp\/v2\/types\/product"}],"wp:featuredmedia":[{"embeddable":true,"href":"https:\/\/boreait.com\/de\/wp-json\/wp\/v2\/media\/11129"}],"wp:attachment":[{"href":"https:\/\/boreait.com\/de\/wp-json\/wp\/v2\/media?parent=11067"}],"wp:term":[{"taxonomy":"product_brand","embeddable":true,"href":"https:\/\/boreait.com\/de\/wp-json\/wp\/v2\/product_brand?post=11067"},{"taxonomy":"product_cat","embeddable":true,"href":"https:\/\/boreait.com\/de\/wp-json\/wp\/v2\/product_cat?post=11067"},{"taxonomy":"product_tag","embeddable":true,"href":"https:\/\/boreait.com\/de\/wp-json\/wp\/v2\/product_tag?post=11067"}],"curies":[{"name":"wp","href":"https:\/\/api.w.org\/{rel}","templated":true}]}}