{"id":11041,"date":"2025-09-15T15:33:08","date_gmt":"2025-09-15T13:33:08","guid":{"rendered":"https:\/\/boreait.com\/de\/?post_type=product&#038;p=11041"},"modified":"2026-01-13T14:47:55","modified_gmt":"2026-01-13T13:47:55","slug":"dell-latitude-d620-d630-display-bildschirm-tft-lcd-kabel-dc02000870l-cn-0kd101-kd101","status":"publish","type":"product","link":"https:\/\/boreait.com\/de\/produkt\/dell-latitude-d620-d630-display-bildschirm-tft-lcd-kabel-dc02000870l-cn-0kd101-kd101\/","title":{"rendered":"Dell Latitude D620 D630 Display Bildschirm TFT LCD Kabel DC02000870L CN-0KD101 KD101"},"content":{"rendered":"<p>Verleihen Sie dem Display Ihres Dell Latitude D620 oder D630 Laptops mit dem Dell DC02000870L CN-0KD101 KD101 TFT-LCD-Kabel neuen Schwung. Dieses Kabel tr\u00e4gt entscheidend zu einer starken und stabilen Verbindung zwischen Motherboard und Bildschirm bei.<\/p>\n<p>Hauptmerkmale:<\/p>\n<ul>\n<li>Kompatibel mit Dell Latitude D620 und D630 Modellen<\/li>\n<li>Teilenummer: DC02000870L CN-0KD101 KD101<\/li>\n<li>Original-Ersatzteil von Dell<\/li>\n<\/ul>\n<p>Dieses TFT-LCD-Kabel sorgt f\u00fcr eine nahtlose Verbindung und stellt sicher, dass Ihr Laptop-Display sein volles Potenzial entfaltet. Schluss mit flimmernden Bildschirmen, verzerrten Bildern oder Anzeigeproblemen. Mit diesem Original-Dell-Kabel k\u00f6nnen Sie sich auf die Qualit\u00e4t und Kompatibilit\u00e4t der Displayverbindung Ihres Laptops verlassen.<\/p>\n<p>Bitte beachten Sie, dass dieses Angebot echte Fotos des Dell DC02000870L CN-0KD101 KD101 TFT-LCD-Bildschirmkabels enth\u00e4lt. Es liegt keine Installationsanleitung bei. Bei Fragen oder Unterst\u00fctzung wenden Sie sich gerne an uns. Stellen Sie die visuelle Leistung Ihres Laptops mit diesem Original-Ersatzteil von Dell wieder her und genie\u00dfen Sie wieder ein klares, brillantes Display.<\/p>\n","protected":false},"excerpt":{"rendered":"<p>Verbessern Sie die Displayleistung Ihres Dell Latitude D620 oder D630 Laptops mit dem Dell DC02000870L CN-0KD101 KD101 TFT-LCD-Bildschirmkabel. Dieses hochwertige Kabel gew\u00e4hrleistet eine zuverl\u00e4ssige Verbindung zwischen Bildschirm und Mainboard und sorgt f\u00fcr klare und lebendige Bilder. Stellen Sie die klare Darstellung Ihres Laptops wieder her und erwecken Sie Ihr Ger\u00e4t mit diesem Original-Ersatzteil von Dell zu neuem Leben.<\/p>\n","protected":false},"featured_media":11102,"template":"","meta":[],"product_brand":[],"product_cat":[56],"product_tag":[53],"class_list":{"0":"post-11041","1":"product","2":"type-product","3":"status-publish","4":"has-post-thumbnail","6":"product_cat-cables","7":"product_tag-dell","9":"first","10":"instock","11":"taxable","12":"shipping-taxable","13":"purchasable","14":"product-type-simple"},"_links":{"self":[{"href":"https:\/\/boreait.com\/de\/wp-json\/wp\/v2\/product\/11041","targetHints":{"allow":["GET"]}}],"collection":[{"href":"https:\/\/boreait.com\/de\/wp-json\/wp\/v2\/product"}],"about":[{"href":"https:\/\/boreait.com\/de\/wp-json\/wp\/v2\/types\/product"}],"wp:featuredmedia":[{"embeddable":true,"href":"https:\/\/boreait.com\/de\/wp-json\/wp\/v2\/media\/11102"}],"wp:attachment":[{"href":"https:\/\/boreait.com\/de\/wp-json\/wp\/v2\/media?parent=11041"}],"wp:term":[{"taxonomy":"product_brand","embeddable":true,"href":"https:\/\/boreait.com\/de\/wp-json\/wp\/v2\/product_brand?post=11041"},{"taxonomy":"product_cat","embeddable":true,"href":"https:\/\/boreait.com\/de\/wp-json\/wp\/v2\/product_cat?post=11041"},{"taxonomy":"product_tag","embeddable":true,"href":"https:\/\/boreait.com\/de\/wp-json\/wp\/v2\/product_tag?post=11041"}],"curies":[{"name":"wp","href":"https:\/\/api.w.org\/{rel}","templated":true}]}}