{"id":11037,"date":"2025-09-15T15:33:07","date_gmt":"2025-09-15T13:33:07","guid":{"rendered":"https:\/\/boreait.com\/de\/?post_type=product&#038;p=11037"},"modified":"2026-01-19T08:00:23","modified_gmt":"2026-01-19T07:00:23","slug":"huadd0bldlc020110926-lcd-videokabel-hochleistungs-laptop-displayteile","status":"publish","type":"product","link":"https:\/\/boreait.com\/de\/produkt\/huadd0bldlc020110926-lcd-videokabel-hochleistungs-laptop-displayteile\/","title":{"rendered":"HUADD0BLDLC020110926 LCD-Videokabel \u2013 Hochleistungs-Laptop-Displayteile"},"content":{"rendered":"<p>R\u00fcsten oder reparieren Sie Ihr Laptop-Display mit unserem hochwertigen LCD-Videokabel HUADD0BLDLC020110926. Dieses Premium-Kabel ist unverzichtbar f\u00fcr die \u00dcbertragung gestochen scharfer Bilddaten vom Motherboard Ihres Laptops auf den Bildschirm. Es ist speziell f\u00fcr die Kompatibilit\u00e4t mit einer Vielzahl von Laptop-Modellen entwickelt und gew\u00e4hrleistet so perfekte Passform und optimale Leistung. Egal, ob Sie professioneller Techniker oder Heimwerker sind, dieses LCD-Videokabel ist ein unverzichtbarer Bestandteil Ihres Laptop-Ersatzteil-Werkzeugkastens. Hergestellt aus langlebigen, flexiblen Materialien h\u00e4lt es den Belastungen des t\u00e4glichen Gebrauchs stand und bietet gleichzeitig eine stabile, zuverl\u00e4ssige Verbindung. Dieses Kabel sorgt f\u00fcr optimale Leistung des Laptop-Displays und bietet Ihnen ein unterbrechungsfreies Seherlebnis. Ideal f\u00fcr alle, die die Anzeigefunktionen ihres Laptops verbessern oder Probleme mit der Bildschirmverbindung beheben m\u00f6chten, ist unser LCD-Videokabel HUADD0BLDLC020110926 die erste Wahl f\u00fcr die Reparatur und Aufr\u00fcstung leistungsstarker Laptops. <\/p>\n<p>Bitte beachten:<\/p>\n<ul>\n<li>Dieses Angebot enth\u00e4lt Fotos des LCD-Videokabels.<\/li>\n<li>Es liegt keine Installationsanleitung bei. Bei Fragen oder Unterst\u00fctzung wenden Sie sich bitte an uns.<\/li>\n<\/ul>\n","protected":false},"excerpt":{"rendered":"<p>HUADD0BLDLC020110926 LCD-Videokabel \u2013 Optimale Anzeigeleistung und Haltbarkeit. Unverzichtbar f\u00fcr Laptop-Reparaturen und -Upgrades.<\/p>\n","protected":false},"featured_media":11098,"template":"","meta":[],"product_brand":[],"product_cat":[56],"product_tag":[],"class_list":{"0":"post-11037","1":"product","2":"type-product","3":"status-publish","4":"has-post-thumbnail","6":"product_cat-cables","8":"first","9":"instock","10":"taxable","11":"shipping-taxable","12":"purchasable","13":"product-type-simple"},"_links":{"self":[{"href":"https:\/\/boreait.com\/de\/wp-json\/wp\/v2\/product\/11037","targetHints":{"allow":["GET"]}}],"collection":[{"href":"https:\/\/boreait.com\/de\/wp-json\/wp\/v2\/product"}],"about":[{"href":"https:\/\/boreait.com\/de\/wp-json\/wp\/v2\/types\/product"}],"wp:featuredmedia":[{"embeddable":true,"href":"https:\/\/boreait.com\/de\/wp-json\/wp\/v2\/media\/11098"}],"wp:attachment":[{"href":"https:\/\/boreait.com\/de\/wp-json\/wp\/v2\/media?parent=11037"}],"wp:term":[{"taxonomy":"product_brand","embeddable":true,"href":"https:\/\/boreait.com\/de\/wp-json\/wp\/v2\/product_brand?post=11037"},{"taxonomy":"product_cat","embeddable":true,"href":"https:\/\/boreait.com\/de\/wp-json\/wp\/v2\/product_cat?post=11037"},{"taxonomy":"product_tag","embeddable":true,"href":"https:\/\/boreait.com\/de\/wp-json\/wp\/v2\/product_tag?post=11037"}],"curies":[{"name":"wp","href":"https:\/\/api.w.org\/{rel}","templated":true}]}}