{"id":10950,"date":"2025-09-15T15:30:55","date_gmt":"2025-09-15T13:30:55","guid":{"rendered":"https:\/\/boreait.com\/de\/?post_type=product&#038;p=10950"},"modified":"2026-01-19T07:59:04","modified_gmt":"2026-01-19T06:59:04","slug":"asus-lcd-blende-13na-1ba0g01-13goa1bx0p04x-2x-fuer-eee-pc-1005hab-b-ca81ca96","status":"publish","type":"product","link":"https:\/\/boreait.com\/de\/produkt\/asus-lcd-blende-13na-1ba0g01-13goa1bx0p04x-2x-fuer-eee-pc-1005hab-b-ca81ca96\/","title":{"rendered":"ASUS LCD-Blende 13NA-1BA0G01 13GOA1BX0P04X-2X f\u00fcr EEE PC 1005HAB (B) (CA81)(CA96)"},"content":{"rendered":"<p>Versch\u00f6nern Sie Ihren EEE PC 1005HAB mit der ASUS LCD-Blende (Teilenummer: 13NA-1BA0G01 13GOA1BX0P04X-2X). Pr\u00e4zise gefertigt und auf Kompatibilit\u00e4t ausgelegt, ist diese Blende der ideale Ersatz f\u00fcr ein frisches und elegantes Erscheinungsbild Ihres Laptops.<\/p>\n<p>Diese LCD-Blende ist kompatibel mit dem EEE PC 1005HAB (B) (CA81)(CA96) und passt perfekt. Sie bietet nicht nur sicheren Schutz f\u00fcr das Display, sondern verleiht Ihrem Laptop auch einen Hauch von Eleganz. Egal, ob Sie eine besch\u00e4digte Blende ersetzen oder einfach f\u00fcr einen frischen Look sorgen m\u00f6chten \u2013 die ASUS LCD-Blende bietet Qualit\u00e4t und Stil.<\/p>\n<p>Hauptmerkmale:<\/p>\n<ul>\n<li>Teilenummer: 13NA-1BA0G01 13GOA1BX0P04X-2X<\/li>\n<li>Kompatibel mit EEE PC 1005HAB (B) (CA81)(CA96)<\/li>\n<li>Pr\u00e4zisionsfertigung f\u00fcr perfekte Passform<\/li>\n<li>Verbessert das Gesamtbild Ihres Laptops<\/li>\n<\/ul>\n<p>Bitte beachten Sie, dass die Produktfotos im Angebot enthalten sind, damit Sie genau sehen k\u00f6nnen, was Sie erhalten. Es liegen keine Installationsanweisungen bei. Bei Fragen oder Unterst\u00fctzung k\u00f6nnen Sie sich gerne an uns wenden. Verleihen Sie Ihrem EEE PC 1005HAB mit der ASUS LCD-Blende ein neues Aussehen und genie\u00dfen Sie ein Notebook, das sowohl funktional als auch elegant ist.<\/p>\n","protected":false},"excerpt":{"rendered":"<p>Optimieren Sie die Optik Ihres EEE PC 1005HAB mit der ASUS LCD-Blende 13NA-1BA0G01 13GOA1BX0P04X-2X. Diese pr\u00e4zise und kompatible Blende ist der perfekte Ersatz f\u00fcr Ihr Notebook und sorgt f\u00fcr ein elegantes und elegantes Erscheinungsbild. Die f\u00fcr den EEE PC 1005HAB (B) (CA81) (CA96) entwickelte Blende f\u00fcgt sich nahtlos ein und verleiht Ihrem Notebook ein frisches und stilvolles Aussehen.<\/p>\n","protected":false},"featured_media":11012,"template":"","meta":[],"product_brand":[],"product_cat":[52],"product_tag":[66],"class_list":{"0":"post-10950","1":"product","2":"type-product","3":"status-publish","4":"has-post-thumbnail","6":"product_cat-laptop-housing","7":"product_tag-asus","9":"first","10":"instock","11":"taxable","12":"shipping-taxable","13":"purchasable","14":"product-type-simple"},"_links":{"self":[{"href":"https:\/\/boreait.com\/de\/wp-json\/wp\/v2\/product\/10950","targetHints":{"allow":["GET"]}}],"collection":[{"href":"https:\/\/boreait.com\/de\/wp-json\/wp\/v2\/product"}],"about":[{"href":"https:\/\/boreait.com\/de\/wp-json\/wp\/v2\/types\/product"}],"wp:featuredmedia":[{"embeddable":true,"href":"https:\/\/boreait.com\/de\/wp-json\/wp\/v2\/media\/11012"}],"wp:attachment":[{"href":"https:\/\/boreait.com\/de\/wp-json\/wp\/v2\/media?parent=10950"}],"wp:term":[{"taxonomy":"product_brand","embeddable":true,"href":"https:\/\/boreait.com\/de\/wp-json\/wp\/v2\/product_brand?post=10950"},{"taxonomy":"product_cat","embeddable":true,"href":"https:\/\/boreait.com\/de\/wp-json\/wp\/v2\/product_cat?post=10950"},{"taxonomy":"product_tag","embeddable":true,"href":"https:\/\/boreait.com\/de\/wp-json\/wp\/v2\/product_tag?post=10950"}],"curies":[{"name":"wp","href":"https:\/\/api.w.org\/{rel}","templated":true}]}}