{"id":10880,"date":"2025-09-15T15:29:18","date_gmt":"2025-09-15T13:29:18","guid":{"rendered":"https:\/\/boreait.com\/de\/?post_type=product&#038;p=10880"},"modified":"2025-09-16T12:51:57","modified_gmt":"2025-09-16T10:51:57","slug":"hp-elitebook-2560p-funktionstastenplatine-6050a2402201-mit-flachbandkabel","status":"publish","type":"product","link":"https:\/\/boreait.com\/de\/produkt\/hp-elitebook-2560p-funktionstastenplatine-6050a2402201-mit-flachbandkabel\/","title":{"rendered":"HP EliteBook 2560p Funktionstastenplatine 6050A2402201 mit Flachbandkabel"},"content":{"rendered":"<p>Steigern Sie die Benutzerfreundlichkeit Ihres HP EliteBook 2560p mit der Funktionstastenplatine 6050A2402201. Komplett mit Flachbandkabel f\u00fcr eine einfache Installation.<\/p>\n<p>Diese Funktionstastenplatine ist ein Original-Ersatzteil von HP und erm\u00f6glicht Ihnen die einfache Steuerung verschiedener Funktionen Ihres EliteBook 2560p. Ob Sie die Multimedia-Steuerung verbessern, die Anzeigeeinstellungen verwalten oder die Energieoptionen optimieren m\u00f6chten \u2013 diese Platine bietet Ihnen die n\u00f6tige Funktionalit\u00e4t.<\/p>\n<p>Hauptmerkmale:<\/p>\n<ul>\n<li>Kompatibel mit HP EliteBook 2560p<\/li>\n<li>Original-Ersatzteil von HP<\/li>\n<li>Funktionstastenplatine mit Flachbandkabel<\/li>\n<li>Verbessern Sie die Laptop-Steuerung und den Komfort<\/li>\n<\/ul>\n<p>R\u00fcsten Sie Ihren Laptop m\u00fchelos mit dieser Funktionstastenplatine auf. Bitte beachten Sie, dass in diesem Angebot Fotos der HP EliteBook 2560p Funktionstastenplatine 6050A2402201 mit Flachbandkabel enthalten sind.<\/p>\n<p>Eine Installationsanleitung liegt nicht bei. Bei Fragen oder f\u00fcr Unterst\u00fctzung wenden Sie sich bitte an uns. Verbessern Sie die Leistung und Funktionalit\u00e4t Ihres HP EliteBook 2560p mit dieser originalen HP Funktionstastenplatine.<\/p>\n","protected":false},"excerpt":{"rendered":"<p>Erweitern Sie die Funktionalit\u00e4t Ihres HP EliteBook 2560p mit der Funktionstastenplatine 6050A2402201. Dieses Original-HP-Teil wird mit einem Flachbandkabel f\u00fcr eine nahtlose Integration geliefert. R\u00fcsten Sie Ihren Laptop mit dieser wichtigen Komponente f\u00fcr verbesserte Kontrolle und Komfort auf.<\/p>\n","protected":false},"featured_media":10930,"template":"","meta":[],"product_brand":[],"product_cat":[63],"product_tag":[61],"class_list":{"0":"post-10880","1":"product","2":"type-product","3":"status-publish","4":"has-post-thumbnail","6":"product_cat-motherboards-board-parts","7":"product_tag-hp","9":"first","10":"instock","11":"taxable","12":"shipping-taxable","13":"purchasable","14":"product-type-simple"},"_links":{"self":[{"href":"https:\/\/boreait.com\/de\/wp-json\/wp\/v2\/product\/10880","targetHints":{"allow":["GET"]}}],"collection":[{"href":"https:\/\/boreait.com\/de\/wp-json\/wp\/v2\/product"}],"about":[{"href":"https:\/\/boreait.com\/de\/wp-json\/wp\/v2\/types\/product"}],"wp:featuredmedia":[{"embeddable":true,"href":"https:\/\/boreait.com\/de\/wp-json\/wp\/v2\/media\/10930"}],"wp:attachment":[{"href":"https:\/\/boreait.com\/de\/wp-json\/wp\/v2\/media?parent=10880"}],"wp:term":[{"taxonomy":"product_brand","embeddable":true,"href":"https:\/\/boreait.com\/de\/wp-json\/wp\/v2\/product_brand?post=10880"},{"taxonomy":"product_cat","embeddable":true,"href":"https:\/\/boreait.com\/de\/wp-json\/wp\/v2\/product_cat?post=10880"},{"taxonomy":"product_tag","embeddable":true,"href":"https:\/\/boreait.com\/de\/wp-json\/wp\/v2\/product_tag?post=10880"}],"curies":[{"name":"wp","href":"https:\/\/api.w.org\/{rel}","templated":true}]}}