{"id":10861,"date":"2025-09-15T15:27:02","date_gmt":"2025-09-15T13:27:02","guid":{"rendered":"https:\/\/boreait.com\/de\/?post_type=product&#038;p=10861"},"modified":"2025-09-16T12:51:55","modified_gmt":"2025-09-16T10:51:55","slug":"hp-compaq-6820s-6050a2137401-0dd-17-0-a02-dvd-player-anschluss-original-oem-teil","status":"publish","type":"product","link":"https:\/\/boreait.com\/de\/produkt\/hp-compaq-6820s-6050a2137401-0dd-17-0-a02-dvd-player-anschluss-original-oem-teil\/","title":{"rendered":"HP Compaq 6820s 6050A2137401-0DD-17.0-A02 DVD-Player-Anschluss \u2013 Original-OEM-Teil"},"content":{"rendered":"<p>R\u00fcsten Sie Ihren HP Compaq 6820s Laptop mit dem originalen HP 6050A2137401-0DD-17.0-A02 DVD-Player-Anschluss auf. Dieses OEM-Teil (Original Equipment Manufacturer) erm\u00f6glicht einen nahtlosen Anschluss Ihres DVD-Players und sorgt so f\u00fcr optimale Leistung.<\/p>\n<p>Hauptmerkmale:<\/p>\n<ul>\n<li>Teilenummer: 6050A2137401-0DD-17.0-A02<\/li>\n<li>Kompatibilit\u00e4t: HP Compaq 6820s<\/li>\n<li>Original HP OEM-Teil<\/li>\n<\/ul>\n<p>Wenn Sie Probleme mit Ihrem aktuellen DVD-Player-Anschluss haben oder einfach einen zuverl\u00e4ssigen Ersatz ben\u00f6tigen, vertrauen Sie auf die Qualit\u00e4t und Kompatibilit\u00e4t von HP Originalteilen. Dieser Anschluss ist perfekt auf Ihren HP Compaq 6820s abgestimmt und gew\u00e4hrleistet eine problemlose Installation und zuverl\u00e4ssige Konnektivit\u00e4t.<\/p>\n<p>Bitte beachten Sie, dass in dieser Auflistung echte Fotos des HP 6050A2137401-0DD-17.0-A02 DVD-Player-Anschlusses enthalten sind. Es liegt keine Installationsanleitung bei. Bei Fragen oder Unterst\u00fctzung wenden Sie sich gerne an uns. R\u00fcsten Sie Ihren Laptop mit diesem Original-HP-Teil auf und erleben Sie nahtlose DVD-Player-Konnektivit\u00e4t.<\/p>\n","protected":false},"excerpt":{"rendered":"<p>Erweitern Sie Ihren HP Compaq 6820s Laptop mit dem originalen HP 6050A2137401-0DD-17.0-A02 DVD-Player-Anschluss. Dieses OEM-Teil gew\u00e4hrleistet perfekte Passform und zuverl\u00e4ssige Leistung f\u00fcr den DVD-Player Ihres Laptops. Bei Verbindungsproblemen oder einem Ersatzanschluss ist dieses Originalprodukt von HP die L\u00f6sung. Vertrauen Sie auf die Qualit\u00e4t und Kompatibilit\u00e4t von HP-Teilen f\u00fcr einen reibungslosen Betrieb Ihres Laptops.<\/p>\n","protected":false},"featured_media":10913,"template":"","meta":[],"product_brand":[],"product_cat":[63],"product_tag":[61],"class_list":{"0":"post-10861","1":"product","2":"type-product","3":"status-publish","4":"has-post-thumbnail","6":"product_cat-motherboards-board-parts","7":"product_tag-hp","9":"first","10":"instock","11":"taxable","12":"shipping-taxable","13":"purchasable","14":"product-type-simple"},"_links":{"self":[{"href":"https:\/\/boreait.com\/de\/wp-json\/wp\/v2\/product\/10861","targetHints":{"allow":["GET"]}}],"collection":[{"href":"https:\/\/boreait.com\/de\/wp-json\/wp\/v2\/product"}],"about":[{"href":"https:\/\/boreait.com\/de\/wp-json\/wp\/v2\/types\/product"}],"wp:featuredmedia":[{"embeddable":true,"href":"https:\/\/boreait.com\/de\/wp-json\/wp\/v2\/media\/10913"}],"wp:attachment":[{"href":"https:\/\/boreait.com\/de\/wp-json\/wp\/v2\/media?parent=10861"}],"wp:term":[{"taxonomy":"product_brand","embeddable":true,"href":"https:\/\/boreait.com\/de\/wp-json\/wp\/v2\/product_brand?post=10861"},{"taxonomy":"product_cat","embeddable":true,"href":"https:\/\/boreait.com\/de\/wp-json\/wp\/v2\/product_cat?post=10861"},{"taxonomy":"product_tag","embeddable":true,"href":"https:\/\/boreait.com\/de\/wp-json\/wp\/v2\/product_tag?post=10861"}],"curies":[{"name":"wp","href":"https:\/\/api.w.org\/{rel}","templated":true}]}}