{"id":10839,"date":"2025-09-15T15:26:37","date_gmt":"2025-09-15T13:26:37","guid":{"rendered":"https:\/\/boreait.com\/de\/?post_type=product&#038;p=10839"},"modified":"2025-09-16T12:51:54","modified_gmt":"2025-09-16T10:51:54","slug":"hp-pavilion-15-ac-15-af-netzschalter-ein-aus-platine-ls-c701p-pk343003u00","status":"publish","type":"product","link":"https:\/\/boreait.com\/de\/produkt\/hp-pavilion-15-ac-15-af-netzschalter-ein-aus-platine-ls-c701p-pk343003u00\/","title":{"rendered":"HP Pavilion 15-AC 15-AF Netzschalter Ein\/Aus-Platine LS-C701P PK343003U00"},"content":{"rendered":"<p>Verleihen Sie Ihrem HP Pavilion 15-AC oder 15-AF Laptop mit der Netzschalterplatine LS-C701P PK343003U00 neuen Schwung. Diese wichtige Komponente erm\u00f6glicht eine pr\u00e4zise Steuerung der Stromversorgung Ihres Laptops und sorgt f\u00fcr ein reibungsloses Benutzererlebnis.<\/p>\n<p>Hauptmerkmale:<\/p>\n<ul>\n<li>Kompatibel mit den Modellen HP Pavilion 15-AC und 15-AF<\/li>\n<li>Original-HP-Ersatzteil<\/li>\n<li>Modell: LS-C701P PK343003U00<\/li>\n<\/ul>\n<p>Die Netzschalterplatine ist ein wichtiges Element f\u00fcr die ordnungsgem\u00e4\u00dfe Funktion des Netzschalters Ihres Laptops. Wenn Sie Probleme beim Ein- und Ausschalten haben, ist diese Ersatzplatine die L\u00f6sung.<\/p>\n<p>Die Installation ist unkompliziert und erfordert keine zus\u00e4tzlichen Anweisungen. Bei Fragen oder Unterst\u00fctzung kontaktieren Sie uns gerne. Unser Angebot enth\u00e4lt Fotos der Ein-\/Aus-Schalterplatine LS-C701P PK343003U00, die den genauen Artikel zeigen, den Sie erhalten.<\/p>\n<p>Bitte beachten Sie, dass diesem Angebot keine Installationsanleitung beiliegt. Sollten Sie Unterst\u00fctzung beim Austausch ben\u00f6tigen, senden Sie uns gerne eine Nachricht. R\u00fcsten Sie Ihren HP Pavilion Laptop mit diesem Original-Ersatzteil von HP auf und profitieren Sie von einer zuverl\u00e4ssigen Stromversorgung f\u00fcr Ihr Ger\u00e4t.<\/p>\n","protected":false},"excerpt":{"rendered":"<p>Erweitern Sie die Funktionalit\u00e4t Ihres HP Pavilion Laptops mit der Netzschalterplatine LS-C701P PK343003U00. Dieses Originalersatzteil gew\u00e4hrleistet einen zuverl\u00e4ssigen Betrieb des Netzschalters und erm\u00f6glicht Ihnen eine pr\u00e4zise Steuerung der Stromversorgung Ihres Laptops. Diese Platine ist kompatibel mit den Modellen HP Pavilion 15-AC und 15-AF und ein wichtiger Bestandteil zur Wiederherstellung der Stromversorgung Ihres Laptops. Vertrauen Sie auf die Qualit\u00e4t und Originalit\u00e4t von HP-Teilen f\u00fcr einen reibungslosen Austausch.<\/p>\n","protected":false},"featured_media":10891,"template":"","meta":[],"product_brand":[],"product_cat":[63],"product_tag":[61],"class_list":{"0":"post-10839","1":"product","2":"type-product","3":"status-publish","4":"has-post-thumbnail","6":"product_cat-motherboards-board-parts","7":"product_tag-hp","9":"first","10":"instock","11":"taxable","12":"shipping-taxable","13":"purchasable","14":"product-type-simple"},"_links":{"self":[{"href":"https:\/\/boreait.com\/de\/wp-json\/wp\/v2\/product\/10839","targetHints":{"allow":["GET"]}}],"collection":[{"href":"https:\/\/boreait.com\/de\/wp-json\/wp\/v2\/product"}],"about":[{"href":"https:\/\/boreait.com\/de\/wp-json\/wp\/v2\/types\/product"}],"wp:featuredmedia":[{"embeddable":true,"href":"https:\/\/boreait.com\/de\/wp-json\/wp\/v2\/media\/10891"}],"wp:attachment":[{"href":"https:\/\/boreait.com\/de\/wp-json\/wp\/v2\/media?parent=10839"}],"wp:term":[{"taxonomy":"product_brand","embeddable":true,"href":"https:\/\/boreait.com\/de\/wp-json\/wp\/v2\/product_brand?post=10839"},{"taxonomy":"product_cat","embeddable":true,"href":"https:\/\/boreait.com\/de\/wp-json\/wp\/v2\/product_cat?post=10839"},{"taxonomy":"product_tag","embeddable":true,"href":"https:\/\/boreait.com\/de\/wp-json\/wp\/v2\/product_tag?post=10839"}],"curies":[{"name":"wp","href":"https:\/\/api.w.org\/{rel}","templated":true}]}}