{"id":10834,"date":"2025-09-15T15:26:36","date_gmt":"2025-09-15T13:26:36","guid":{"rendered":"https:\/\/boreait.com\/de\/?post_type=product&#038;p=10834"},"modified":"2025-09-16T12:51:53","modified_gmt":"2025-09-16T10:51:53","slug":"samsung-st640lm000-hm641ji-rev-a-640-gb-25-zoll-sata-festplatte-hdd-originaler-und-zuverlaessiger-speicher","status":"publish","type":"product","link":"https:\/\/boreait.com\/de\/produkt\/samsung-st640lm000-hm641ji-rev-a-640-gb-25-zoll-sata-festplatte-hdd-originaler-und-zuverlaessiger-speicher\/","title":{"rendered":"Samsung ST640LM000 HM641JI REV.A 640 GB 2,5-Zoll-SATA-Festplatte HDD \u2013 Originaler und zuverl\u00e4ssiger Speicher!"},"content":{"rendered":"<p>Erweitern Sie die Speicherkapazit\u00e4t Ihres Laptops mit der Samsung ST640LM000 HM641JI REV.A 640 GB 2,5-Zoll-SATA-Festplatte. Diese Original-Festplatte von Samsung ist auf Zuverl\u00e4ssigkeit und gro\u00dfz\u00fcgigen Speicherplatz ausgelegt und somit die ideale Wahl f\u00fcr die Erweiterung der Leistungsf\u00e4higkeit Ihres Laptops.<\/p>\n<p>Hauptmerkmale:<\/p>\n<ul>\n<li>Speicherkapazit\u00e4t: 640 GB<\/li>\n<li>Formfaktor: 2,5-Zoll-SATA<\/li>\n<li>Modell: HM641JI REV.A<\/li>\n<li>Original Samsung-Qualit\u00e4t<\/li>\n<li>Getestet mit Hard Disk Sentinel<\/li>\n<\/ul>\n<p>Ob Ihnen der Speicherplatz auf Ihrem aktuellen Laptop ausgeht oder Sie eine alte Festplatte ersetzen m\u00f6chten, die Samsung ST640LM000 ist eine zuverl\u00e4ssige L\u00f6sung. Mit 640 GB Speicherplatz haben Sie Platz f\u00fcr Ihre Dokumente, Multimedia-Inhalte und Mehr.<\/p>\n<p>Der 2,5-Zoll-SATA-Formfaktor gew\u00e4hrleistet Kompatibilit\u00e4t mit einer Vielzahl von Laptops, und die originale Samsung-Qualit\u00e4t garantiert zuverl\u00e4ssige Speicherleistung. Bitte beachten Sie, dass dieses Angebot authentische Fotos der Samsung ST640LM000 HM641JI REV.A 640 GB 2,5-Zoll-SATA-Festplatte enth\u00e4lt und keine Installationsanleitung beiliegt. Bei Fragen oder f\u00fcr weitere Informationen kontaktieren Sie uns gerne.<\/p>\n<p>Erweitern Sie den Speicher Ihres Laptops noch heute mit dieser originalen Samsung-Festplatte und genie\u00dfen Sie ein nahtloses Computererlebnis mit ausreichend Speicherplatz f\u00fcr all Ihre Anforderungen.<\/p>\n","protected":false},"excerpt":{"rendered":"<p>Erweitern Sie den Speicher Ihres Laptops mit der Samsung ST640LM000 HM641JI REV.A 640 GB 2,5-Zoll-SATA-Festplatte. Diese originale Samsung-Festplatte bietet gro\u00dfz\u00fcgige 640 GB zuverl\u00e4ssigen Speicherplatz f\u00fcr Ihre Daten, Anwendungen und Dateien. Der 2,5-Zoll-Formfaktor macht sie ideal f\u00fcr Laptops und gew\u00e4hrleistet Kompatibilit\u00e4t und einfache Installation. Vertrauen Sie auf die Qualit\u00e4t von Samsung f\u00fcr zuverl\u00e4ssige Speicherleistung.<\/p>\n","protected":false},"featured_media":10876,"template":"","meta":[],"product_brand":[],"product_cat":[67],"product_tag":[],"class_list":{"0":"post-10834","1":"product","2":"type-product","3":"status-publish","4":"has-post-thumbnail","6":"product_cat-ssd-hdd-drives","8":"first","9":"instock","10":"taxable","11":"shipping-taxable","12":"purchasable","13":"product-type-simple"},"_links":{"self":[{"href":"https:\/\/boreait.com\/de\/wp-json\/wp\/v2\/product\/10834","targetHints":{"allow":["GET"]}}],"collection":[{"href":"https:\/\/boreait.com\/de\/wp-json\/wp\/v2\/product"}],"about":[{"href":"https:\/\/boreait.com\/de\/wp-json\/wp\/v2\/types\/product"}],"wp:featuredmedia":[{"embeddable":true,"href":"https:\/\/boreait.com\/de\/wp-json\/wp\/v2\/media\/10876"}],"wp:attachment":[{"href":"https:\/\/boreait.com\/de\/wp-json\/wp\/v2\/media?parent=10834"}],"wp:term":[{"taxonomy":"product_brand","embeddable":true,"href":"https:\/\/boreait.com\/de\/wp-json\/wp\/v2\/product_brand?post=10834"},{"taxonomy":"product_cat","embeddable":true,"href":"https:\/\/boreait.com\/de\/wp-json\/wp\/v2\/product_cat?post=10834"},{"taxonomy":"product_tag","embeddable":true,"href":"https:\/\/boreait.com\/de\/wp-json\/wp\/v2\/product_tag?post=10834"}],"curies":[{"name":"wp","href":"https:\/\/api.w.org\/{rel}","templated":true}]}}