{"id":10797,"date":"2025-09-15T15:25:50","date_gmt":"2025-09-15T13:25:50","guid":{"rendered":"https:\/\/boreait.com\/de\/?post_type=product&#038;p=10797"},"modified":"2025-09-16T12:51:49","modified_gmt":"2025-09-16T10:51:49","slug":"lenovo-yoga-2-13-intel-7260ngw-wifi-karte-n7260-20200554-04w3830-04x6009-ruesten-sie-ihre-drahtlose-verbindung-auf","status":"publish","type":"product","link":"https:\/\/boreait.com\/de\/produkt\/lenovo-yoga-2-13-intel-7260ngw-wifi-karte-n7260-20200554-04w3830-04x6009-ruesten-sie-ihre-drahtlose-verbindung-auf\/","title":{"rendered":"Lenovo Yoga 2 13 Intel 7260NGW WiFi-Karte N7260 20200554 04W3830 04X6009 \u2013 R\u00fcsten Sie Ihre drahtlose Verbindung auf!"},"content":{"rendered":"<p>Erweitern Sie die WLAN-Funktionen Ihres Lenovo Yoga 2 13 mit der Intel 7260NGW WLAN-Karte. Diese originale Lenovo WLAN-Karte mit den Modellnummern N7260, 20200554, 04W3830 und 04X6009 bietet Ihnen eine schnellere und zuverl\u00e4ssigere WLAN-Verbindung. <\/p>\n<p>Hauptmerkmale:<\/p>\n<ul>\n<li>Modell: Intel 7260NGW<\/li>\n<li>Kompatibel mit Lenovo Yoga 2 13<\/li>\n<li>Lenovo-Teilenummer: 20200554, 04W3830, 04X6009<\/li>\n<li>Verbessern Sie die WLAN-Leistung Ihres Laptops<\/li>\n<\/ul>\n<p>Ob Sie eine defekte WLAN-Karte ersetzen oder ein Upgrade f\u00fcr verbesserte Konnektivit\u00e4t w\u00fcnschen \u2013 diese Original-Lenovo-Karte gew\u00e4hrleistet Kompatibilit\u00e4t und optimale Leistung mit Ihrem Yoga 2 13.<\/p>\n<p>Bitte beachten Sie, dass dieses Angebot Fotos der Intel 7260NGW WLAN-Karte enth\u00e4lt, die Sie erhalten. Es liegt keine Installationsanleitung bei. Bei Fragen oder Unterst\u00fctzung k\u00f6nnen Sie sich gerne an uns wenden.<\/p>\n<p>Verbessern Sie die WLAN-Funktionen Ihres Lenovo Yoga 2 13 mit dieser zuverl\u00e4ssigen Intel 7260NGW WLAN-Karte. Genie\u00dfen Sie schnellere und stabilere Verbindungen f\u00fcr alle Ihre Online-Aktivit\u00e4ten. Verbessern Sie noch heute Ihr Laptop-Erlebnis!<\/p>\n","protected":false},"excerpt":{"rendered":"<p>Verbessern Sie die Konnektivit\u00e4t Ihres Lenovo Yoga 2 13 mit der Intel 7260NGW WLAN-Karte. Diese originale Lenovo WLAN-Karte mit den Modellnummern N7260, 20200554, 04W3830 und 04X6009 ist das perfekte Upgrade f\u00fcr schnellere und zuverl\u00e4ssigere WLAN-Verbindungen. Bleiben Sie mit den neuesten WLAN-Standards verbunden und genie\u00dfen Sie nahtlose Online-Erlebnisse mit dieser originalen Lenovo WLAN-Karte.<\/p>\n","protected":false},"featured_media":10850,"template":"","meta":[],"product_brand":[],"product_cat":[63],"product_tag":[62],"class_list":{"0":"post-10797","1":"product","2":"type-product","3":"status-publish","4":"has-post-thumbnail","6":"product_cat-motherboards-board-parts","7":"product_tag-lenovo","9":"first","10":"instock","11":"taxable","12":"shipping-taxable","13":"purchasable","14":"product-type-simple"},"_links":{"self":[{"href":"https:\/\/boreait.com\/de\/wp-json\/wp\/v2\/product\/10797","targetHints":{"allow":["GET"]}}],"collection":[{"href":"https:\/\/boreait.com\/de\/wp-json\/wp\/v2\/product"}],"about":[{"href":"https:\/\/boreait.com\/de\/wp-json\/wp\/v2\/types\/product"}],"wp:featuredmedia":[{"embeddable":true,"href":"https:\/\/boreait.com\/de\/wp-json\/wp\/v2\/media\/10850"}],"wp:attachment":[{"href":"https:\/\/boreait.com\/de\/wp-json\/wp\/v2\/media?parent=10797"}],"wp:term":[{"taxonomy":"product_brand","embeddable":true,"href":"https:\/\/boreait.com\/de\/wp-json\/wp\/v2\/product_brand?post=10797"},{"taxonomy":"product_cat","embeddable":true,"href":"https:\/\/boreait.com\/de\/wp-json\/wp\/v2\/product_cat?post=10797"},{"taxonomy":"product_tag","embeddable":true,"href":"https:\/\/boreait.com\/de\/wp-json\/wp\/v2\/product_tag?post=10797"}],"curies":[{"name":"wp","href":"https:\/\/api.w.org\/{rel}","templated":true}]}}