{"id":10768,"date":"2025-09-15T15:25:03","date_gmt":"2025-09-15T13:25:03","guid":{"rendered":"https:\/\/boreait.com\/de\/?post_type=product&#038;p=10768"},"modified":"2026-01-12T10:27:34","modified_gmt":"2026-01-12T09:27:34","slug":"usb-lesegeraet-stromversorgungsplatine-fuer-lenovo-thinkpad-t450-20bu-20bv-20dj-00hn553-ns-a251","status":"publish","type":"product","link":"https:\/\/boreait.com\/de\/produkt\/usb-lesegeraet-stromversorgungsplatine-fuer-lenovo-thinkpad-t450-20bu-20bv-20dj-00hn553-ns-a251\/","title":{"rendered":"USB-Leseger\u00e4t-Stromversorgungsplatine f\u00fcr LENOVO ThinkPad T450 20BU 20BV 20DJ 00HN553 NS-A251"},"content":{"rendered":"<p>Verleihen Sie Ihrem LENOVO ThinkPad T450 (20BU, 20BV, 20DJ) Laptop mit der USB-Lese-\/Stromversorgungsplatine, Modell 00HN553 NS-A251, neuen Schwung. Dieses Originalersatzteil stellt die USB-Funktionalit\u00e4t Ihres Laptops wieder her und verbessert sie, um Kompatibilit\u00e4t und optimale Leistung zu gew\u00e4hrleisten.<\/p>\n<p>Hauptmerkmale:<\/p>\n<ul>\n<li>Kompatibilit\u00e4t: LENOVO ThinkPad T450 (20BU, 20BV, 20DJ)<\/li>\n<li>Modell: 00HN553 NS-A251<\/li>\n<li>Originalersatzteil<\/li>\n<li>USB-Funktionalit\u00e4t wiederherstellen<\/li>\n<\/ul>\n<p>Wenn Sie Probleme mit Ihrer aktuellen USB-Karte haben oder einfach die optimale Leistung Ihres ThinkPad T450 sicherstellen m\u00f6chten, ist diese USB-Lese-\/Stromversorgungsplatine die L\u00f6sung. Dieses einfach zu installierende Board bietet eine zuverl\u00e4ssige und effiziente Verbindung f\u00fcr Ihre USB-Ger\u00e4te.<\/p>\n<p>Bitte beachten Sie, dass die Produktbilder in diesem Angebot reale Fotos des USB-Reader-Power-Boards f\u00fcr das LENOVO ThinkPad T450 20BU 20BV 20DJ 00HN553 NS-A251 zeigen. Es liegt keine Installationsanleitung bei. Bei Fragen oder f\u00fcr weitere Unterst\u00fctzung kontaktieren Sie uns gerne. R\u00fcsten Sie Ihr ThinkPad T450 mit diesem hochwertigen USB-Reader-Power-Board auf und erleben Sie ein reibungsloses Computererlebnis.<\/p>\n","protected":false},"excerpt":{"rendered":"<p>Erweitern Sie Ihr LENOVO ThinkPad T450 (20BU, 20BV, 20DJ) Notebook mit dem USB-Reader-Powerboard. Modell 00HN553 NS-A251. Dieses Powerboard ist ein Original-Ersatzteil und gew\u00e4hrleistet Kompatibilit\u00e4t und optimale Leistung. Tauschen Sie Ihr vorhandenes Board einfach aus, um die USB-Funktionalit\u00e4t wiederherzustellen und maximale Produktivit\u00e4t zu gew\u00e4hrleisten. Vertrauen Sie auf hochwertige Komponenten f\u00fcr Ihr ThinkPad T450.<\/p>\n","protected":false},"featured_media":10827,"template":"","meta":[],"product_brand":[],"product_cat":[63],"product_tag":[62],"class_list":{"0":"post-10768","1":"product","2":"type-product","3":"status-publish","4":"has-post-thumbnail","6":"product_cat-motherboards-board-parts","7":"product_tag-lenovo","9":"first","10":"instock","11":"taxable","12":"shipping-taxable","13":"purchasable","14":"product-type-simple"},"_links":{"self":[{"href":"https:\/\/boreait.com\/de\/wp-json\/wp\/v2\/product\/10768","targetHints":{"allow":["GET"]}}],"collection":[{"href":"https:\/\/boreait.com\/de\/wp-json\/wp\/v2\/product"}],"about":[{"href":"https:\/\/boreait.com\/de\/wp-json\/wp\/v2\/types\/product"}],"wp:featuredmedia":[{"embeddable":true,"href":"https:\/\/boreait.com\/de\/wp-json\/wp\/v2\/media\/10827"}],"wp:attachment":[{"href":"https:\/\/boreait.com\/de\/wp-json\/wp\/v2\/media?parent=10768"}],"wp:term":[{"taxonomy":"product_brand","embeddable":true,"href":"https:\/\/boreait.com\/de\/wp-json\/wp\/v2\/product_brand?post=10768"},{"taxonomy":"product_cat","embeddable":true,"href":"https:\/\/boreait.com\/de\/wp-json\/wp\/v2\/product_cat?post=10768"},{"taxonomy":"product_tag","embeddable":true,"href":"https:\/\/boreait.com\/de\/wp-json\/wp\/v2\/product_tag?post=10768"}],"curies":[{"name":"wp","href":"https:\/\/api.w.org\/{rel}","templated":true}]}}