{"id":10734,"date":"2025-09-15T15:24:15","date_gmt":"2025-09-15T13:24:15","guid":{"rendered":"https:\/\/boreait.com\/de\/?post_type=product&#038;p=10734"},"modified":"2025-09-16T12:51:45","modified_gmt":"2025-09-16T10:51:45","slug":"lautsprecher-fuer-hp-pavilion-15-r130nf-sps-749653-001-6394-original-ersatzteil","status":"publish","type":"product","link":"https:\/\/boreait.com\/de\/produkt\/lautsprecher-fuer-hp-pavilion-15-r130nf-sps-749653-001-6394-original-ersatzteil\/","title":{"rendered":"Lautsprecher f\u00fcr HP Pavilion 15-R130NF SPS-749653-001 (6394) &#8211; Original-Ersatzteil"},"content":{"rendered":"<p>Verbessern Sie die Audioqualit\u00e4t Ihres HP Pavilion 15-R130NF Laptops mit dem Original-Ersatzlautsprecher (Teilenummer: SPS-749653-001 (6394)). Dieser Lautsprecher passt perfekt zu Ihrem Laptop-Modell und ersetzt die Originalkomponente nahtlos.<\/p>\n<p>Hauptmerkmale:<\/p>\n<ul>\n<li>Original-Ersatzlautsprecher<\/li>\n<li>Teilenummer: SPS-749653-001 (6394)<\/li>\n<li>Kompatibilit\u00e4t: HP Pavilion 15-R130NF<\/li>\n<\/ul>\n<p>Stellen Sie den klaren und deutlichen Klang wieder her, den Ihr Laptop verdient. Dieser Ersatzlautsprecher sorgt daf\u00fcr, dass Sie den vom Hersteller vorgesehenen Klang erleben. Er ist eine zuverl\u00e4ssige L\u00f6sung f\u00fcr alle Probleme mit der Audioausgabe Ihres Laptops.<\/p>\n<p>Bitte beachten Sie, dass dieses Angebot Fotos des Lautsprechers enth\u00e4lt, den Sie erhalten. Es liegen keine Installationsanweisungen bei. Sollten Sie jedoch Hilfe ben\u00f6tigen oder Fragen haben, k\u00f6nnen Sie sich gerne an uns wenden. R\u00fcsten Sie das Audiosystem Ihres HP Pavilion 15-R130NF mit diesem Original-Ersatzlautsprecher auf und genie\u00dfen Sie ein beeindruckendes Klangerlebnis.<\/p>\n","protected":false},"excerpt":{"rendered":"<p>Verbessern Sie die Audioqualit\u00e4t Ihres HP Pavilion 15-R130NF mit dem Original-Ersatzlautsprecher (Teilenummer SPS-749653-001 (6394)). Dieser Lautsprecher ist so konzipiert, dass er den vorhandenen Lautsprecher nahtlos ersetzt und optimale Klangleistung gew\u00e4hrleistet. Stellen Sie mit diesem hochwertigen Lautsprecher das volle Klangerlebnis Ihres Laptops wieder her.<\/p>\n","protected":false},"featured_media":10805,"template":"","meta":[],"product_brand":[],"product_cat":[54],"product_tag":[61],"class_list":{"0":"post-10734","1":"product","2":"type-product","3":"status-publish","4":"has-post-thumbnail","6":"product_cat-laptop-speakers","7":"product_tag-hp","9":"first","10":"instock","11":"taxable","12":"shipping-taxable","13":"purchasable","14":"product-type-simple"},"_links":{"self":[{"href":"https:\/\/boreait.com\/de\/wp-json\/wp\/v2\/product\/10734","targetHints":{"allow":["GET"]}}],"collection":[{"href":"https:\/\/boreait.com\/de\/wp-json\/wp\/v2\/product"}],"about":[{"href":"https:\/\/boreait.com\/de\/wp-json\/wp\/v2\/types\/product"}],"wp:featuredmedia":[{"embeddable":true,"href":"https:\/\/boreait.com\/de\/wp-json\/wp\/v2\/media\/10805"}],"wp:attachment":[{"href":"https:\/\/boreait.com\/de\/wp-json\/wp\/v2\/media?parent=10734"}],"wp:term":[{"taxonomy":"product_brand","embeddable":true,"href":"https:\/\/boreait.com\/de\/wp-json\/wp\/v2\/product_brand?post=10734"},{"taxonomy":"product_cat","embeddable":true,"href":"https:\/\/boreait.com\/de\/wp-json\/wp\/v2\/product_cat?post=10734"},{"taxonomy":"product_tag","embeddable":true,"href":"https:\/\/boreait.com\/de\/wp-json\/wp\/v2\/product_tag?post=10734"}],"curies":[{"name":"wp","href":"https:\/\/api.w.org\/{rel}","templated":true}]}}