{"id":10729,"date":"2025-09-15T15:24:14","date_gmt":"2025-09-15T13:24:14","guid":{"rendered":"https:\/\/boreait.com\/de\/?post_type=product&#038;p=10729"},"modified":"2026-01-19T06:42:21","modified_gmt":"2026-01-19T05:42:21","slug":"dc-buchse-fuer-hp-pavilion-dm4-laptop-singatron-6017b0256201-pj178-ersatz-der-strombuchse","status":"publish","type":"product","link":"https:\/\/boreait.com\/de\/produkt\/dc-buchse-fuer-hp-pavilion-dm4-laptop-singatron-6017b0256201-pj178-ersatz-der-strombuchse\/","title":{"rendered":"DC-Buchse f\u00fcr HP Pavilion DM4 Laptop SINGATRON 6017B0256201 PJ178 \u2013 Ersatz der Strombuchse"},"content":{"rendered":"<p>Bringen Sie Ihren HP Pavilion DM4 Laptop mit der SINGATRON 6017B0256201 PJ178 DC-Buchse als Ersatz wieder in Schwung. Diese Komponente sorgt f\u00fcr eine stabile und sichere Verbindung mit dem Netzteil Ihres Laptops.<\/p>\n<p>Hauptmerkmale:<\/p>\n<ul>\n<li>Kompatibles Modell: HP Pavilion DM4<\/li>\n<li>Teilenummer: SINGATRON 6017B0256201 PJ178<\/li>\n<li>Typ: DC-Buchse als Ersatz<\/li>\n<\/ul>\n<p>Sorgen Sie daf\u00fcr, dass Ihr Laptop unterbrechungsfrei mit Strom versorgt wird. Bei Problemen mit der Stromverbindung Ihres HP Pavilion DM4 ist dieses Ersatzteil die zuverl\u00e4ssige L\u00f6sung. Die SINGATRON 6017B0256201 PJ178 erf\u00fcllt hohe Qualit\u00e4tsstandards und bietet Langlebigkeit und konstante Leistung.<\/p>\n<p>Bitte beachten:<\/p>\n<ul>\n<li>Dieses Angebot enth\u00e4lt Fotos der SINGATRON 6017B0256201 PJ178 DC-Buchse f\u00fcr HP Pavilion DM4.<\/li>\n<li>Es liegt keine Installationsanleitung bei. Sollten Sie Hilfe ben\u00f6tigen, schreiben Sie uns gerne.<\/li>\n<\/ul>\n<p>Verleihen Sie Ihrem HP Pavilion DM4 neues Leben, indem Sie die Strombuchse durch die SINGATRON 6017B0256201 PJ178 ersetzen. Bei Fragen oder f\u00fcr weitere Informationen kontaktieren Sie uns gerne. Vertrauen Sie bei Ihrer Laptop-Reparatur auf die Qualit\u00e4t von SINGATRON.<\/p>\n","protected":false},"excerpt":{"rendered":"<p>Ersetzen Sie die Strombuchse Ihres HP Pavilion DM4 Laptops durch die SINGATRON 6017B0256201 PJ178 DC-Buchse. Dieses hochwertige Ersatzteil sorgt f\u00fcr eine sichere und zuverl\u00e4ssige Stromverbindung Ihres Laptops. Kompatibel mit HP Pavilion DM4 Laptops ist es eine wichtige Komponente zur L\u00f6sung von Problemen mit der Stromversorgung. Vertrauen Sie bei der Reparatur Ihres Laptops auf die Langlebigkeit und Leistung von SINGATRON.<\/p>\n","protected":false},"featured_media":10793,"template":"","meta":[],"product_brand":[],"product_cat":[56],"product_tag":[61],"class_list":{"0":"post-10729","1":"product","2":"type-product","3":"status-publish","4":"has-post-thumbnail","6":"product_cat-cables","7":"product_tag-hp","9":"first","10":"instock","11":"taxable","12":"shipping-taxable","13":"purchasable","14":"product-type-simple"},"_links":{"self":[{"href":"https:\/\/boreait.com\/de\/wp-json\/wp\/v2\/product\/10729","targetHints":{"allow":["GET"]}}],"collection":[{"href":"https:\/\/boreait.com\/de\/wp-json\/wp\/v2\/product"}],"about":[{"href":"https:\/\/boreait.com\/de\/wp-json\/wp\/v2\/types\/product"}],"wp:featuredmedia":[{"embeddable":true,"href":"https:\/\/boreait.com\/de\/wp-json\/wp\/v2\/media\/10793"}],"wp:attachment":[{"href":"https:\/\/boreait.com\/de\/wp-json\/wp\/v2\/media?parent=10729"}],"wp:term":[{"taxonomy":"product_brand","embeddable":true,"href":"https:\/\/boreait.com\/de\/wp-json\/wp\/v2\/product_brand?post=10729"},{"taxonomy":"product_cat","embeddable":true,"href":"https:\/\/boreait.com\/de\/wp-json\/wp\/v2\/product_cat?post=10729"},{"taxonomy":"product_tag","embeddable":true,"href":"https:\/\/boreait.com\/de\/wp-json\/wp\/v2\/product_tag?post=10729"}],"curies":[{"name":"wp","href":"https:\/\/api.w.org\/{rel}","templated":true}]}}