{"id":10719,"date":"2025-09-15T15:23:52","date_gmt":"2025-09-15T13:23:52","guid":{"rendered":"https:\/\/boreait.com\/de\/?post_type=product&#038;p=10719"},"modified":"2025-09-16T12:51:45","modified_gmt":"2025-09-16T10:51:45","slug":"touchpad-handauflage-obergehaeuseabdeckung-cn-0w395f-dell-inspiron-1545-1546-laptop","status":"publish","type":"product","link":"https:\/\/boreait.com\/de\/produkt\/touchpad-handauflage-obergehaeuseabdeckung-cn-0w395f-dell-inspiron-1545-1546-laptop\/","title":{"rendered":"Touchpad\/Handauflage-Obergeh\u00e4useabdeckung CN-0W395F \u2013 Dell Inspiron 1545 1546 Laptop"},"content":{"rendered":"<p>Verleihen Sie Ihrem Dell Inspiron 1545 oder 1546 Laptop mit der Touchpad-\/Handballenauflage-Abdeckung CN-0W395F neuen Glanz (ohne Touchpad-Tasten \u2013 diese m\u00fcssen durch die originale Handballenauflage ersetzt werden). Dieses Original-Ersatzteil von Dell bietet eine nahtlose Passform und stellt die urspr\u00fcngliche \u00c4sthetik Ihres Laptops wieder her.<\/p>\n<p>Hauptmerkmale:<\/p>\n<ul>\n<li>Modell: CN-0W395F<\/li>\n<li>Kompatibel mit Dell Inspiron 1545 und 1546 Laptops<\/li>\n<li>Hochwertige Verarbeitung f\u00fcr Pr\u00e4zision und Langlebigkeit<\/li>\n<li>Ideal zum Ersetzen abgenutzter oder besch\u00e4digter Topcase-Abdeckungen<\/li>\n<li>Verbessert das Gesamtbild und die Funktionalit\u00e4t Ihres Laptops<\/li>\n<\/ul>\n<p>Upgraden Sie Ihren Laptop m\u00fchelos, indem Sie die Topcase-Abdeckung durch das Modell CN-0W395F ersetzen. Egal, ob Sie Verschlei\u00dferscheinungen beheben oder einfach das Aussehen Ihres Dell Inspiron auffrischen m\u00f6chten \u2013 diese Topcase-Abdeckung ist die perfekte L\u00f6sung.<\/p>\n<p>Bitte beachten Sie, dass dieses Angebot echte Fotos der Touchpad-\/Handballenauflage-Topcase-Abdeckung CN-0W395F enth\u00e4lt, damit Sie sich ein klares Bild von dem Produkt machen k\u00f6nnen, das Sie erhalten. Es liegt keine Installationsanleitung bei. Bei Fragen oder f\u00fcr Unterst\u00fctzung kontaktieren Sie uns gerne.<\/p>\n<p>Verwandeln Sie Ihr Dell Inspiron 1545 oder 1546 mit diesem Original-Ersatzteil von Dell. Verbessern Sie die \u00c4sthetik und Funktionalit\u00e4t Ihres Laptops mit der Touchpad-\/Handballenauflage-Topcase-Abdeckung CN-0W395F.<\/p>\n","protected":false},"excerpt":{"rendered":"<p>Werten Sie Ihr Dell Inspiron 1545 oder 1546 mit der Touchpad-\/Handauflage-Abdeckung CN-0W395F auf. Diese pr\u00e4zise und langlebige Abdeckung vereint Stil und Funktionalit\u00e4t. Das Modell CN-0W395F bietet eine perfekte Passform und ist eine zuverl\u00e4ssige L\u00f6sung f\u00fcr abgenutzte oder besch\u00e4digte Topcase-Abdeckungen. Optimieren Sie die \u00c4sthetik und Benutzerfreundlichkeit Ihres Laptops mit diesem Original-Ersatzteil von Dell.<\/p>\n","protected":false},"featured_media":10791,"template":"","meta":[],"product_brand":[],"product_cat":[52],"product_tag":[53],"class_list":{"0":"post-10719","1":"product","2":"type-product","3":"status-publish","4":"has-post-thumbnail","6":"product_cat-laptop-housing","7":"product_tag-dell","9":"first","10":"instock","11":"taxable","12":"shipping-taxable","13":"purchasable","14":"product-type-simple"},"_links":{"self":[{"href":"https:\/\/boreait.com\/de\/wp-json\/wp\/v2\/product\/10719","targetHints":{"allow":["GET"]}}],"collection":[{"href":"https:\/\/boreait.com\/de\/wp-json\/wp\/v2\/product"}],"about":[{"href":"https:\/\/boreait.com\/de\/wp-json\/wp\/v2\/types\/product"}],"wp:featuredmedia":[{"embeddable":true,"href":"https:\/\/boreait.com\/de\/wp-json\/wp\/v2\/media\/10791"}],"wp:attachment":[{"href":"https:\/\/boreait.com\/de\/wp-json\/wp\/v2\/media?parent=10719"}],"wp:term":[{"taxonomy":"product_brand","embeddable":true,"href":"https:\/\/boreait.com\/de\/wp-json\/wp\/v2\/product_brand?post=10719"},{"taxonomy":"product_cat","embeddable":true,"href":"https:\/\/boreait.com\/de\/wp-json\/wp\/v2\/product_cat?post=10719"},{"taxonomy":"product_tag","embeddable":true,"href":"https:\/\/boreait.com\/de\/wp-json\/wp\/v2\/product_tag?post=10719"}],"curies":[{"name":"wp","href":"https:\/\/api.w.org\/{rel}","templated":true}]}}