{"id":10717,"date":"2025-09-15T15:23:52","date_gmt":"2025-09-15T13:23:52","guid":{"rendered":"https:\/\/boreait.com\/de\/?post_type=product&#038;p=10717"},"modified":"2025-09-16T12:51:44","modified_gmt":"2025-09-16T10:51:44","slug":"tastatur-fuer-dell-inspiron-1540-1545-1546-1410-p446j-0p446j-0p475j-nskd9301-nsk-d9301-hochwertige-ersatztastatur","status":"publish","type":"product","link":"https:\/\/boreait.com\/de\/produkt\/tastatur-fuer-dell-inspiron-1540-1545-1546-1410-p446j-0p446j-0p475j-nskd9301-nsk-d9301-hochwertige-ersatztastatur\/","title":{"rendered":"Tastatur f\u00fcr Dell Inspiron 1540 1545 1546 1410 P446J 0P446J 0P475J NSKD9301 NSK-D9301 \u2013 Hochwertige Ersatztastatur"},"content":{"rendered":"<p>Funktioniert die Tastatur Ihres Laptops nicht richtig oder fehlen Tasten, was das Tippen erschwert? Verbessern Sie Ihr Tipperlebnis mit dieser hochwertigen Ersatztastatur f\u00fcr die Laptops Dell Inspiron 1540, 1545, 1546 und 1410.<\/p>\n<p><strong>Hauptmerkmale:<\/strong><\/p>\n<ul>\n<li><strong>Kompatibilit\u00e4t:<\/strong> Diese Tastatur ist kompatibel mit den Laptops Dell Inspiron 1540, 1545, 1546 und 1410.<\/li>\n<li><strong>Hochwertiger Ersatz:<\/strong> Genie\u00dfen Sie komfortables Tippen mit dieser hochwertigen Ersatztastatur.<\/li>\n<li><strong>Einfache Installation:<\/strong> Der Austausch der Tastatur ist unkompliziert und kann mit Standardwerkzeugen durchgef\u00fchrt werden. Es sind keine fortgeschrittenen technischen Kenntnisse erforderlich.<\/li>\n<li><strong>Verbessertes Tippen:<\/strong> Stellen Sie die Tastaturfunktionalit\u00e4t Ihres Laptops wieder her und sorgen Sie f\u00fcr pr\u00e4zises und komfortables Tippen.<\/li>\n<li>Artikelnummern: P446J 0P446J 0P475J NSKD9301 NSK-D9301 \u2013 90.4AQ07.A1F<\/li>\n<\/ul>\n<p>Verbessern Sie das Tipperlebnis Ihres Dell Inspiron 1540, 1545, 1546 und 1410 Laptops mit dieser hochwertigen Ersatztastatur. Sorgen Sie f\u00fcr pr\u00e4zises und komfortables Tippen f\u00fcr Ihre Computeranforderungen.<\/p>\n<p>Wenn Sie weitere Produkte anbieten oder zus\u00e4tzliche Informationen ben\u00f6tigen, lassen Sie es mich bitte wissen. Ich helfe Ihnen gerne weiter.<\/p>\n<p>Bitte beachten Sie, dass diese Auflistung echte Fotos der Originaltastatur der HP Envy 17-s-Serie enth\u00e4lt. Es liegt keine Installationsanleitung bei, wir helfen Ihnen jedoch gerne weiter, wenn Sie Fragen haben. Verbessern Sie Ihr Tipperlebnis mit dieser authentischen HP Envy-Tastatur, die f\u00fcr Ihren Laptop der 17-s-Serie entwickelt wurde.<\/p>\n","protected":false},"excerpt":{"rendered":"<p>Ersetzen Sie die Tastatur Ihres Laptops durch diese hochwertige Ersatztastatur f\u00fcr Dell Inspiron 1540, 1545, 1546 und 1410. Genie\u00dfen Sie ein komfortables Tipperlebnis.<\/p>\n","protected":false},"featured_media":10788,"template":"","meta":[],"product_brand":[],"product_cat":[71],"product_tag":[53],"class_list":{"0":"post-10717","1":"product","2":"type-product","3":"status-publish","4":"has-post-thumbnail","6":"product_cat-laptop-keyboard","7":"product_tag-dell","9":"first","10":"instock","11":"taxable","12":"shipping-taxable","13":"purchasable","14":"product-type-simple"},"_links":{"self":[{"href":"https:\/\/boreait.com\/de\/wp-json\/wp\/v2\/product\/10717","targetHints":{"allow":["GET"]}}],"collection":[{"href":"https:\/\/boreait.com\/de\/wp-json\/wp\/v2\/product"}],"about":[{"href":"https:\/\/boreait.com\/de\/wp-json\/wp\/v2\/types\/product"}],"wp:featuredmedia":[{"embeddable":true,"href":"https:\/\/boreait.com\/de\/wp-json\/wp\/v2\/media\/10788"}],"wp:attachment":[{"href":"https:\/\/boreait.com\/de\/wp-json\/wp\/v2\/media?parent=10717"}],"wp:term":[{"taxonomy":"product_brand","embeddable":true,"href":"https:\/\/boreait.com\/de\/wp-json\/wp\/v2\/product_brand?post=10717"},{"taxonomy":"product_cat","embeddable":true,"href":"https:\/\/boreait.com\/de\/wp-json\/wp\/v2\/product_cat?post=10717"},{"taxonomy":"product_tag","embeddable":true,"href":"https:\/\/boreait.com\/de\/wp-json\/wp\/v2\/product_tag?post=10717"}],"curies":[{"name":"wp","href":"https:\/\/api.w.org\/{rel}","templated":true}]}}