{"id":10696,"date":"2025-09-15T15:23:28","date_gmt":"2025-09-15T13:23:28","guid":{"rendered":"https:\/\/boreait.com\/de\/?post_type=product&#038;p=10696"},"modified":"2026-01-19T06:41:10","modified_gmt":"2026-01-19T05:41:10","slug":"dell-inspiron-1545-tastenabdeckung-fuer-stromlautsprecher-0t866f-original-ersatzteil","status":"publish","type":"product","link":"https:\/\/boreait.com\/de\/produkt\/dell-inspiron-1545-tastenabdeckung-fuer-stromlautsprecher-0t866f-original-ersatzteil\/","title":{"rendered":"Dell Inspiron 1545 Tastenabdeckung f\u00fcr Stromlautsprecher 0T866F \u2013 Original-Ersatzteil"},"content":{"rendered":"<p>Verleihen Sie Ihrem Dell Inspiron 1545 mit der originalen Lautsprecherabdeckung f\u00fcr die Ein-\/Aus-Taste (0T866F) ein neues Aussehen. Diese Ersatzabdeckung ist pr\u00e4zise gefertigt und passt perfekt zu Ihrem Laptop.<\/p>\n<p>Hauptmerkmale:<\/p>\n<ul>\n<li>Kompatibilit\u00e4t: Dell Inspiron 1545<\/li>\n<li>Teilenummer: 0T866F<\/li>\n<li>Originalersatzteil von Dell<\/li>\n<li>Sch\u00fctzt den Ein-\/Aus-Schalter und vergr\u00f6\u00dfert den Lautsprecherbereich<\/li>\n<\/ul>\n<p>Ob Ihre aktuelle Abdeckung besch\u00e4digt ist oder Sie das Aussehen Ihres Laptops auffrischen m\u00f6chten \u2013 die Lautsprecherabdeckung f\u00fcr die Ein-\/Aus-Taste (0T866F) f\u00fcr das Dell Inspiron 1545 ist die ideale L\u00f6sung. Stellen Sie mit diesem Originalersatzteil von Dell die urspr\u00fcngliche Optik und Funktionalit\u00e4t Ihres Laptops wieder her.<\/p>\n<p>Bitte beachten Sie, dass dieses Angebot echte Fotos der Lautsprecherabdeckung 0T866F enth\u00e4lt und keine Installationsanleitung enth\u00e4lt. Bei Fragen oder Unterst\u00fctzung kontaktieren Sie uns gerne. Erneuern Sie Ihr Dell Inspiron 1545 mit dieser originalen Ersatzabdeckung und freuen Sie sich \u00fcber ein Notebook, das wie neu aussieht und funktioniert.<\/p>\n","protected":false},"excerpt":{"rendered":"<p>Erneuern Sie Ihr Dell Inspiron 1545 mit der originalen Lautsprecherabdeckung 0T866F. Diese pr\u00e4zise und kompatible Abdeckung sch\u00fctzt den Einschaltknopf Ihres Laptops und sorgt f\u00fcr ein elegantes Design im Lautsprecherbereich. Vertrauen Sie auf die Dell-Qualit\u00e4t f\u00fcr eine nahtlose Passform und versetzen Sie Ihr Notebook in den Originalzustand.<\/p>\n","protected":false},"featured_media":10764,"template":"","meta":[],"product_brand":[],"product_cat":[52],"product_tag":[53],"class_list":{"0":"post-10696","1":"product","2":"type-product","3":"status-publish","4":"has-post-thumbnail","6":"product_cat-laptop-housing","7":"product_tag-dell","9":"first","10":"instock","11":"taxable","12":"shipping-taxable","13":"purchasable","14":"product-type-simple"},"_links":{"self":[{"href":"https:\/\/boreait.com\/de\/wp-json\/wp\/v2\/product\/10696","targetHints":{"allow":["GET"]}}],"collection":[{"href":"https:\/\/boreait.com\/de\/wp-json\/wp\/v2\/product"}],"about":[{"href":"https:\/\/boreait.com\/de\/wp-json\/wp\/v2\/types\/product"}],"wp:featuredmedia":[{"embeddable":true,"href":"https:\/\/boreait.com\/de\/wp-json\/wp\/v2\/media\/10764"}],"wp:attachment":[{"href":"https:\/\/boreait.com\/de\/wp-json\/wp\/v2\/media?parent=10696"}],"wp:term":[{"taxonomy":"product_brand","embeddable":true,"href":"https:\/\/boreait.com\/de\/wp-json\/wp\/v2\/product_brand?post=10696"},{"taxonomy":"product_cat","embeddable":true,"href":"https:\/\/boreait.com\/de\/wp-json\/wp\/v2\/product_cat?post=10696"},{"taxonomy":"product_tag","embeddable":true,"href":"https:\/\/boreait.com\/de\/wp-json\/wp\/v2\/product_tag?post=10696"}],"curies":[{"name":"wp","href":"https:\/\/api.w.org\/{rel}","templated":true}]}}