{"id":10695,"date":"2025-09-15T15:23:27","date_gmt":"2025-09-15T13:23:27","guid":{"rendered":"https:\/\/boreait.com\/de\/?post_type=product&#038;p=10695"},"modified":"2026-01-19T06:40:48","modified_gmt":"2026-01-19T05:40:48","slug":"dell-inspiron-1545-1546-hintere-ram-abdeckung-fuer-laptop-pn-0w228f-original-ersatzteil","status":"publish","type":"product","link":"https:\/\/boreait.com\/de\/produkt\/dell-inspiron-1545-1546-hintere-ram-abdeckung-fuer-laptop-pn-0w228f-original-ersatzteil\/","title":{"rendered":"Dell Inspiron 1545 1546 Hintere RAM-Abdeckung f\u00fcr Laptop PN 0W228F \u2013 Original-Ersatzteil"},"content":{"rendered":"<p>R\u00fcsten Sie Ihr Dell Inspiron 1545 & 1546 Notebook auf und sch\u00fctzen Sie es mit der originalen RAM-R\u00fcckabdeckung (Teilenummer 0W228F). Dieses Original-Ersatzteil von Dell gew\u00e4hrleistet Kompatibilit\u00e4t und nahtlose Passform und sch\u00fctzt das RAM-Modul Ihres Notebooks sicher.<\/p>\n<p>Hauptmerkmale:<\/p>\n<ul>\n<li>Kompatibles Notebook-Modell: Dell Inspiron 1545 1546<\/li>\n<li>Teilenummer (P\/N): 0W228F<\/li>\n<li>Original-Ersatzteil von Dell<\/li>\n<li>Sch\u00fctzt und sichert das RAM-Modul<\/li>\n<li>Einfaches Upgrade oder Austausch besch\u00e4digter Abdeckungen<\/li>\n<\/ul>\n<p>Diese von Dell entwickelte RAM-R\u00fcckabdeckung wird nach h\u00f6chsten Standards gefertigt und garantiert Langlebigkeit und Zuverl\u00e4ssigkeit. Sie ist ein wichtiges Element zum Schutz der internen Komponenten Ihres Notebooks, insbesondere des RAM-Moduls, vor Staub und Besch\u00e4digungen.<\/p>\n<p>Erweitern Sie m\u00fchelos den Arbeitsspeicher Ihres Laptops oder ersetzen Sie eine abgenutzte Abdeckung mit diesem Original-Ersatzteil von Dell. Die einfach zu installierende und perfekt passende Abdeckung gew\u00e4hrleistet die Langlebigkeit und optimale Leistung Ihres Dell Inspiron 1545.<\/p>\n<p>Bitte beachten Sie, dass die Auflistung echte Fotos der hinteren RAM-Abdeckung des Dell Inspiron 1545 und 1546 enth\u00e4lt und keine Installationsanleitung enth\u00e4lt. Bei Fragen oder Unterst\u00fctzung wenden Sie sich gerne an uns. Verbessern Sie den Schutz und die Leistung Ihres Laptops mit diesem Original-Ersatzteil von Dell.<\/p>\n","protected":false},"excerpt":{"rendered":"<p>Verbessern und warten Sie Ihr Dell Inspiron 1545 &#038; 1546 Notebook mit der originalen RAM-R\u00fcckabdeckung. Dieses von Dell hergestellte Ersatzteil mit der Teilenummer 0W228F ist ein direkter Ersatz f\u00fcr die Originalabdeckung und garantiert perfekte Passform. Sch\u00fctzen Sie die internen Komponenten Ihres Notebooks mit dieser hochwertigen Abdeckung, die das RAM-Modul sch\u00fctzt und sichert. Erweitern Sie ganz einfach den Arbeitsspeicher Ihres Notebooks oder ersetzen Sie eine besch\u00e4digte Abdeckung mit diesem Originalteil von Dell.<\/p>\n","protected":false},"featured_media":10762,"template":"","meta":[],"product_brand":[],"product_cat":[52],"product_tag":[53],"class_list":{"0":"post-10695","1":"product","2":"type-product","3":"status-publish","4":"has-post-thumbnail","6":"product_cat-laptop-housing","7":"product_tag-dell","9":"first","10":"instock","11":"taxable","12":"shipping-taxable","13":"purchasable","14":"product-type-simple"},"_links":{"self":[{"href":"https:\/\/boreait.com\/de\/wp-json\/wp\/v2\/product\/10695","targetHints":{"allow":["GET"]}}],"collection":[{"href":"https:\/\/boreait.com\/de\/wp-json\/wp\/v2\/product"}],"about":[{"href":"https:\/\/boreait.com\/de\/wp-json\/wp\/v2\/types\/product"}],"wp:featuredmedia":[{"embeddable":true,"href":"https:\/\/boreait.com\/de\/wp-json\/wp\/v2\/media\/10762"}],"wp:attachment":[{"href":"https:\/\/boreait.com\/de\/wp-json\/wp\/v2\/media?parent=10695"}],"wp:term":[{"taxonomy":"product_brand","embeddable":true,"href":"https:\/\/boreait.com\/de\/wp-json\/wp\/v2\/product_brand?post=10695"},{"taxonomy":"product_cat","embeddable":true,"href":"https:\/\/boreait.com\/de\/wp-json\/wp\/v2\/product_cat?post=10695"},{"taxonomy":"product_tag","embeddable":true,"href":"https:\/\/boreait.com\/de\/wp-json\/wp\/v2\/product_tag?post=10695"}],"curies":[{"name":"wp","href":"https:\/\/api.w.org\/{rel}","templated":true}]}}