{"id":10667,"date":"2025-09-15T15:23:01","date_gmt":"2025-09-15T13:23:01","guid":{"rendered":"https:\/\/boreait.com\/de\/?post_type=product&#038;p=10667"},"modified":"2025-09-16T12:51:38","modified_gmt":"2025-09-16T10:51:38","slug":"hp-cq57-205so-soundspeaker-lautsprecher-647315-001-original-laptop-lautsprecher-ersatz","status":"publish","type":"product","link":"https:\/\/boreait.com\/de\/produkt\/hp-cq57-205so-soundspeaker-lautsprecher-647315-001-original-laptop-lautsprecher-ersatz\/","title":{"rendered":"HP CQ57-205SO Soundspeaker Lautsprecher 647315-001 &#8211; Original Laptop Lautsprecher Ersatz"},"content":{"rendered":"<p>Verbessern Sie den Sound Ihres Laptops mit den Original HP CQ57-205SO Soundspeaker-Lautsprechern 647315-001. Dieser Ersatzlautsprecher passt perfekt in das Modell HP CQ57-205SO und liefert klaren und beeindruckenden Klang f\u00fcr ein verbessertes Multimedia-Erlebnis.<\/p>\n<p>Hauptmerkmale:<\/p>\n<ul>\n<li>Original HP Laptop-Lautsprecher-Ersatz<\/li>\n<li>Modell: HP CQ57-205SO Soundspeaker-Lautsprecher 647315-001<\/li>\n<li>Einfache Installation f\u00fcr ein problemloses Upgrade<\/li>\n<li>Stellt die optimale Audioleistung Ihres Laptops wieder her<\/li>\n<\/ul>\n<p>Ob Sie einen defekten Lautsprecher ersetzen oder die Audiofunktionen Ihres Laptops verbessern m\u00f6chten \u2013 dieses Original HP Ersatzteil ist die perfekte L\u00f6sung. Genie\u00dfen Sie klaren und kristallklaren Sound f\u00fcr Filme, Musik und Videoanrufe.<\/p>\n<p>Bitte beachten Sie, dass dieses Angebot Fotos der HP CQ57-205SO Lautsprecher 647315-001 enth\u00e4lt und keine Installationsanleitung enth\u00e4lt. Bei Fragen oder Unterst\u00fctzung kontaktieren Sie uns gerne. Optimieren Sie das Klangerlebnis Ihres Laptops mit diesem originalen HP Lautsprecherersatz.<\/p>\n","protected":false},"excerpt":{"rendered":"<p>Verbessern Sie die Audioqualit\u00e4t Ihres Laptops mit den HP CQ57-205SO Soundspeaker-Lautsprechern 647315-001. Dieser originale Laptop-Lautsprecher-Ersatz sorgt f\u00fcr klaren und knackigen Klang f\u00fcr ein beeindruckendes Klangerlebnis. Dieser Lautsprecher ist passend f\u00fcr das HP CQ57-205SO-Modell gefertigt, l\u00e4sst sich einfach installieren und erweckt den Sound Ihres Laptops zu neuem Leben. R\u00fcsten Sie Ihren Laptop mit diesem originalen HP-Ersatzteil f\u00fcr optimale Klangleistung auf.<\/p>\n","protected":false},"featured_media":10725,"template":"","meta":[],"product_brand":[],"product_cat":[54],"product_tag":[61],"class_list":{"0":"post-10667","1":"product","2":"type-product","3":"status-publish","4":"has-post-thumbnail","6":"product_cat-laptop-speakers","7":"product_tag-hp","9":"first","10":"instock","11":"taxable","12":"shipping-taxable","13":"purchasable","14":"product-type-simple"},"_links":{"self":[{"href":"https:\/\/boreait.com\/de\/wp-json\/wp\/v2\/product\/10667","targetHints":{"allow":["GET"]}}],"collection":[{"href":"https:\/\/boreait.com\/de\/wp-json\/wp\/v2\/product"}],"about":[{"href":"https:\/\/boreait.com\/de\/wp-json\/wp\/v2\/types\/product"}],"wp:featuredmedia":[{"embeddable":true,"href":"https:\/\/boreait.com\/de\/wp-json\/wp\/v2\/media\/10725"}],"wp:attachment":[{"href":"https:\/\/boreait.com\/de\/wp-json\/wp\/v2\/media?parent=10667"}],"wp:term":[{"taxonomy":"product_brand","embeddable":true,"href":"https:\/\/boreait.com\/de\/wp-json\/wp\/v2\/product_brand?post=10667"},{"taxonomy":"product_cat","embeddable":true,"href":"https:\/\/boreait.com\/de\/wp-json\/wp\/v2\/product_cat?post=10667"},{"taxonomy":"product_tag","embeddable":true,"href":"https:\/\/boreait.com\/de\/wp-json\/wp\/v2\/product_tag?post=10667"}],"curies":[{"name":"wp","href":"https:\/\/api.w.org\/{rel}","templated":true}]}}