{"id":10651,"date":"2025-09-15T15:22:39","date_gmt":"2025-09-15T13:22:39","guid":{"rendered":"https:\/\/boreait.com\/de\/?post_type=product&#038;p=10651"},"modified":"2026-01-19T06:38:41","modified_gmt":"2026-01-19T05:38:41","slug":"hp-6720s-6730s-6735s-6830s-speicher-ram-abdeckung-6070b0374401-6070b0299301","status":"publish","type":"product","link":"https:\/\/boreait.com\/de\/produkt\/hp-6720s-6730s-6735s-6830s-speicher-ram-abdeckung-6070b0374401-6070b0299301\/","title":{"rendered":"HP 6720s 6730s 6735s 6830s Speicher RAM Abdeckung 6070B0374401 6070B0299301"},"content":{"rendered":"<p>Nutzen Sie das Potenzial Ihres HP Laptops mit der HP RAM-Abdeckung f\u00fcr die Modelle 6720s, 6730s, 6735s und 6830s. Diese Originalabdeckung mit den Teilenummern 6070B0374401 und 6070B0299301 erm\u00f6glicht problemlose Speichererweiterungen und -austausch. <\/p>\n<p>Hauptmerkmale:<\/p>\n<ul>\n<li>Kompatible Modelle: HP 6720s, 6730s, 6735s, 6830s<\/li>\n<li>Artikelnummern: 6070B0374401, 6070B0299301<\/li>\n<li>Einfacher Zugriff: Bietet bequemen Zugriff auf das Speichermodul Ihres Laptops<\/li>\n<li>Perfekte Passform: Entwickelt f\u00fcr eine pr\u00e4zise Passform auf bestimmten HP Laptop-Modellen<\/li>\n<\/ul>\n<p>Diese RAM-Abdeckung ist pr\u00e4zise gefertigt und passt perfekt auf Ihren Laptop. So k\u00f6nnen Sie den Speicher einfach und effizient aufr\u00fcsten. Egal, ob Sie die Geschwindigkeit Ihres Laptops steigern oder ein defektes Speichermodul austauschen m\u00f6chten \u2013 diese Abdeckung vereinfacht den Vorgang.<\/p>\n<p>Erweitern Sie den Arbeitsspeicher Ihres Laptops m\u00fchelos, verbessern Sie seine Multitasking-F\u00e4higkeiten und erleben Sie eine verbesserte Gesamtleistung. Vertrauen Sie auf die Qualit\u00e4t von HP Originalteilen f\u00fcr ein zuverl\u00e4ssiges und reibungsloses Upgrade.<\/p>\n<p>Bitte beachten Sie, dass die Auflistung echte Fotos der HP RAM-Abdeckung enth\u00e4lt und keine Installationsanleitung enth\u00e4lt. Bei Fragen oder f\u00fcr weitere Unterst\u00fctzung kontaktieren Sie uns gerne. Steigern Sie die Leistung Ihres Laptops mit dieser originalen HP RAM-Abdeckung.<\/p>\n","protected":false},"excerpt":{"rendered":"<p>Steigern Sie die Leistung Ihres Laptops mit der HP RAM-Abdeckung f\u00fcr die Modelle 6720s, 6730s, 6735s und 6830s. Diese Originalabdeckung (Teilenummer 6070B0374401 und 6070B0299301) bietet einfachen Zugriff auf das Speichermodul Ihres Laptops. Sorgen Sie mit dieser hochwertigen RAM-Abdeckung f\u00fcr nahtlose Upgrades und Austausch. R\u00fcsten Sie den Arbeitsspeicher Ihres Laptops m\u00fchelos auf und steigern Sie die Geschwindigkeit und Multitasking-F\u00e4higkeiten.<\/p>\n","protected":false},"featured_media":10708,"template":"","meta":[],"product_brand":[],"product_cat":[52],"product_tag":[61],"class_list":{"0":"post-10651","1":"product","2":"type-product","3":"status-publish","4":"has-post-thumbnail","6":"product_cat-laptop-housing","7":"product_tag-hp","9":"first","10":"instock","11":"taxable","12":"shipping-taxable","13":"purchasable","14":"product-type-simple"},"_links":{"self":[{"href":"https:\/\/boreait.com\/de\/wp-json\/wp\/v2\/product\/10651","targetHints":{"allow":["GET"]}}],"collection":[{"href":"https:\/\/boreait.com\/de\/wp-json\/wp\/v2\/product"}],"about":[{"href":"https:\/\/boreait.com\/de\/wp-json\/wp\/v2\/types\/product"}],"wp:featuredmedia":[{"embeddable":true,"href":"https:\/\/boreait.com\/de\/wp-json\/wp\/v2\/media\/10708"}],"wp:attachment":[{"href":"https:\/\/boreait.com\/de\/wp-json\/wp\/v2\/media?parent=10651"}],"wp:term":[{"taxonomy":"product_brand","embeddable":true,"href":"https:\/\/boreait.com\/de\/wp-json\/wp\/v2\/product_brand?post=10651"},{"taxonomy":"product_cat","embeddable":true,"href":"https:\/\/boreait.com\/de\/wp-json\/wp\/v2\/product_cat?post=10651"},{"taxonomy":"product_tag","embeddable":true,"href":"https:\/\/boreait.com\/de\/wp-json\/wp\/v2\/product_tag?post=10651"}],"curies":[{"name":"wp","href":"https:\/\/api.w.org\/{rel}","templated":true}]}}