{"id":10605,"date":"2025-09-15T15:21:51","date_gmt":"2025-09-15T13:21:51","guid":{"rendered":"https:\/\/boreait.com\/de\/?post_type=product&#038;p=10605"},"modified":"2025-09-16T12:51:33","modified_gmt":"2025-09-16T10:51:33","slug":"toshiba-satellite-l750-l770-l775-dc-in-stromanschlusskabel-dd0blbpb010-oem","status":"publish","type":"product","link":"https:\/\/boreait.com\/de\/produkt\/toshiba-satellite-l750-l770-l775-dc-in-stromanschlusskabel-dd0blbpb010-oem\/","title":{"rendered":"Toshiba Satellite L750 L770 L775 DC-In-Stromanschlusskabel DD0BLBPB010 OEM"},"content":{"rendered":"<p>R\u00fcsten Sie Ihr Toshiba Satellite L750, L770 oder L775 Notebook mit dem originalen Toshiba Satellite L750 L770 L775 DC-In-Stromanschlusskabel DD0BLBPB010 OEM auf. Dieses OEM-Kabel bietet eine sichere und effiziente Stromversorgung f\u00fcr Ihr Notebook und sorgt f\u00fcr zuverl\u00e4ssiges Laden.<\/p>\n<p>Hauptmerkmale:<\/p>\n<ul>\n<li>OEM DC-In-Stromanschlusskabel<\/li>\n<li>Modell: DD0BLBPB010<\/li>\n<li>Kompatibilit\u00e4t: Toshiba Satellite L750, L770, L775<\/li>\n<li>Zuverl\u00e4ssiges und effizientes Laden<\/li>\n<li>Langlebige Konstruktion aus hochwertigen Materialien<\/li>\n<\/ul>\n<p>Wenn Ihr Notebook Probleme beim Laden hat, ist dieses OEM-Stromanschlusskabel die L\u00f6sung. Pr\u00e4zise gefertigt und auf Kompatibilit\u00e4t ausgelegt, garantiert es eine sichere Verbindung f\u00fcr Ihr Toshiba Satellite Notebook.<\/p>\n<p>Bitte beachten Sie, dass dieses Angebot echte Fotos des Toshiba Satellite L750 L770 L775 DC-In-Stromanschlusskabels DD0BLBPB010 OEM enth\u00e4lt. Es liegt keine Installationsanleitung bei. Bei Fragen oder Unterst\u00fctzung wenden Sie sich bitte an uns. Stellen Sie die Ladefunktion Ihres Laptops mit diesem Original-OEM-Teil von Toshiba wieder her und sorgen Sie f\u00fcr optimale Leistung.<\/p>\n","protected":false},"excerpt":{"rendered":"<p>Ersetzen Sie das DC-In-Stromanschlusskabel Ihres Laptops durch das Original-OEM-Teil DD0BLBPB010 f\u00fcr Toshiba Satellite L750, L770 und L775. Dieses Kabel gew\u00e4hrleistet eine zuverl\u00e4ssige Stromverbindung und erm\u00f6glicht effizientes Laden Ihres Laptops. Die hochwertigen Materialien garantieren Langlebigkeit und Kompatibilit\u00e4t mit den Toshiba Satellite-Modellen L750, L770 und L775. Stellen Sie die Ladefunktion Ihres Laptops mit diesem OEM-Stromanschlusskabel wieder her.<\/p>\n","protected":false},"featured_media":10662,"template":"","meta":[],"product_brand":[],"product_cat":[56],"product_tag":[70],"class_list":{"0":"post-10605","1":"product","2":"type-product","3":"status-publish","4":"has-post-thumbnail","6":"product_cat-cables","7":"product_tag-toshiba","9":"first","10":"instock","11":"taxable","12":"shipping-taxable","13":"purchasable","14":"product-type-simple"},"_links":{"self":[{"href":"https:\/\/boreait.com\/de\/wp-json\/wp\/v2\/product\/10605","targetHints":{"allow":["GET"]}}],"collection":[{"href":"https:\/\/boreait.com\/de\/wp-json\/wp\/v2\/product"}],"about":[{"href":"https:\/\/boreait.com\/de\/wp-json\/wp\/v2\/types\/product"}],"wp:featuredmedia":[{"embeddable":true,"href":"https:\/\/boreait.com\/de\/wp-json\/wp\/v2\/media\/10662"}],"wp:attachment":[{"href":"https:\/\/boreait.com\/de\/wp-json\/wp\/v2\/media?parent=10605"}],"wp:term":[{"taxonomy":"product_brand","embeddable":true,"href":"https:\/\/boreait.com\/de\/wp-json\/wp\/v2\/product_brand?post=10605"},{"taxonomy":"product_cat","embeddable":true,"href":"https:\/\/boreait.com\/de\/wp-json\/wp\/v2\/product_cat?post=10605"},{"taxonomy":"product_tag","embeddable":true,"href":"https:\/\/boreait.com\/de\/wp-json\/wp\/v2\/product_tag?post=10605"}],"curies":[{"name":"wp","href":"https:\/\/api.w.org\/{rel}","templated":true}]}}