{"id":10587,"date":"2025-09-15T15:21:30","date_gmt":"2025-09-15T13:21:30","guid":{"rendered":"https:\/\/boreait.com\/de\/?post_type=product&#038;p=10587"},"modified":"2025-09-16T12:51:33","modified_gmt":"2025-09-16T10:51:33","slug":"hp-pavilion-13-13-b000no-wlan-mappa-wifi-scheda-733476-001-originalersatz","status":"publish","type":"product","link":"https:\/\/boreait.com\/de\/produkt\/hp-pavilion-13-13-b000no-wlan-mappa-wifi-scheda-733476-001-originalersatz\/","title":{"rendered":"HP Pavilion 13 13-b000no WLAN Mappa Wifi Scheda 733476-001 &#8211; Originalersatz"},"content":{"rendered":"<p>Verbessern Sie die WLAN-Funktionen Ihres HP Pavilion 13 13-b000no mit der Original HP WLAN-Karte 733476-001. Diese WLAN-Karte ist ein Originalersatz und garantiert Kompatibilit\u00e4t und zuverl\u00e4ssige Leistung.<\/p>\n<p>Hauptmerkmale:<\/p>\n<ul>\n<li>Modell: HP WLAN-Karte 733476-001<\/li>\n<li>Kompatibilit\u00e4t: HP Pavilion 13 13-b000no<\/li>\n<li>Original HP Produkt f\u00fcr Authentizit\u00e4t und Qualit\u00e4tssicherung<\/li>\n<\/ul>\n<p>Sorgen Sie mit dieser Original HP WLAN-Karte f\u00fcr eine stabile und schnelle WLAN-Verbindung Ihres Laptops. Egal, ob Sie eine defekte Karte ersetzen oder f\u00fcr eine bessere Leistung aufr\u00fcsten m\u00f6chten \u2013 die HP WLAN-Karte 733476-001 ist die ideale Wahl.<\/p>\n<p>Bitte beachten Sie, dass die Auflistung aktuelle Fotos der HP WLAN-Karte 733476-001 enth\u00e4lt und keine Installationsanleitung enth\u00e4lt. Bei Fragen oder f\u00fcr weitere Unterst\u00fctzung kontaktieren Sie uns gerne. Verbessern Sie das WLAN-Erlebnis Ihres HP Pavilion 13 mit dieser originalen HP WLAN-Karte.<\/p>\n","protected":false},"excerpt":{"rendered":"<p>Verbessern Sie die WLAN-Konnektivit\u00e4t Ihres HP Pavilion 13 13-b000no mit der Original HP WLAN-Karte 733476-001. Diese WLAN-Karte sorgt f\u00fcr eine zuverl\u00e4ssige und schnelle Verbindung und ist der ideale Ersatz f\u00fcr die vorhandene Karte Ihres Laptops. Vertrauen Sie auf die Originalit\u00e4t und Qualit\u00e4t von HP f\u00fcr nahtlose WLAN-Performance.<\/p>\n","protected":false},"featured_media":10656,"template":"","meta":[],"product_brand":[],"product_cat":[63],"product_tag":[61],"class_list":{"0":"post-10587","1":"product","2":"type-product","3":"status-publish","4":"has-post-thumbnail","6":"product_cat-motherboards-board-parts","7":"product_tag-hp","9":"first","10":"instock","11":"taxable","12":"shipping-taxable","13":"purchasable","14":"product-type-simple"},"_links":{"self":[{"href":"https:\/\/boreait.com\/de\/wp-json\/wp\/v2\/product\/10587","targetHints":{"allow":["GET"]}}],"collection":[{"href":"https:\/\/boreait.com\/de\/wp-json\/wp\/v2\/product"}],"about":[{"href":"https:\/\/boreait.com\/de\/wp-json\/wp\/v2\/types\/product"}],"wp:featuredmedia":[{"embeddable":true,"href":"https:\/\/boreait.com\/de\/wp-json\/wp\/v2\/media\/10656"}],"wp:attachment":[{"href":"https:\/\/boreait.com\/de\/wp-json\/wp\/v2\/media?parent=10587"}],"wp:term":[{"taxonomy":"product_brand","embeddable":true,"href":"https:\/\/boreait.com\/de\/wp-json\/wp\/v2\/product_brand?post=10587"},{"taxonomy":"product_cat","embeddable":true,"href":"https:\/\/boreait.com\/de\/wp-json\/wp\/v2\/product_cat?post=10587"},{"taxonomy":"product_tag","embeddable":true,"href":"https:\/\/boreait.com\/de\/wp-json\/wp\/v2\/product_tag?post=10587"}],"curies":[{"name":"wp","href":"https:\/\/api.w.org\/{rel}","templated":true}]}}