{"id":10581,"date":"2025-09-15T15:21:29","date_gmt":"2025-09-15T13:21:29","guid":{"rendered":"https:\/\/boreait.com\/de\/?post_type=product&#038;p=10581"},"modified":"2025-09-16T12:51:32","modified_gmt":"2025-09-16T10:51:32","slug":"dell-inspiron-15451546-webcamcamera-u620f-0u620f-original-oem-ersatz","status":"publish","type":"product","link":"https:\/\/boreait.com\/de\/produkt\/dell-inspiron-15451546-webcamcamera-u620f-0u620f-original-oem-ersatz\/","title":{"rendered":"Dell Inspiron 15451546 WebcamCamera \u2013 U620F 0U620F \u2013 Original OEM-Ersatz"},"content":{"rendered":"<p>Verbessern Sie Ihre Online-Kommunikation mit der originalen Dell Inspiron 1545\/1546 Webcam\/Kamera \u2013 U620F 0U620F. Diese Webcam ist ein perfekter OEM-Ersatz f\u00fcr Ihr Dell Inspiron 1545 oder 1546 Notebook und sorgt f\u00fcr erstklassige Videoqualit\u00e4t bei virtuellen Meetings, Online-Kursen oder beim Austausch mit Freunden und Familie.<\/p>\n<p>Hauptmerkmale:<\/p>\n<ul>\n<li>Kompatibel mit Dell Inspiron 1545\/1546 Notebooks<\/li>\n<li>Original-OEM-Ersatz<\/li>\n<li>Modell: U620F 0U620F<\/li>\n<li>Kristallklare Videoqualit\u00e4t<\/li>\n<\/ul>\n<p>Ob Ihre aktuelle Webcam defekt ist oder Sie Ihr Dell Notebook aufr\u00fcsten m\u00f6chten \u2013 das Modell U620F 0U620F bietet die perfekte L\u00f6sung. Es liegt keine Installationsanleitung bei. Bei Fragen oder f\u00fcr weitere Informationen kontaktieren Sie uns gerne.<\/p>\n<p>Bitte beachten Sie, dass die Auflistung echte Fotos der Dell Inspiron 1545\/1546 Webcam\/Kamera \u2013 U620F 0U620F enth\u00e4lt. Verbessern Sie die Funktionen und die visuelle Kommunikation Ihres Laptops mit diesem Original-Ersatz-Webcam. Bei Fragen oder f\u00fcr weitere Informationen kontaktieren Sie uns gerne. R\u00fcsten Sie Ihren Dell Inspiron Laptop noch heute auf und genie\u00dfen Sie \u00fcberragende Videoqualit\u00e4t und Kommunikation.<\/p>\n","protected":false},"excerpt":{"rendered":"<p>Verbessern Sie Ihre Videokonferenzen und Online-Kommunikation mit der Dell Inspiron 1545\/1546 Webcam\/Kamera \u2013 U620F 0U620F. Dieses Original-Ersatzteil sorgt f\u00fcr kristallklare Bilder und ist die ideale L\u00f6sung f\u00fcr Ihr Dell Inspiron 1545 oder 1546 Notebook. Erweitern Sie die Leistung Ihres Notebooks mit dieser hochwertigen Webcam.<\/p>\n","protected":false},"featured_media":10640,"template":"","meta":[],"product_brand":[],"product_cat":[59],"product_tag":[53],"class_list":{"0":"post-10581","1":"product","2":"type-product","3":"status-publish","4":"has-post-thumbnail","6":"product_cat-laptop-camera","7":"product_tag-dell","9":"first","10":"instock","11":"taxable","12":"shipping-taxable","13":"purchasable","14":"product-type-simple"},"_links":{"self":[{"href":"https:\/\/boreait.com\/de\/wp-json\/wp\/v2\/product\/10581","targetHints":{"allow":["GET"]}}],"collection":[{"href":"https:\/\/boreait.com\/de\/wp-json\/wp\/v2\/product"}],"about":[{"href":"https:\/\/boreait.com\/de\/wp-json\/wp\/v2\/types\/product"}],"wp:featuredmedia":[{"embeddable":true,"href":"https:\/\/boreait.com\/de\/wp-json\/wp\/v2\/media\/10640"}],"wp:attachment":[{"href":"https:\/\/boreait.com\/de\/wp-json\/wp\/v2\/media?parent=10581"}],"wp:term":[{"taxonomy":"product_brand","embeddable":true,"href":"https:\/\/boreait.com\/de\/wp-json\/wp\/v2\/product_brand?post=10581"},{"taxonomy":"product_cat","embeddable":true,"href":"https:\/\/boreait.com\/de\/wp-json\/wp\/v2\/product_cat?post=10581"},{"taxonomy":"product_tag","embeddable":true,"href":"https:\/\/boreait.com\/de\/wp-json\/wp\/v2\/product_tag?post=10581"}],"curies":[{"name":"wp","href":"https:\/\/api.w.org\/{rel}","templated":true}]}}