{"id":10579,"date":"2025-09-15T15:21:28","date_gmt":"2025-09-15T13:21:28","guid":{"rendered":"https:\/\/boreait.com\/de\/?post_type=product&#038;p=10579"},"modified":"2025-09-16T12:51:32","modified_gmt":"2025-09-16T10:51:32","slug":"da0bl6pi6e0-original-oem-toshiba-touchpad-on-off-board-mit-kabel-satellite-l755","status":"publish","type":"product","link":"https:\/\/boreait.com\/de\/produkt\/da0bl6pi6e0-original-oem-toshiba-touchpad-on-off-board-mit-kabel-satellite-l755\/","title":{"rendered":"DA0BL6PI6E0 Original OEM Toshiba Touchpad On\/Off Board mit Kabel Satellite L755"},"content":{"rendered":"<p>Verleihen Sie Ihrem Toshiba Satellite L755 mit der originalen Toshiba Touchpad-On\/Off-Platine DA0BL6PI6E0 inklusive Kabel neuen Schwung. Diese Touchpad-Platine erm\u00f6glicht eine pr\u00e4zise und reaktionsschnelle Steuerung Ihres Laptops und sorgt f\u00fcr ein reibungsloses und angenehmes Benutzererlebnis.<\/p>\n<p>Hauptmerkmale:<\/p>\n<ul>\n<li>Teilenummer: DA0BL6PI6E0<\/li>\n<li>Original Toshiba Touchpad-On\/Off-Platine<\/li>\n<li>Inklusive Kabel<\/li>\n<li>Kompatibel mit Toshiba Satellite L755<\/li>\n<\/ul>\n<p>Ob Sie ein defektes Touchpad austauschen oder Ihr Laptop aufr\u00fcsten, diese originale Toshiba Touchpad-Platine garantiert Kompatibilit\u00e4t und zuverl\u00e4ssige Leistung. Das mitgelieferte Kabel sorgt f\u00fcr eine problemlose Installation und sorgt daf\u00fcr, dass Ihr Laptop im Handumdrehen wieder optimal funktioniert.<\/p>\n<p>Bitte beachten Sie, dass die Auflistung echte Fotos des Original-OEM-Toshiba-Touchpad-On\/Off-Boards DA0BL6PI6E0 mit Kabel f\u00fcr das Toshiba Satellite L755 enth\u00e4lt. Es liegt keine Installationsanleitung bei, aber Sie erhalten Hilfe per E-Mail. Bei Fragen oder f\u00fcr weitere Informationen kontaktieren Sie uns gerne. Stellen Sie die Touchpad-Funktionalit\u00e4t Ihres Toshiba Satellite L755 mit diesem Original-Toshiba-Ersatzteil wieder her.<\/p>\n","protected":false},"excerpt":{"rendered":"<p>Erweitern Sie Ihr Toshiba Satellite L755 mit dem Original Toshiba Touchpad On\/Off Board DA0BL6PI6E0. Dieses Touchpad-Board inklusive Kabel sorgt f\u00fcr reibungslose Navigation und Steuerung Ihres Laptops. Hergestellt mit Toshibas Qualit\u00e4tsanspruch, ist es der perfekte Ersatz f\u00fcr ein abgenutztes oder defektes Touchpad. Stellen Sie mit diesem Original Toshiba Touchpad Board die volle Funktionalit\u00e4t Ihres Laptops wieder her.<\/p>\n","protected":false},"featured_media":10637,"template":"","meta":[],"product_brand":[],"product_cat":[63],"product_tag":[70],"class_list":{"0":"post-10579","1":"product","2":"type-product","3":"status-publish","4":"has-post-thumbnail","6":"product_cat-motherboards-board-parts","7":"product_tag-toshiba","9":"first","10":"instock","11":"taxable","12":"shipping-taxable","13":"purchasable","14":"product-type-simple"},"_links":{"self":[{"href":"https:\/\/boreait.com\/de\/wp-json\/wp\/v2\/product\/10579","targetHints":{"allow":["GET"]}}],"collection":[{"href":"https:\/\/boreait.com\/de\/wp-json\/wp\/v2\/product"}],"about":[{"href":"https:\/\/boreait.com\/de\/wp-json\/wp\/v2\/types\/product"}],"wp:featuredmedia":[{"embeddable":true,"href":"https:\/\/boreait.com\/de\/wp-json\/wp\/v2\/media\/10637"}],"wp:attachment":[{"href":"https:\/\/boreait.com\/de\/wp-json\/wp\/v2\/media?parent=10579"}],"wp:term":[{"taxonomy":"product_brand","embeddable":true,"href":"https:\/\/boreait.com\/de\/wp-json\/wp\/v2\/product_brand?post=10579"},{"taxonomy":"product_cat","embeddable":true,"href":"https:\/\/boreait.com\/de\/wp-json\/wp\/v2\/product_cat?post=10579"},{"taxonomy":"product_tag","embeddable":true,"href":"https:\/\/boreait.com\/de\/wp-json\/wp\/v2\/product_tag?post=10579"}],"curies":[{"name":"wp","href":"https:\/\/api.w.org\/{rel}","templated":true}]}}