{"id":10575,"date":"2025-09-15T15:21:28","date_gmt":"2025-09-15T13:21:28","guid":{"rendered":"https:\/\/boreait.com\/de\/?post_type=product&#038;p=10575"},"modified":"2025-09-16T12:51:31","modified_gmt":"2025-09-16T10:51:31","slug":"hp-749649-001-ls-a993p-nbx0001jx00-oem-usb-platine-mit-kabel-fuer-15-r110dx","status":"publish","type":"product","link":"https:\/\/boreait.com\/de\/produkt\/hp-749649-001-ls-a993p-nbx0001jx00-oem-usb-platine-mit-kabel-fuer-15-r110dx\/","title":{"rendered":"HP 749649-001 LS-A993P NBX0001JX00 OEM-USB-Platine mit Kabel f\u00fcr 15-R110DX"},"content":{"rendered":"<p>Verbessern Sie die Konnektivit\u00e4t Ihres HP 15-R110DX Laptops mit der OEM HP USB-Karte, Modell 749649-001 LS-A993P NBX0001JX00. Dieses Original-HP-Teil wird mit einem beiliegenden Kabel f\u00fcr eine einfache und problemlose Installation geliefert.<\/p>\n<p>Hauptmerkmale:<\/p>\n<ul>\n<li>Teilenummer: 749649-001 LS-A993P NBX0001JX00<\/li>\n<li>OEM HP USB-Karte<\/li>\n<li>Mit beiliegendem Kabel<\/li>\n<li>Kompatibel mit dem HP 15-R110DX Laptopmodell<\/li>\n<\/ul>\n<p>Sorgen Sie mit dieser originalen HP USB-Karte daf\u00fcr, dass Ihr Laptop stets verbunden und funktionsf\u00e4hig bleibt. Egal, ob Sie eine defekte Karte ersetzen oder die Leistung Ihres Laptops verbessern m\u00f6chten \u2013 diese OEM-Komponente garantiert Kompatibilit\u00e4t und Zuverl\u00e4ssigkeit.<\/p>\n<p>Bitte beachten Sie, dass die Auflistung echte Fotos des HP 749649-001 LS-A993P NBX0001JX00 OEM-USB-Boards mit Kabel f\u00fcr das 15-R110DX-Notebook enth\u00e4lt. Es liegt keine Installationsanleitung bei. Bei Fragen oder Unterst\u00fctzung k\u00f6nnen Sie sich jedoch gerne an uns wenden. Verbessern Sie die Konnektivit\u00e4t Ihres Laptops mit diesem Original HP USB-Board und genie\u00dfen Sie reibungslose Leistung.<\/p>\n","protected":false},"excerpt":{"rendered":"<p>Verbessern Sie die Konnektivit\u00e4t Ihres HP 15-R110DX Laptops mit dem OEM HP USB-Board. Modell 749649-001 LS-A993P NBX0001JX00 wird mit einem integrierten Kabel f\u00fcr eine einfache Installation geliefert. Sorgen Sie mit diesem originalen HP USB-Board daf\u00fcr, dass Ihr Laptop stets verbunden und funktionsf\u00e4hig bleibt.<\/p>\n","protected":false},"featured_media":10621,"template":"","meta":[],"product_brand":[],"product_cat":[63],"product_tag":[61],"class_list":{"0":"post-10575","1":"product","2":"type-product","3":"status-publish","4":"has-post-thumbnail","6":"product_cat-motherboards-board-parts","7":"product_tag-hp","9":"first","10":"instock","11":"taxable","12":"shipping-taxable","13":"purchasable","14":"product-type-simple"},"_links":{"self":[{"href":"https:\/\/boreait.com\/de\/wp-json\/wp\/v2\/product\/10575","targetHints":{"allow":["GET"]}}],"collection":[{"href":"https:\/\/boreait.com\/de\/wp-json\/wp\/v2\/product"}],"about":[{"href":"https:\/\/boreait.com\/de\/wp-json\/wp\/v2\/types\/product"}],"wp:featuredmedia":[{"embeddable":true,"href":"https:\/\/boreait.com\/de\/wp-json\/wp\/v2\/media\/10621"}],"wp:attachment":[{"href":"https:\/\/boreait.com\/de\/wp-json\/wp\/v2\/media?parent=10575"}],"wp:term":[{"taxonomy":"product_brand","embeddable":true,"href":"https:\/\/boreait.com\/de\/wp-json\/wp\/v2\/product_brand?post=10575"},{"taxonomy":"product_cat","embeddable":true,"href":"https:\/\/boreait.com\/de\/wp-json\/wp\/v2\/product_cat?post=10575"},{"taxonomy":"product_tag","embeddable":true,"href":"https:\/\/boreait.com\/de\/wp-json\/wp\/v2\/product_tag?post=10575"}],"curies":[{"name":"wp","href":"https:\/\/api.w.org\/{rel}","templated":true}]}}