{"id":10560,"date":"2025-09-15T15:21:06","date_gmt":"2025-09-15T13:21:06","guid":{"rendered":"https:\/\/boreait.com\/de\/?post_type=product&#038;p=10560"},"modified":"2026-01-18T13:59:21","modified_gmt":"2026-01-18T12:59:21","slug":"3pbl7pb0020-original-toshiba-power-button-board-fuer-l755-l755-s5110","status":"publish","type":"product","link":"https:\/\/boreait.com\/de\/produkt\/3pbl7pb0020-original-toshiba-power-button-board-fuer-l755-l755-s5110\/","title":{"rendered":"3PBL7PB0020 Original Toshiba Power Button Board f\u00fcr L755 L755-S5110"},"content":{"rendered":"<p>R\u00fcsten Sie Ihr Toshiba Satellite L755 L755-S5110 Notebook mit der Original-Netzschalterplatine von Toshiba (Teilenummer: 3PBL7PB0020) auf. Dieses Original-Ersatzteil von Toshiba ist ein zuverl\u00e4ssiger Ersatz f\u00fcr die Netzschalterplatine Ihres Notebooks und gew\u00e4hrleistet eine reibungslose Stromversorgung.<\/p>\n<p>Hauptmerkmale:<\/p>\n<ul>\n<li>Teilenummer: 3PBL7PB0020<\/li>\n<li>Kompatibilit\u00e4t: Toshiba Satellite L755 L755-S5110<\/li>\n<li>Original-Toshiba-Ersatzteil f\u00fcr zuverl\u00e4ssige Leistung<\/li>\n<\/ul>\n<p>Die Netzschalterplatine ist ein wichtiges Bauteil zum Ein- und Ausschalten Ihres Notebooks. Wenn Sie Probleme mit dem Netzschalter haben, sorgt dieses Original-Ersatzteil von Toshiba daf\u00fcr, dass Ihr Notebook reibungslos funktioniert.<\/p>\n<p>Bitte beachten Sie, dass dieses Angebot Fotos der originalen Toshiba-Netzschalterplatine 3PBL7PB0020 enth\u00e4lt und keine Installationsanleitung enth\u00e4lt. Bei Fragen oder f\u00fcr weitere Unterst\u00fctzung kontaktieren Sie uns gerne. R\u00fcsten Sie Ihr Toshiba Satellite L755 L755-S5110 mit diesem originalen Toshiba-Ersatzteil auf.<\/p>\n","protected":false},"excerpt":{"rendered":"<p>Ersetzen Sie die Netzschalterplatine Ihres Toshiba Satellite L755 L755-S5110 Laptops durch dieses Originalteil 3PBL7PB0020 von Toshiba. Sorgen Sie f\u00fcr eine zuverl\u00e4ssige Stromversorgung Ihres Laptops. Authentische Toshiba-Qualit\u00e4t f\u00fcr einen reibungslosen Austausch.<\/p>\n","protected":false},"featured_media":10613,"template":"","meta":[],"product_brand":[],"product_cat":[63],"product_tag":[70],"class_list":{"0":"post-10560","1":"product","2":"type-product","3":"status-publish","4":"has-post-thumbnail","6":"product_cat-motherboards-board-parts","7":"product_tag-toshiba","9":"first","10":"instock","11":"taxable","12":"shipping-taxable","13":"purchasable","14":"product-type-simple"},"_links":{"self":[{"href":"https:\/\/boreait.com\/de\/wp-json\/wp\/v2\/product\/10560","targetHints":{"allow":["GET"]}}],"collection":[{"href":"https:\/\/boreait.com\/de\/wp-json\/wp\/v2\/product"}],"about":[{"href":"https:\/\/boreait.com\/de\/wp-json\/wp\/v2\/types\/product"}],"wp:featuredmedia":[{"embeddable":true,"href":"https:\/\/boreait.com\/de\/wp-json\/wp\/v2\/media\/10613"}],"wp:attachment":[{"href":"https:\/\/boreait.com\/de\/wp-json\/wp\/v2\/media?parent=10560"}],"wp:term":[{"taxonomy":"product_brand","embeddable":true,"href":"https:\/\/boreait.com\/de\/wp-json\/wp\/v2\/product_brand?post=10560"},{"taxonomy":"product_cat","embeddable":true,"href":"https:\/\/boreait.com\/de\/wp-json\/wp\/v2\/product_cat?post=10560"},{"taxonomy":"product_tag","embeddable":true,"href":"https:\/\/boreait.com\/de\/wp-json\/wp\/v2\/product_tag?post=10560"}],"curies":[{"name":"wp","href":"https:\/\/api.w.org\/{rel}","templated":true}]}}