{"id":10545,"date":"2025-09-15T15:20:43","date_gmt":"2025-09-15T13:20:43","guid":{"rendered":"https:\/\/boreait.com\/de\/?post_type=product&#038;p=10545"},"modified":"2025-09-16T12:51:30","modified_gmt":"2025-09-16T10:51:30","slug":"dell-inspiron-1545-dc-stromanschluss-usb-vga-ethernet-board-48-4aq03-011-ersatz","status":"publish","type":"product","link":"https:\/\/boreait.com\/de\/produkt\/dell-inspiron-1545-dc-stromanschluss-usb-vga-ethernet-board-48-4aq03-011-ersatz\/","title":{"rendered":"DELL Inspiron 1545 DC-Stromanschluss USB VGA Ethernet Board 48.4AQ03.011 Ersatz"},"content":{"rendered":"<p>Verleihen Sie Ihrem DELL Inspiron 1545 mit der Ersatz-DC-Stromanschluss-USB-VGA-Ethernet-Karte 48.4AQ03.011 neues Leben. Diese Karte stellt wichtige Funktionen wie Stromanschluss, USB-Anschl\u00fcsse, VGA-Ausgang und Ethernet-Verbindung wieder her.<\/p>\n<p>Hauptmerkmale:<\/p>\n<ul>\n<li>Kompatibles Modell: DELL Inspiron 1545<\/li>\n<li>Teilenummer: 48.4AQ03.011<\/li>\n<li>Ersatzkarte f\u00fcr DC-Stromanschluss, USB, VGA und Ethernet<\/li>\n<li>Originalteil von DELL f\u00fcr perfekte Passform<\/li>\n<\/ul>\n<p>Ob Ihre aktuelle Karte besch\u00e4digt oder defekt ist, dieses Ersatzteil sorgt f\u00fcr optimale Leistung und erm\u00f6glicht Ihnen, Ihren Laptop problemlos mit Strom zu versorgen und verschiedene Ger\u00e4te anzuschlie\u00dfen. Die DELL Inspiron 1545 DC-Stromanschluss-USB-VGA-Ethernet-Karte 48.4AQ03.011 ist ein Originalteil und garantiert Kompatibilit\u00e4t und Zuverl\u00e4ssigkeit.<\/p>\n<p>Bitte beachten Sie, dass dieses Angebot Fotos der Ersatzkarte enth\u00e4lt. Es liegt keine Installationsanleitung bei. Sollten Sie jedoch Fragen haben oder Hilfe ben\u00f6tigen, k\u00f6nnen Sie sich gerne an uns wenden.<\/p>\n<p>Erneuern Sie die Leistung Ihres DELL Inspiron 1545 mit dieser unverzichtbaren Ersatzkarte. Stellen Sie Strom und Konnektivit\u00e4t mit der originalen DELL DC-Stromanschluss-USB-VGA-Ethernet-Karte 48.4AQ03.011 wieder her. Verbessern Sie noch heute die Leistung Ihres Laptops.<\/p>\n","protected":false},"excerpt":{"rendered":"<p>Erneuern Sie Ihr Dell Inspiron 1545 mit dem DC Power Jack USB VGA Ethernet Board 48.4AQ03.011. Dieses Board ist f\u00fcr eine nahtlose Integration konzipiert und bietet eine zuverl\u00e4ssige L\u00f6sung f\u00fcr Strom-, USB-, VGA- und Ethernet-Konnektivit\u00e4t. Erwecken Sie Ihren Laptop mit diesem Original-Ersatzteil von DELL zu neuem Leben.<\/p>\n","protected":false},"featured_media":10596,"template":"","meta":[],"product_brand":[],"product_cat":[63],"product_tag":[53],"class_list":{"0":"post-10545","1":"product","2":"type-product","3":"status-publish","4":"has-post-thumbnail","6":"product_cat-motherboards-board-parts","7":"product_tag-dell","9":"first","10":"instock","11":"taxable","12":"shipping-taxable","13":"purchasable","14":"product-type-simple"},"_links":{"self":[{"href":"https:\/\/boreait.com\/de\/wp-json\/wp\/v2\/product\/10545","targetHints":{"allow":["GET"]}}],"collection":[{"href":"https:\/\/boreait.com\/de\/wp-json\/wp\/v2\/product"}],"about":[{"href":"https:\/\/boreait.com\/de\/wp-json\/wp\/v2\/types\/product"}],"wp:featuredmedia":[{"embeddable":true,"href":"https:\/\/boreait.com\/de\/wp-json\/wp\/v2\/media\/10596"}],"wp:attachment":[{"href":"https:\/\/boreait.com\/de\/wp-json\/wp\/v2\/media?parent=10545"}],"wp:term":[{"taxonomy":"product_brand","embeddable":true,"href":"https:\/\/boreait.com\/de\/wp-json\/wp\/v2\/product_brand?post=10545"},{"taxonomy":"product_cat","embeddable":true,"href":"https:\/\/boreait.com\/de\/wp-json\/wp\/v2\/product_cat?post=10545"},{"taxonomy":"product_tag","embeddable":true,"href":"https:\/\/boreait.com\/de\/wp-json\/wp\/v2\/product_tag?post=10545"}],"curies":[{"name":"wp","href":"https:\/\/api.w.org\/{rel}","templated":true}]}}