{"id":10489,"date":"2025-09-15T15:19:33","date_gmt":"2025-09-15T13:19:33","guid":{"rendered":"https:\/\/boreait.com\/de\/?post_type=product&#038;p=10489"},"modified":"2025-09-16T12:51:24","modified_gmt":"2025-09-16T10:51:24","slug":"hp-430-g6-g7-zhan-66-pro-13-g2-g3-boot-board-da0x8itb8d0-original-ersatzteil","status":"publish","type":"product","link":"https:\/\/boreait.com\/de\/produkt\/hp-430-g6-g7-zhan-66-pro-13-g2-g3-boot-board-da0x8itb8d0-original-ersatzteil\/","title":{"rendered":"HP 430 G6 G7 ZHAN 66 PRO 13 G2 G3 Boot Board DA0X8ITB8D0 \u2013 Original-Ersatzteil!"},"content":{"rendered":"<p>Das HP 430 G6 G7 ZHAN 66 PRO 13 G2 G3 Bootboard DA0X8ITB8D0 ist ein originales und unverzichtbares Ersatzteil f\u00fcr ausgew\u00e4hlte HP Laptopmodelle. Dieses spezielle Board spielt eine entscheidende Rolle beim Startvorgang Ihres Laptops und sorgt f\u00fcr einen reibungslosen und zuverl\u00e4ssigen Startvorgang.<\/p>\n<p>Hauptmerkmale:<\/p>\n<ul>\n<li>Kompatibel mit den Modellen HP 430 G6, G7, ZHAN 66 PRO 13 G2, G3<\/li>\n<li>Teilenummer: DA0X8ITB8D0<\/li>\n<\/ul>\n<p>Dieses von HP entwickelte und gefertigte Bootboard garantiert Kompatibilit\u00e4t und Funktionalit\u00e4t und passt genau in die kompatiblen Laptopmodelle. Erhalten Sie die Leistung und Zuverl\u00e4ssigkeit Ihres HP Laptops mit diesem Original-Ersatzteil.<\/p>\n<p>Bitte beachten Sie, dass dieses Angebot echte Fotos des HP 430 G6 G7 ZHAN 66 PRO 13 G2 G3 Bootboards DA0X8ITB8D0 zeigt. Es liegt keine Installationsanleitung bei. Sollten Sie weitere Informationen oder Hilfe ben\u00f6tigen, kontaktieren Sie uns gerne. Sorgen Sie f\u00fcr einen reibungslosen Betrieb Ihres HP Laptops, indem Sie das Bootboard durch dieses Original-HP-Bauteil ersetzen.<\/p>\n","protected":false},"excerpt":{"rendered":"<p>R\u00fcsten Sie das Bootboard Ihres HP Laptops auf oder ersetzen Sie es mit dem originalen HP 430 G6 G7 ZHAN 66 PRO 13 G2 G3 Bootboard DA0X8ITB8D0. Dieses Board spielt eine entscheidende Rolle beim Startvorgang Ihres Laptops und sorgt f\u00fcr eine zuverl\u00e4ssige Boot-Performance. Das speziell f\u00fcr HP Modelle entwickelte Board bietet Kompatibilit\u00e4t, Qualit\u00e4t und Langlebigkeit. Sorgen Sie mit diesem Original-Ersatzteil f\u00fcr einen reibungslosen Betrieb Ihres HP Laptops.<\/p>\n","protected":false},"featured_media":10528,"template":"","meta":[],"product_brand":[],"product_cat":[63],"product_tag":[61],"class_list":{"0":"post-10489","1":"product","2":"type-product","3":"status-publish","4":"has-post-thumbnail","6":"product_cat-motherboards-board-parts","7":"product_tag-hp","9":"first","10":"instock","11":"taxable","12":"shipping-taxable","13":"purchasable","14":"product-type-simple"},"_links":{"self":[{"href":"https:\/\/boreait.com\/de\/wp-json\/wp\/v2\/product\/10489","targetHints":{"allow":["GET"]}}],"collection":[{"href":"https:\/\/boreait.com\/de\/wp-json\/wp\/v2\/product"}],"about":[{"href":"https:\/\/boreait.com\/de\/wp-json\/wp\/v2\/types\/product"}],"wp:featuredmedia":[{"embeddable":true,"href":"https:\/\/boreait.com\/de\/wp-json\/wp\/v2\/media\/10528"}],"wp:attachment":[{"href":"https:\/\/boreait.com\/de\/wp-json\/wp\/v2\/media?parent=10489"}],"wp:term":[{"taxonomy":"product_brand","embeddable":true,"href":"https:\/\/boreait.com\/de\/wp-json\/wp\/v2\/product_brand?post=10489"},{"taxonomy":"product_cat","embeddable":true,"href":"https:\/\/boreait.com\/de\/wp-json\/wp\/v2\/product_cat?post=10489"},{"taxonomy":"product_tag","embeddable":true,"href":"https:\/\/boreait.com\/de\/wp-json\/wp\/v2\/product_tag?post=10489"}],"curies":[{"name":"wp","href":"https:\/\/api.w.org\/{rel}","templated":true}]}}