{"id":10475,"date":"2025-09-15T15:19:09","date_gmt":"2025-09-15T13:19:09","guid":{"rendered":"https:\/\/boreait.com\/de\/?post_type=product&#038;p=10475"},"modified":"2026-01-18T13:58:19","modified_gmt":"2026-01-18T12:58:19","slug":"hp-probook-4440s-4441s-4445s-4446s-switch-board-original-ersatzteil","status":"publish","type":"product","link":"https:\/\/boreait.com\/de\/produkt\/hp-probook-4440s-4441s-4445s-4446s-switch-board-original-ersatzteil\/","title":{"rendered":"HP ProBook 4440S 4441S 4445S 4446S Switch Board \u2013 Original-Ersatzteil!"},"content":{"rendered":"<p>Die HP ProBook 4440S, 4441S, 4445S und 4446S Switch-Platine ist ein Originalersatzteil, das speziell auf bestimmte HP ProBook-Modelle zugeschnitten ist. Bei Problemen mit der Stromversorgung, dem Display oder der Konnektivit\u00e4t Ihres ProBook 4440S, 4441S, 4445S oder 4446S ist diese Switch-Platine die L\u00f6sung.<\/p>\n<p>Diese Ersatzplatine wurde nach genauen Spezifikationen gefertigt und gew\u00e4hrleistet eine nahtlose Passform und Kompatibilit\u00e4t mit den angegebenen Laptop-Modellen. Erneuern Sie die Funktionalit\u00e4t Ihres Laptops und l\u00f6sen Sie hartn\u00e4ckige Probleme durch den Austausch der Switch-Platine.<\/p>\n<p>Hauptmerkmale:<\/p>\n<ul>\n<li>Entwickelt f\u00fcr die Modelle HP ProBook 4440S, 4441S, 4445S und 4446S<\/li>\n<li>Original-Ersatzteil<\/li>\n<li>Behebt Probleme mit Stromversorgung, Display oder Konnektivit\u00e4t<\/li>\n<li>Stellt die Funktionalit\u00e4t Ihres Laptops wieder her<\/li>\n<\/ul>\n<p>Bitte beachten Sie, dass diese Auflistung Produktbilder der HP ProBook 4440S, 4441S, 4445S und 4446S-Schaltplatine enth\u00e4lt. Eine Installationsanleitung ist nicht enthalten. Bei Fragen oder f\u00fcr weitere Informationen kontaktieren Sie uns gerne. Erneuern Sie die Leistung Ihres HP ProBook mit diesem Original-Schaltplatinenersatz.<\/p>\n","protected":false},"excerpt":{"rendered":"<p>Verbessern Sie Ihr HP ProBook 4440S, 4441S, 4445S oder 4446S mit diesem originalen Ersatz-Schalterboard. Dieses Teil wurde speziell f\u00fcr diese Modelle entwickelt und gew\u00e4hrleistet perfekte Passform und Funktionalit\u00e4t. Stellen Sie die Funktionalit\u00e4t Ihres Laptops wieder her und l\u00f6sen Sie Probleme mit Stromversorgung, Display oder Konnektivit\u00e4t. Mit diesem originalen Ersatz-Schalterboard funktioniert Ihr Laptop wieder wie neu.<\/p>\n","protected":false},"featured_media":10527,"template":"","meta":[],"product_brand":[],"product_cat":[63],"product_tag":[61],"class_list":{"0":"post-10475","1":"product","2":"type-product","3":"status-publish","4":"has-post-thumbnail","6":"product_cat-motherboards-board-parts","7":"product_tag-hp","9":"first","10":"instock","11":"taxable","12":"shipping-taxable","13":"purchasable","14":"product-type-simple"},"_links":{"self":[{"href":"https:\/\/boreait.com\/de\/wp-json\/wp\/v2\/product\/10475","targetHints":{"allow":["GET"]}}],"collection":[{"href":"https:\/\/boreait.com\/de\/wp-json\/wp\/v2\/product"}],"about":[{"href":"https:\/\/boreait.com\/de\/wp-json\/wp\/v2\/types\/product"}],"wp:featuredmedia":[{"embeddable":true,"href":"https:\/\/boreait.com\/de\/wp-json\/wp\/v2\/media\/10527"}],"wp:attachment":[{"href":"https:\/\/boreait.com\/de\/wp-json\/wp\/v2\/media?parent=10475"}],"wp:term":[{"taxonomy":"product_brand","embeddable":true,"href":"https:\/\/boreait.com\/de\/wp-json\/wp\/v2\/product_brand?post=10475"},{"taxonomy":"product_cat","embeddable":true,"href":"https:\/\/boreait.com\/de\/wp-json\/wp\/v2\/product_cat?post=10475"},{"taxonomy":"product_tag","embeddable":true,"href":"https:\/\/boreait.com\/de\/wp-json\/wp\/v2\/product_tag?post=10475"}],"curies":[{"name":"wp","href":"https:\/\/api.w.org\/{rel}","templated":true}]}}