{"id":10439,"date":"2025-09-15T15:18:17","date_gmt":"2025-09-15T13:18:17","guid":{"rendered":"https:\/\/boreait.com\/de\/?post_type=product&#038;p=10439"},"modified":"2025-09-16T12:51:22","modified_gmt":"2025-09-16T10:51:22","slug":"macbook-pro-15-retina-antennenleiste-ende-2016-2019-original-ersatzteil","status":"publish","type":"product","link":"https:\/\/boreait.com\/de\/produkt\/macbook-pro-15-retina-antennenleiste-ende-2016-2019-original-ersatzteil\/","title":{"rendered":"MacBook Pro 15&#8243; Retina Antennenleiste (Ende 2016\u20132019) \u2013 Original-Ersatzteil"},"content":{"rendered":"<p>Die Antennenleiste f\u00fcr das MacBook Pro 15\u2033 Retina (Ende 2016\u20132019) ist ein wichtiges Bauteil f\u00fcr die drahtlose Konnektivit\u00e4t Ihres Laptops. Bei Problemen mit der WLAN- oder Bluetooth-Verbindung kann der Austausch dieser Antennenleiste die optimale Leistung wiederherstellen.<\/p>\n<p>Diese Antennenleiste ist ein Originalersatzteil von Apple und gew\u00e4hrleistet eine nahtlose Integration mit Ihrem MacBook Pro. Sie ist speziell auf die 15-Zoll-MacBook-Pro-Modelle von Ende 2016 bis 2019 zugeschnitten und bietet die perfekte Passform und Funktionalit\u00e4t, die Sie von einem Originalteil von Apple erwarten.<\/p>\n<p>Hauptmerkmale:<\/p>\n<ul>\n<li>Kompatibel mit dem MacBook Pro 15\u2033 Retina (Ende 2016\u20132019)<\/li>\n<li>Originalersatzteil von Apple<\/li>\n<li>Sorgt f\u00fcr einwandfreie WLAN- und Bluetooth-Konnektivit\u00e4t<\/li>\n<li>Einfache Installation (professionelle Installation empfohlen)<\/li>\n<\/ul>\n<p>Bitte beachten Sie, dass dieses Angebot zeigt echte Fotos der Antennenleiste des MacBook Pro 15\u2033 Retina (Ende 2016\u20132019). Es sind keine Anweisungen enthalten. F\u00fcr diese empfindliche Komponente wird jedoch eine professionelle Installation empfohlen. Wenn Sie Fragen haben oder weitere Informationen ben\u00f6tigen, k\u00f6nnen Sie sich gerne an uns wenden. Stellen Sie die WLAN-Funktionen Ihres MacBook Pro mit diesem Original-Ersatzteil von Apple wieder her.<\/p>\n","protected":false},"excerpt":{"rendered":"<p>Ersetzen Sie die Antennenleiste Ihres besch\u00e4digten oder fehlerhaften MacBook Pro 15&#8243; Retina (Ende 2016\u20132019) durch dieses Original-Ersatzteil. Diese Antennenleiste ist unerl\u00e4sslich f\u00fcr die optimale WLAN- und Bluetooth-Konnektivit\u00e4t Ihres MacBook Pro. Sorgen Sie mit diesem Original-Apple-Bauteil f\u00fcr optimale Leistung Ihres Ger\u00e4ts.<\/p>\n","protected":false},"featured_media":10502,"template":"","meta":[],"product_brand":[],"product_cat":[63],"product_tag":[87],"class_list":{"0":"post-10439","1":"product","2":"type-product","3":"status-publish","4":"has-post-thumbnail","6":"product_cat-motherboards-board-parts","7":"product_tag-apple","9":"first","10":"instock","11":"taxable","12":"shipping-taxable","13":"purchasable","14":"product-type-simple"},"_links":{"self":[{"href":"https:\/\/boreait.com\/de\/wp-json\/wp\/v2\/product\/10439","targetHints":{"allow":["GET"]}}],"collection":[{"href":"https:\/\/boreait.com\/de\/wp-json\/wp\/v2\/product"}],"about":[{"href":"https:\/\/boreait.com\/de\/wp-json\/wp\/v2\/types\/product"}],"wp:featuredmedia":[{"embeddable":true,"href":"https:\/\/boreait.com\/de\/wp-json\/wp\/v2\/media\/10502"}],"wp:attachment":[{"href":"https:\/\/boreait.com\/de\/wp-json\/wp\/v2\/media?parent=10439"}],"wp:term":[{"taxonomy":"product_brand","embeddable":true,"href":"https:\/\/boreait.com\/de\/wp-json\/wp\/v2\/product_brand?post=10439"},{"taxonomy":"product_cat","embeddable":true,"href":"https:\/\/boreait.com\/de\/wp-json\/wp\/v2\/product_cat?post=10439"},{"taxonomy":"product_tag","embeddable":true,"href":"https:\/\/boreait.com\/de\/wp-json\/wp\/v2\/product_tag?post=10439"}],"curies":[{"name":"wp","href":"https:\/\/api.w.org\/{rel}","templated":true}]}}