{"id":10410,"date":"2025-09-15T15:17:32","date_gmt":"2025-09-15T13:17:32","guid":{"rendered":"https:\/\/boreait.com\/de\/?post_type=product&#038;p=10410"},"modified":"2025-09-16T12:51:19","modified_gmt":"2025-09-16T10:51:19","slug":"hdmi-usb-platine-fuer-macbook-pro-a1502-13-retina-anfang-2015-ersatzteil","status":"publish","type":"product","link":"https:\/\/boreait.com\/de\/produkt\/hdmi-usb-platine-fuer-macbook-pro-a1502-13-retina-anfang-2015-ersatzteil\/","title":{"rendered":"HDMI-USB-Platine f\u00fcr MacBook Pro A1502 13 Retina Anfang 2015 \u2013 Ersatzteil"},"content":{"rendered":"<p>Stellen Sie die volle Funktionalit\u00e4t Ihres MacBook Pro (Retina, 13 Zoll, Anfang 2015) Modell A1502 mit dieser HDMI-USB-Platine wieder her. Dieses Teil ersetzt die vorhandene Platine ohne Kabel und erm\u00f6glicht HDMI- und USB-Konnektivit\u00e4t. Kompatibel mit dem silbernen Wi-Fi MacBookPro12,1 Modell ist diese Platine eine wichtige Komponente f\u00fcr die Aufrechterhaltung der vollen Anschlussm\u00f6glichkeiten Ihres MacBook Pro.<\/p>\n<p>Kompatibilit\u00e4t:<\/p>\n<ul>\n<li>MacBook Pro (Retina, 13 Zoll, Anfang 2015)<\/li>\n<li>Modell: A1502<\/li>\n<li>Modellkennung: MacBookPro12,1<\/li>\n<li>Farbe: Silber Wi-Fi<\/li>\n<\/ul>\n<p>Diese Ersatzplatine ist eine wichtige Komponente f\u00fcr die optimale Leistung Ihres MacBook Pro. Egal, ob Sie Verbindungsprobleme haben oder die vorhandene HDMI-USB-Karte ersetzen m\u00fcssen \u2013 dieses Ersatzteil l\u00e4sst sich nahtlos in Ihr Ger\u00e4t integrieren und stellt die urspr\u00fcnglichen Funktionen Ihres MacBook Pro wieder her.<\/p>\n<p>Bitte beachten Sie, dass dieses Angebot echte Fotos der HDMI-USB-Karte ohne Kabel f\u00fcr das MacBook Pro (Retina, 13 Zoll, Anfang 2015) Modell A1502 enth\u00e4lt. Es liegt keine Installationsanleitung bei. Bei Fragen oder f\u00fcr weitere Informationen wenden Sie sich gerne an uns.<\/p>\n<p>Stellen Sie sicher, dass Ihr MacBook Pro mit dieser speziell f\u00fcr das Modell A1502 entwickelten HDMI-USB-Ersatzkarte die volle Konnektivit\u00e4t beh\u00e4lt.<\/p>\n","protected":false},"excerpt":{"rendered":"<p>Erweitern Sie Ihr MacBook Pro (Retina, 13 Zoll, Anfang 2015) mit dieser HDMI-USB-Platine. Diese speziell f\u00fcr das Modell A1502 entwickelte Platine ist ein Ersatzteil, das die HDMI- und USB-Funktionalit\u00e4t Ihres Laptops wiederherstellt. Ideal f\u00fcr das silberne Wi-Fi MacBookPro 12,1 sorgt diese Platine f\u00fcr nahtlose Verbindung und Kompatibilit\u00e4t und bietet zuverl\u00e4ssige Leistung f\u00fcr Ihr MacBook Pro.<\/p>\n","protected":false},"featured_media":10478,"template":"","meta":[],"product_brand":[],"product_cat":[63],"product_tag":[87],"class_list":{"0":"post-10410","1":"product","2":"type-product","3":"status-publish","4":"has-post-thumbnail","6":"product_cat-motherboards-board-parts","7":"product_tag-apple","9":"first","10":"instock","11":"taxable","12":"shipping-taxable","13":"purchasable","14":"product-type-simple"},"_links":{"self":[{"href":"https:\/\/boreait.com\/de\/wp-json\/wp\/v2\/product\/10410","targetHints":{"allow":["GET"]}}],"collection":[{"href":"https:\/\/boreait.com\/de\/wp-json\/wp\/v2\/product"}],"about":[{"href":"https:\/\/boreait.com\/de\/wp-json\/wp\/v2\/types\/product"}],"wp:featuredmedia":[{"embeddable":true,"href":"https:\/\/boreait.com\/de\/wp-json\/wp\/v2\/media\/10478"}],"wp:attachment":[{"href":"https:\/\/boreait.com\/de\/wp-json\/wp\/v2\/media?parent=10410"}],"wp:term":[{"taxonomy":"product_brand","embeddable":true,"href":"https:\/\/boreait.com\/de\/wp-json\/wp\/v2\/product_brand?post=10410"},{"taxonomy":"product_cat","embeddable":true,"href":"https:\/\/boreait.com\/de\/wp-json\/wp\/v2\/product_cat?post=10410"},{"taxonomy":"product_tag","embeddable":true,"href":"https:\/\/boreait.com\/de\/wp-json\/wp\/v2\/product_tag?post=10410"}],"curies":[{"name":"wp","href":"https:\/\/api.w.org\/{rel}","templated":true}]}}