{"id":10305,"date":"2025-09-15T15:14:36","date_gmt":"2025-09-15T13:14:36","guid":{"rendered":"https:\/\/boreait.com\/de\/?post_type=product&#038;p=10305"},"modified":"2026-01-18T13:52:25","modified_gmt":"2026-01-18T12:52:25","slug":"dell-latitude-d630-usb-ethernet-lan-anschlussplatine-ls-3302p-ersatzteil","status":"publish","type":"product","link":"https:\/\/boreait.com\/de\/produkt\/dell-latitude-d630-usb-ethernet-lan-anschlussplatine-ls-3302p-ersatzteil\/","title":{"rendered":"DELL Latitude D630 USB-Ethernet-LAN-Anschlussplatine LS-3302P Ersatzteil"},"content":{"rendered":"<p>Die DELL Latitude D630 USB-Ethernet-LAN-Anschlussplatine LS-3302P ist ein unverzichtbares Ersatzteil f\u00fcr Ihr DELL Latitude D630 Notebook. Sollte der USB-Ethernet-Anschluss Ihres Notebooks defekt oder besch\u00e4digt sein, dient diese Platine als direkter Ersatz f\u00fcr das Originalteil.<\/p>\n<p>Wichtige Details:<\/p>\n<ul>\n<li>Modell: DELL Latitude D630 USB-Ethernet-LAN-Anschlussplatine LS-3302P<\/li>\n<li>Kompatibilit\u00e4t: Speziell f\u00fcr das DELL Latitude D630 entwickelt<\/li>\n<li>Funktion: Stellt die USB-Ethernet-Konnektivit\u00e4t wieder her<\/li>\n<\/ul>\n<p>Der Austausch dieses Teils behebt Probleme mit der USB-Ethernet-Konnektivit\u00e4t. Egal, ob Ihr Anschluss durch Verschlei\u00df oder Unfallsch\u00e4den defekt ist, dieses Original-Ersatzteil von DELL stellt die USB-Ethernet-Funktionalit\u00e4t wieder her und erm\u00f6glicht Ihnen eine reibungslose Verbindung.<\/p>\n<p>Bitte beachten Sie, dass in diesem Angebot Fotos der DELL Latitude D630 USB-Ethernet-LAN-Anschlusskarte LS-3302P enthalten sind. Eine Installationsanleitung liegt nicht bei. Bei Fragen oder weiteren Fragen kontaktieren Sie uns gerne. Stellen Sie die USB-Ethernet-Funktionalit\u00e4t Ihres DELL Latitude D630 mit diesem Originalersatzteil wieder her.<\/p>\n","protected":false},"excerpt":{"rendered":"<p>Ersetzen oder reparieren Sie die USB-Ethernet-LAN-Anschlussplatine (LS-3302P) Ihres DELL Latitude D630 Laptops. Dieses Originalteil von DELL ist als direkter Ersatz f\u00fcr das Original konzipiert und gew\u00e4hrleistet nahtlose Kompatibilit\u00e4t und Funktionalit\u00e4t. Diese Platine eignet sich perfekt zur Behebung von Verbindungsproblemen und stellt die USB-Ethernet-F\u00e4higkeit Ihres Laptops wieder her. Bringen Sie Ihren DELL Latitude D630 mit diesem hochwertigen Ersatzteil wieder zum Laufen.<\/p>\n","protected":false},"featured_media":10372,"template":"","meta":[],"product_brand":[],"product_cat":[63],"product_tag":[],"class_list":{"0":"post-10305","1":"product","2":"type-product","3":"status-publish","4":"has-post-thumbnail","6":"product_cat-motherboards-board-parts","8":"first","9":"instock","10":"taxable","11":"shipping-taxable","12":"purchasable","13":"product-type-simple"},"_links":{"self":[{"href":"https:\/\/boreait.com\/de\/wp-json\/wp\/v2\/product\/10305","targetHints":{"allow":["GET"]}}],"collection":[{"href":"https:\/\/boreait.com\/de\/wp-json\/wp\/v2\/product"}],"about":[{"href":"https:\/\/boreait.com\/de\/wp-json\/wp\/v2\/types\/product"}],"wp:featuredmedia":[{"embeddable":true,"href":"https:\/\/boreait.com\/de\/wp-json\/wp\/v2\/media\/10372"}],"wp:attachment":[{"href":"https:\/\/boreait.com\/de\/wp-json\/wp\/v2\/media?parent=10305"}],"wp:term":[{"taxonomy":"product_brand","embeddable":true,"href":"https:\/\/boreait.com\/de\/wp-json\/wp\/v2\/product_brand?post=10305"},{"taxonomy":"product_cat","embeddable":true,"href":"https:\/\/boreait.com\/de\/wp-json\/wp\/v2\/product_cat?post=10305"},{"taxonomy":"product_tag","embeddable":true,"href":"https:\/\/boreait.com\/de\/wp-json\/wp\/v2\/product_tag?post=10305"}],"curies":[{"name":"wp","href":"https:\/\/api.w.org\/{rel}","templated":true}]}}