{"id":10277,"date":"2025-09-15T15:13:47","date_gmt":"2025-09-15T13:13:47","guid":{"rendered":"https:\/\/boreait.com\/de\/?post_type=product&#038;p=10277"},"modified":"2025-09-16T12:51:11","modified_gmt":"2025-09-16T10:51:11","slug":"dell-latitude-e6400-dc02000i00l-touchpad-anschlusskabel","status":"publish","type":"product","link":"https:\/\/boreait.com\/de\/produkt\/dell-latitude-e6400-dc02000i00l-touchpad-anschlusskabel\/","title":{"rendered":"Dell Latitude E6400 DC02000I00L Touchpad-Anschlusskabel"},"content":{"rendered":"<p>Das Dell Latitude E6400 DC02000I00L Touchpad-Anschlusskabel ist ein unverzichtbares Ersatzteil zur Wiederherstellung und Aufrechterhaltung der Touchpad-Funktionalit\u00e4t Ihres Dell Latitude E6400 Laptops.<\/p>\n<p>Wenn Ihr Touchpad nicht richtig funktioniert oder Verbindungsprobleme auftreten, kann der Austausch des Touchpad-Anschlusskabels diese Probleme effizient beheben. Mit diesem Original-Dell-Teil sorgen Sie f\u00fcr eine zuverl\u00e4ssige und sichere Verbindung und reibungslose Touchpad-Leistung.<\/p>\n<p>Hauptmerkmale:<\/p>\n<ul>\n<li>Modell: DC02000I00L<\/li>\n<li>Kompatibilit\u00e4t: Dell Latitude E6400<\/li>\n<li>Original-Dell-Ersatzteil<\/li>\n<\/ul>\n<p>Erhalten Sie die optimale Funktion Ihres Dell Latitude E6400 Touchpads mit diesem speziellen und originalen Touchpad-Anschlusskabel. Bitte beachten Sie, dass dieses Angebot echte Fotos des Dell Latitude E6400 DC02000I00L Touchpad-Anschlusskabels enth\u00e4lt. Es liegen keine Installationsanweisungen bei. Bei Fragen oder Unterst\u00fctzung kontaktieren Sie uns gerne.<\/p>\n<p>Optimieren Sie die Leistung Ihres Dell Latitude E6400 Touchpads mit diesem Original-Ersatzkabel und sorgen Sie f\u00fcr<\/p>\n","protected":false},"excerpt":{"rendered":"<p>Ersetzen Sie das Touchpad-Anschlusskabel Ihres Dell Latitude E6400 durch das Originalteil DC02000I00L. Sorgen Sie f\u00fcr reibungslose Touchpad-Funktionalit\u00e4t und zuverl\u00e4ssige Konnektivit\u00e4t und stellen Sie die Nutzbarkeit Ihres Laptops wieder her. Dieses Kabel garantiert eine sichere Verbindung und eine problemlose Installation.<\/p>\n","protected":false},"featured_media":10345,"template":"","meta":[],"product_brand":[],"product_cat":[56],"product_tag":[53],"class_list":{"0":"post-10277","1":"product","2":"type-product","3":"status-publish","4":"has-post-thumbnail","6":"product_cat-cables","7":"product_tag-dell","9":"first","10":"instock","11":"taxable","12":"shipping-taxable","13":"purchasable","14":"product-type-simple"},"_links":{"self":[{"href":"https:\/\/boreait.com\/de\/wp-json\/wp\/v2\/product\/10277","targetHints":{"allow":["GET"]}}],"collection":[{"href":"https:\/\/boreait.com\/de\/wp-json\/wp\/v2\/product"}],"about":[{"href":"https:\/\/boreait.com\/de\/wp-json\/wp\/v2\/types\/product"}],"wp:featuredmedia":[{"embeddable":true,"href":"https:\/\/boreait.com\/de\/wp-json\/wp\/v2\/media\/10345"}],"wp:attachment":[{"href":"https:\/\/boreait.com\/de\/wp-json\/wp\/v2\/media?parent=10277"}],"wp:term":[{"taxonomy":"product_brand","embeddable":true,"href":"https:\/\/boreait.com\/de\/wp-json\/wp\/v2\/product_brand?post=10277"},{"taxonomy":"product_cat","embeddable":true,"href":"https:\/\/boreait.com\/de\/wp-json\/wp\/v2\/product_cat?post=10277"},{"taxonomy":"product_tag","embeddable":true,"href":"https:\/\/boreait.com\/de\/wp-json\/wp\/v2\/product_tag?post=10277"}],"curies":[{"name":"wp","href":"https:\/\/api.w.org\/{rel}","templated":true}]}}