{"id":10271,"date":"2025-09-15T15:13:46","date_gmt":"2025-09-15T13:13:46","guid":{"rendered":"https:\/\/boreait.com\/de\/?post_type=product&#038;p=10271"},"modified":"2026-01-18T13:44:55","modified_gmt":"2026-01-18T12:44:55","slug":"asus-a6t-dzc13gncg10p130-2-laptop-abdeckung-original-ersatzteil","status":"publish","type":"product","link":"https:\/\/boreait.com\/de\/produkt\/asus-a6t-dzc13gncg10p130-2-laptop-abdeckung-original-ersatzteil\/","title":{"rendered":"Asus A6T DZC13GNCG10P130-2 Laptop-Abdeckung \u2013 Original-Ersatzteil!"},"content":{"rendered":"<p>Die Laptop-Abdeckung f\u00fcr das Asus A6T DZC13GNCG10P130-2 ist ein Original-Ersatzteil, das speziell f\u00fcr das Asus A6T-Modell entwickelt wurde. Verleihen Sie Ihrem Laptop mit dieser originalen Abdeckung wieder sein elegantes und urspr\u00fcngliches Aussehen.<\/p>\n<p>Diese Abdeckung ist mit dem Asus A6T kompatibel, gew\u00e4hrleistet eine perfekte Passform und erh\u00e4lt die Qualit\u00e4t und Integrit\u00e4t Ihres Laptops. Sie wird nach den gleichen Standards wie das Originalteil gefertigt und garantiert einen reibungslosen Austausch und ein professionelles Ergebnis.<\/p>\n<p>Bitte beachten Sie, dass diese Auflistung aktuelle Fotos der Laptop-Abdeckung f\u00fcr das Asus A6T DZC13GNCG10P130-2 enth\u00e4lt und keine Installationsanleitung enth\u00e4lt. Bei Fragen oder f\u00fcr weitere Informationen kontaktieren Sie uns gerne. Verleihen Sie Ihrem Asus A6T mit dieser Original-Ersatzabdeckung ein neues Aussehen.<\/p>\n","protected":false},"excerpt":{"rendered":"<p>Ersetzen Sie die Abdeckung Ihres Asus A6T Laptops durch die originale Asus A6T DZC13GNCG10P130-2 Abdeckung. Dieses Original-Ersatzteil garantiert perfekte Passform und Qualit\u00e4t f\u00fcr Ihr Asus A6T Modell. Geben Sie Ihrem Laptop mit dieser authentischen Abdeckung den urspr\u00fcnglichen Zustand zur\u00fcck.<\/p>\n","protected":false},"featured_media":10331,"template":"","meta":[],"product_brand":[],"product_cat":[52],"product_tag":[66],"class_list":{"0":"post-10271","1":"product","2":"type-product","3":"status-publish","4":"has-post-thumbnail","6":"product_cat-laptop-housing","7":"product_tag-asus","9":"first","10":"instock","11":"taxable","12":"shipping-taxable","13":"purchasable","14":"product-type-simple"},"_links":{"self":[{"href":"https:\/\/boreait.com\/de\/wp-json\/wp\/v2\/product\/10271","targetHints":{"allow":["GET"]}}],"collection":[{"href":"https:\/\/boreait.com\/de\/wp-json\/wp\/v2\/product"}],"about":[{"href":"https:\/\/boreait.com\/de\/wp-json\/wp\/v2\/types\/product"}],"wp:featuredmedia":[{"embeddable":true,"href":"https:\/\/boreait.com\/de\/wp-json\/wp\/v2\/media\/10331"}],"wp:attachment":[{"href":"https:\/\/boreait.com\/de\/wp-json\/wp\/v2\/media?parent=10271"}],"wp:term":[{"taxonomy":"product_brand","embeddable":true,"href":"https:\/\/boreait.com\/de\/wp-json\/wp\/v2\/product_brand?post=10271"},{"taxonomy":"product_cat","embeddable":true,"href":"https:\/\/boreait.com\/de\/wp-json\/wp\/v2\/product_cat?post=10271"},{"taxonomy":"product_tag","embeddable":true,"href":"https:\/\/boreait.com\/de\/wp-json\/wp\/v2\/product_tag?post=10271"}],"curies":[{"name":"wp","href":"https:\/\/api.w.org\/{rel}","templated":true}]}}