{"id":10270,"date":"2025-09-15T15:13:45","date_gmt":"2025-09-15T13:13:45","guid":{"rendered":"https:\/\/boreait.com\/de\/?post_type=product&#038;p=10270"},"modified":"2026-01-18T11:19:40","modified_gmt":"2026-01-18T10:19:40","slug":"lenovo-thinkpad-sl510-laptop-speicher-ram-abdeckungstuer","status":"publish","type":"product","link":"https:\/\/boreait.com\/de\/produkt\/lenovo-thinkpad-sl510-laptop-speicher-ram-abdeckungstuer\/","title":{"rendered":"Lenovo Thinkpad SL510 Laptop-Speicher-RAM-Abdeckungst\u00fcr"},"content":{"rendered":"<p>Lenovo ThinkPad SL510 Laptop-Speicherabdeckung \u2013 Die Laptop-Basisabdeckung aus Kunststoff bietet eine zuverl\u00e4ssige L\u00f6sung f\u00fcr den Austausch abgenutzter oder besch\u00e4digter Basisabdeckungen.<\/p>\n<p>Diese Abdeckung wurde f\u00fcr eine lange Lebensdauer entwickelt und ist das ideale Ersatzteil f\u00fcr Laptops, die eine neue, robuste Basis ben\u00f6tigen. Verleihen Sie Ihrem Laptop ein neues Aussehen und sch\u00fctzen Sie die internen Komponenten.<\/p>\n<p>Hauptmerkmale:<\/p>\n<ul>\n<li>Kompatibilit\u00e4t: Lenovo ThinkPad SL510<\/li>\n<li>Material: Robuster Kunststoff<\/li>\n<li>Sch\u00fctzt die internen Laptop-Komponenten<\/li>\n<li>Passgenaues Ersatzteil<\/li>\n<\/ul>\n<p>\u00a0<\/p>\n","protected":false},"excerpt":{"rendered":"<p>Lenovo Thinkpad SL510 Laptop-Speicher-RAM-Abdeckungsklappe.<\/p>\n","protected":false},"featured_media":10329,"template":"","meta":[],"product_brand":[],"product_cat":[52],"product_tag":[62],"class_list":{"0":"post-10270","1":"product","2":"type-product","3":"status-publish","4":"has-post-thumbnail","6":"product_cat-laptop-housing","7":"product_tag-lenovo","9":"first","10":"instock","11":"taxable","12":"shipping-taxable","13":"purchasable","14":"product-type-simple"},"_links":{"self":[{"href":"https:\/\/boreait.com\/de\/wp-json\/wp\/v2\/product\/10270","targetHints":{"allow":["GET"]}}],"collection":[{"href":"https:\/\/boreait.com\/de\/wp-json\/wp\/v2\/product"}],"about":[{"href":"https:\/\/boreait.com\/de\/wp-json\/wp\/v2\/types\/product"}],"wp:featuredmedia":[{"embeddable":true,"href":"https:\/\/boreait.com\/de\/wp-json\/wp\/v2\/media\/10329"}],"wp:attachment":[{"href":"https:\/\/boreait.com\/de\/wp-json\/wp\/v2\/media?parent=10270"}],"wp:term":[{"taxonomy":"product_brand","embeddable":true,"href":"https:\/\/boreait.com\/de\/wp-json\/wp\/v2\/product_brand?post=10270"},{"taxonomy":"product_cat","embeddable":true,"href":"https:\/\/boreait.com\/de\/wp-json\/wp\/v2\/product_cat?post=10270"},{"taxonomy":"product_tag","embeddable":true,"href":"https:\/\/boreait.com\/de\/wp-json\/wp\/v2\/product_tag?post=10270"}],"curies":[{"name":"wp","href":"https:\/\/api.w.org\/{rel}","templated":true}]}}