{"id":10241,"date":"2025-09-15T15:12:57","date_gmt":"2025-09-15T13:12:57","guid":{"rendered":"https:\/\/boreait.com\/de\/?post_type=product&#038;p=10241"},"modified":"2026-01-18T11:17:57","modified_gmt":"2026-01-18T10:17:57","slug":"asus-eee-pc-1002ha-touchpad-tastenplatine-ersetzen-08g2012ha10c-originalteil","status":"publish","type":"product","link":"https:\/\/boreait.com\/de\/produkt\/asus-eee-pc-1002ha-touchpad-tastenplatine-ersetzen-08g2012ha10c-originalteil\/","title":{"rendered":"Asus Eee PC 1002HA Touchpad-Tastenplatine ersetzen 08G2012HA10C \u2013 Originalteil!"},"content":{"rendered":"<p>Die Asus Eee PC 1002HA Touchpad-Tastenplatine ist ein Original-Ersatzteil, das die Touchpad-Funktionalit\u00e4t Ihres Asus Eee PC 1002HA Laptops wiederherstellt. Dieses Originalteil sorgt f\u00fcr einen reibungslosen Betrieb Ihres Touchpads und bietet pr\u00e4zise Steuerung und Reaktionsf\u00e4higkeit f\u00fcr ein reibungsloses Benutzererlebnis.<\/p>\n<p>Produktdetails:<\/p>\n<ul>\n<li>Kompatibel mit Asus Eee PC 1002HA Modell<\/li>\n<li>Teilenummer: 08G2012HA10C<\/li>\n<li>Original-Ersatzteil von Asus<\/li>\n<\/ul>\n<p>Stellen Sie die urspr\u00fcngliche Funktionalit\u00e4t des Touchpads Ihres Laptops wieder her, indem Sie die vorhandene, m\u00f6glicherweise abgenutzte oder defekte Touchpad-Tastenplatine durch dieses Originalteil ersetzen. Bitte beachten Sie, dass dieses Angebot Produktbilder enth\u00e4lt und keine Installationsanleitung enth\u00e4lt. Bei Fragen oder f\u00fcr weitere Unterst\u00fctzung kontaktieren Sie uns gerne. Stellen Sie die Reaktionsf\u00e4higkeit und Navigation Ihres Touchpads mit diesem Original-Ersatzteil von Asus wieder her.<\/p>\n","protected":false},"excerpt":{"rendered":"<p>Erwecken Sie Ihren Asus Eee PC 1002HA mit diesem Original-Touchpad-Tastenplatinenersatz zum Leben. Stellen Sie die Funktionalit\u00e4t Ihres Touchpads mit diesem Originalteil wieder her und sorgen Sie f\u00fcr eine reibungslose und effiziente Navigation. Erleben Sie pr\u00e4zise Steuerung und Reaktionsf\u00e4higkeit bei der Navigation auf Ihrem Ger\u00e4t.<\/p>\n","protected":false},"featured_media":10309,"template":"","meta":[],"product_brand":[],"product_cat":[59],"product_tag":[66],"class_list":{"0":"post-10241","1":"product","2":"type-product","3":"status-publish","4":"has-post-thumbnail","6":"product_cat-laptop-camera","7":"product_tag-asus","9":"first","10":"instock","11":"taxable","12":"shipping-taxable","13":"purchasable","14":"product-type-simple"},"_links":{"self":[{"href":"https:\/\/boreait.com\/de\/wp-json\/wp\/v2\/product\/10241","targetHints":{"allow":["GET"]}}],"collection":[{"href":"https:\/\/boreait.com\/de\/wp-json\/wp\/v2\/product"}],"about":[{"href":"https:\/\/boreait.com\/de\/wp-json\/wp\/v2\/types\/product"}],"wp:featuredmedia":[{"embeddable":true,"href":"https:\/\/boreait.com\/de\/wp-json\/wp\/v2\/media\/10309"}],"wp:attachment":[{"href":"https:\/\/boreait.com\/de\/wp-json\/wp\/v2\/media?parent=10241"}],"wp:term":[{"taxonomy":"product_brand","embeddable":true,"href":"https:\/\/boreait.com\/de\/wp-json\/wp\/v2\/product_brand?post=10241"},{"taxonomy":"product_cat","embeddable":true,"href":"https:\/\/boreait.com\/de\/wp-json\/wp\/v2\/product_cat?post=10241"},{"taxonomy":"product_tag","embeddable":true,"href":"https:\/\/boreait.com\/de\/wp-json\/wp\/v2\/product_tag?post=10241"}],"curies":[{"name":"wp","href":"https:\/\/api.w.org\/{rel}","templated":true}]}}