{"id":10226,"date":"2025-09-15T15:12:29","date_gmt":"2025-09-15T13:12:29","guid":{"rendered":"https:\/\/boreait.com\/de\/?post_type=product&#038;p=10226"},"modified":"2025-09-16T12:51:07","modified_gmt":"2025-09-16T10:51:07","slug":"touchpad-fuer-asus-z83-z83s-board-card-serie-tm61pde8g307-ersatzteil","status":"publish","type":"product","link":"https:\/\/boreait.com\/de\/produkt\/touchpad-fuer-asus-z83-z83s-board-card-serie-tm61pde8g307-ersatzteil\/","title":{"rendered":"Touchpad f\u00fcr ASUS Z83 Z83S Board Card Serie TM61PDE8G307 &#8211; Ersatzteil"},"content":{"rendered":"<p>Erweitern Sie Ihr ASUS Z83, Z83S oder Z83S Board der Serie TM61PDE8G307 mit diesem Ersatz-Touchpad. Es bietet zuverl\u00e4ssige und pr\u00e4zise Funktionalit\u00e4t und sorgt f\u00fcr eine reibungslose Navigation auf Ihrem Laptop.<\/p>\n<p>Dieses Touchpad ist als kompatibles Ersatzteil f\u00fcr bestimmte ASUS-Modelle konzipiert und gew\u00e4hrleistet nahtlose Integration und Funktionalit\u00e4t. Bitte beachten Sie, dass diesem Produkt keine Installationsanleitung beiliegt. Sollten Sie dennoch weitere Unterst\u00fctzung ben\u00f6tigen, kontaktieren Sie uns gerne.<\/p>\n<p>Dieses Angebot enth\u00e4lt Produktfotos des Touchpads f\u00fcr das ASUS Z83 \u2013 Z83S \u2013 Z83S Board der Serie TM61PDE8G307. Bei Fragen oder f\u00fcr weitere Informationen kontaktieren Sie uns gerne.<\/p>\n","protected":false},"excerpt":{"rendered":"<p>Ersetzen Sie das Touchpad Ihres ASUS Z83, Z83S oder Z83S Board Card Series TM61PDE8G307 durch dieses hochwertige Ersatzteil. Sorgen Sie f\u00fcr reibungslose Navigation und Funktionalit\u00e4t Ihres Laptops.<\/p>\n","protected":false},"featured_media":10294,"template":"","meta":[],"product_brand":[],"product_cat":[78],"product_tag":[66],"class_list":{"0":"post-10226","1":"product","2":"type-product","3":"status-publish","4":"has-post-thumbnail","6":"product_cat-laptop-touchpads","7":"product_tag-asus","9":"first","10":"instock","11":"taxable","12":"shipping-taxable","13":"purchasable","14":"product-type-simple"},"_links":{"self":[{"href":"https:\/\/boreait.com\/de\/wp-json\/wp\/v2\/product\/10226","targetHints":{"allow":["GET"]}}],"collection":[{"href":"https:\/\/boreait.com\/de\/wp-json\/wp\/v2\/product"}],"about":[{"href":"https:\/\/boreait.com\/de\/wp-json\/wp\/v2\/types\/product"}],"wp:featuredmedia":[{"embeddable":true,"href":"https:\/\/boreait.com\/de\/wp-json\/wp\/v2\/media\/10294"}],"wp:attachment":[{"href":"https:\/\/boreait.com\/de\/wp-json\/wp\/v2\/media?parent=10226"}],"wp:term":[{"taxonomy":"product_brand","embeddable":true,"href":"https:\/\/boreait.com\/de\/wp-json\/wp\/v2\/product_brand?post=10226"},{"taxonomy":"product_cat","embeddable":true,"href":"https:\/\/boreait.com\/de\/wp-json\/wp\/v2\/product_cat?post=10226"},{"taxonomy":"product_tag","embeddable":true,"href":"https:\/\/boreait.com\/de\/wp-json\/wp\/v2\/product_tag?post=10226"}],"curies":[{"name":"wp","href":"https:\/\/api.w.org\/{rel}","templated":true}]}}