{"id":10225,"date":"2025-09-15T15:12:29","date_gmt":"2025-09-15T13:12:29","guid":{"rendered":"https:\/\/boreait.com\/de\/?post_type=product&#038;p=10225"},"modified":"2026-01-14T14:51:56","modified_gmt":"2026-01-14T13:51:56","slug":"original-atheros-ar5b195-n150-802-11n-wireless-bt-3-0-mini-pcie-karte-pa3894u-1mpc","status":"publish","type":"product","link":"https:\/\/boreait.com\/de\/produkt\/original-atheros-ar5b195-n150-802-11n-wireless-bt-3-0-mini-pcie-karte-pa3894u-1mpc\/","title":{"rendered":"Original Atheros AR5B195 N150 802.11n Wireless BT 3.0 Mini PCIe-Karte PA3894U-1MPC"},"content":{"rendered":"<p>Verbessern Sie die Konnektivit\u00e4t Ihres Laptops mit der Original Atheros AR5B195 N150 802.11n Wireless BT 3.0 Mini-PCIe-Karte PA3894U-1MPC. Diese Mini-PCIe-Karte bietet zuverl\u00e4ssige 802.11n-WLAN- und Bluetooth 3.0-Funktionen und sorgt f\u00fcr eine reibungslose und stabile WLAN-Verbindung f\u00fcr Ihren Laptop. <\/p>\n<p>Hauptmerkmale:<\/p>\n<ul>\n<li>WLAN-Standard: 802.11n (150 Mbit\/s)<\/li>\n<li>Bluetooth-Version: 3.0<\/li>\n<li>Mini-PCIe-Formfaktor<\/li>\n<li>Kompatible Laptops: Dell Dw1702, HP SPS 592775-001, HP 630 635, ASUS N75S, Dell N7110<\/li>\n<\/ul>\n<p>Die Atheros AR5B195 N150-Karte bietet eine starke und stabile WLAN-Verbindung und erm\u00f6glicht schnelleren Internetzugang und eine zuverl\u00e4ssigere Konnektivit\u00e4t f\u00fcr Ihren Laptop. Dank Bluetooth 3.0 k\u00f6nnen Sie kompatible Ger\u00e4te wie kabellose Kopfh\u00f6rer, Lautsprecher und andere Peripherieger\u00e4te problemlos anschlie\u00dfen.<\/p>\n<p>Diese Original-Atheros-Karte ist die ideale Wahl f\u00fcr alle, die die WLAN-Karte ihres Laptops aufr\u00fcsten oder ersetzen m\u00f6chten. Bitte beachten Sie, dass diese Auflistung echte Fotos der Original Atheros AR5B195 N150 802.11n Wireless BT 3.0 Mini PCIe Karte PA3894U-1MPC enth\u00e4lt. Es liegt keine Installationsanleitung bei, ich stehe Ihnen jedoch f\u00fcr Fragen und Unterst\u00fctzung zu diesem Produkt zur Verf\u00fcgung. Verbessern Sie die Konnektivit\u00e4t Ihres Laptops nahtlos mit dieser zuverl\u00e4ssigen Atheros Wireless-Karte.<\/p>\n","protected":false},"excerpt":{"rendered":"<p>Verbessern Sie die Konnektivit\u00e4t Ihres Laptops mit der Original Atheros AR5B195 N150 802.11n Wireless BT 3.0 Mini-PCIe-Karte PA3894U-1MPC. Diese Mini-PCIe-Karte bietet zuverl\u00e4ssige und effiziente 802.11n-WLAN- und Bluetooth 3.0-Konnektivit\u00e4t. Genie\u00dfen Sie eine sichere und stabile WLAN-Verbindung f\u00fcr nahtloses Surfen im Internet, Streaming und die Nutzung drahtloser Peripherieger\u00e4te. R\u00fcsten Sie Ihren Laptop auf und bleiben Sie mit dieser Original Atheros-WLAN-Karte m\u00fchelos verbunden.<\/p>\n","protected":false},"featured_media":10293,"template":"","meta":[],"product_brand":[],"product_cat":[63],"product_tag":[],"class_list":{"0":"post-10225","1":"product","2":"type-product","3":"status-publish","4":"has-post-thumbnail","6":"product_cat-motherboards-board-parts","8":"first","9":"instock","10":"taxable","11":"shipping-taxable","12":"purchasable","13":"product-type-simple"},"_links":{"self":[{"href":"https:\/\/boreait.com\/de\/wp-json\/wp\/v2\/product\/10225","targetHints":{"allow":["GET"]}}],"collection":[{"href":"https:\/\/boreait.com\/de\/wp-json\/wp\/v2\/product"}],"about":[{"href":"https:\/\/boreait.com\/de\/wp-json\/wp\/v2\/types\/product"}],"wp:featuredmedia":[{"embeddable":true,"href":"https:\/\/boreait.com\/de\/wp-json\/wp\/v2\/media\/10293"}],"wp:attachment":[{"href":"https:\/\/boreait.com\/de\/wp-json\/wp\/v2\/media?parent=10225"}],"wp:term":[{"taxonomy":"product_brand","embeddable":true,"href":"https:\/\/boreait.com\/de\/wp-json\/wp\/v2\/product_brand?post=10225"},{"taxonomy":"product_cat","embeddable":true,"href":"https:\/\/boreait.com\/de\/wp-json\/wp\/v2\/product_cat?post=10225"},{"taxonomy":"product_tag","embeddable":true,"href":"https:\/\/boreait.com\/de\/wp-json\/wp\/v2\/product_tag?post=10225"}],"curies":[{"name":"wp","href":"https:\/\/api.w.org\/{rel}","templated":true}]}}