{"id":10224,"date":"2025-09-15T15:12:28","date_gmt":"2025-09-15T13:12:28","guid":{"rendered":"https:\/\/boreait.com\/de\/?post_type=product&#038;p=10224"},"modified":"2026-01-14T14:51:39","modified_gmt":"2026-01-14T13:51:39","slug":"dell-latitude-e5530-56k-modem-kartenplatine-yw011-0yw011-cn-0yw011","status":"publish","type":"product","link":"https:\/\/boreait.com\/de\/produkt\/dell-latitude-e5530-56k-modem-kartenplatine-yw011-0yw011-cn-0yw011\/","title":{"rendered":"Dell Latitude E5530 56K Modem-Kartenplatine YW011 0YW011 CN-0YW011"},"content":{"rendered":"<p>R\u00fcsten Sie die Modemkarte Ihres Dell Latitude E5530 auf oder ersetzen Sie sie mit der 56K-Modemkarte YW011 0YW011 CN-0YW011. Diese speziell f\u00fcr das Latitude E5530 entwickelte Karte gew\u00e4hrleistet eine zuverl\u00e4ssige und effiziente Netzwerkverbindung.<\/p>\n<p>Produktdetails:<\/p>\n<ul>\n<li>Kompatibilit\u00e4t: Dell Latitude E5530<\/li>\n<li>Modell: 56K-Modemkarte YW011 0YW011 CN-0YW011<\/li>\n<li>Kompatible Laptops: Dell INSPIRON 1525 PP29L, Dell Latitude E5530, LATITUDE D420\/D430<\/li>\n<\/ul>\n<p>Diese Original-Modemkarte von Dell ist die ideale L\u00f6sung, um die Konnektivit\u00e4t Ihres Laptops aufrechtzuerhalten oder wiederherzustellen. Sie ist die perfekte Wahl f\u00fcr alle, die eine zuverl\u00e4ssige, kompatible Modemkarte f\u00fcr ihr Dell Latitude E5530 suchen.<\/p>\n<p>Bitte beachten Sie, dass die Auflistung authentische Fotos der Dell Latitude E5530 56K-Modemkarte YW011 0YW011 CN-0YW011 enth\u00e4lt. Wichtiger Hinweis: Es liegt keine Installationsanleitung bei. Bei Fragen oder f\u00fcr weitere Informationen kontaktieren Sie uns gerne. R\u00fcsten Sie Ihr Dell Latitude E5530 f\u00fcr optimale Konnektivit\u00e4t mit dieser Original-Modemkarte auf.<\/p>\n","protected":false},"excerpt":{"rendered":"<p>Erweitern Sie Ihr Dell Latitude E5530 mit der 56K-Modemkarte YW011 0YW011 CN-0YW011. Perfekt zum Hinzuf\u00fcgen oder Ersetzen der Modemkarte Ihres Laptops. Genie\u00dfen Sie nahtlose Konnektivit\u00e4t und Kompatibilit\u00e4t mit Ihrem Latitude E5530 f\u00fcr schnellen und zuverl\u00e4ssigen Netzwerkzugriff.<\/p>\n","protected":false},"featured_media":10291,"template":"","meta":[],"product_brand":[],"product_cat":[63],"product_tag":[53],"class_list":{"0":"post-10224","1":"product","2":"type-product","3":"status-publish","4":"has-post-thumbnail","6":"product_cat-motherboards-board-parts","7":"product_tag-dell","9":"first","10":"instock","11":"taxable","12":"shipping-taxable","13":"purchasable","14":"product-type-simple"},"_links":{"self":[{"href":"https:\/\/boreait.com\/de\/wp-json\/wp\/v2\/product\/10224","targetHints":{"allow":["GET"]}}],"collection":[{"href":"https:\/\/boreait.com\/de\/wp-json\/wp\/v2\/product"}],"about":[{"href":"https:\/\/boreait.com\/de\/wp-json\/wp\/v2\/types\/product"}],"wp:featuredmedia":[{"embeddable":true,"href":"https:\/\/boreait.com\/de\/wp-json\/wp\/v2\/media\/10291"}],"wp:attachment":[{"href":"https:\/\/boreait.com\/de\/wp-json\/wp\/v2\/media?parent=10224"}],"wp:term":[{"taxonomy":"product_brand","embeddable":true,"href":"https:\/\/boreait.com\/de\/wp-json\/wp\/v2\/product_brand?post=10224"},{"taxonomy":"product_cat","embeddable":true,"href":"https:\/\/boreait.com\/de\/wp-json\/wp\/v2\/product_cat?post=10224"},{"taxonomy":"product_tag","embeddable":true,"href":"https:\/\/boreait.com\/de\/wp-json\/wp\/v2\/product_tag?post=10224"}],"curies":[{"name":"wp","href":"https:\/\/api.w.org\/{rel}","templated":true}]}}