{"id":10177,"date":"2025-09-15T15:11:11","date_gmt":"2025-09-15T13:11:11","guid":{"rendered":"https:\/\/boreait.com\/de\/?post_type=product&#038;p=10177"},"modified":"2026-01-14T14:46:14","modified_gmt":"2026-01-14T13:46:14","slug":"da0gc3pi8d0-tastenkarte-fuer-lenovo-thinkpad-l510-original-ersatzteil","status":"publish","type":"product","link":"https:\/\/boreait.com\/de\/produkt\/da0gc3pi8d0-tastenkarte-fuer-lenovo-thinkpad-l510-original-ersatzteil\/","title":{"rendered":"DA0GC3PI8D0-Tastenkarte f\u00fcr Lenovo ThinkPad L510 \u2013 Original-Ersatzteil!"},"content":{"rendered":"<p>Die DA0GC3PI8D0 Tastenkarte ist ein Original-Ersatzteil, das speziell f\u00fcr das Lenovo ThinkPad L510 entwickelt wurde und die reibungslose Funktion der Tasten und Bedienelemente Ihres Laptops gew\u00e4hrleistet.<\/p>\n<p>Diese Original-Tastenkarte passt perfekt in Ihr ThinkPad L510 und garantiert die einwandfreie Funktion verschiedener Tasten und stellt deren Originalzustand wieder her. Egal, ob Sie eine defekte Tastenkarte ersetzen oder die weitere Nutzung Ihres Laptops sicherstellen m\u00f6chten \u2013 dieses Lenovo-Originalteil bietet die von der Marke erwartete Zuverl\u00e4ssigkeit und Leistung.<\/p>\n<p>Hauptmerkmale:<\/p>\n<ul>\n<li>Kompatibles Modell: Lenovo ThinkPad L510<\/li>\n<li>Original-Lenovo-Teil: DA0GC3PI8D0<\/li>\n<li>Tastenfunktionalit\u00e4t wiederherstellen<\/li>\n<li>Einfacher Austausch<\/li>\n<\/ul>\n<p>Die beigef\u00fcgten Fotos sorgen f\u00fcr Transparenz bei Ihrem Kauf und erm\u00f6glichen Ihnen, genau zu sehen, was Sie erhalten. Bitte beachten Sie, dass dieses Angebot keine Installationsanleitung enth\u00e4lt. Bei Fragen oder f\u00fcr weitere Informationen kontaktieren Sie uns gerne.<\/p>\n<p>Aktualisieren Sie Ihr ThinkPad L510 mit der originalen DA0GC3PI8D0-Tastenkarte. So stellen Sie sicher, dass die Tasten Ihres Laptops wie vorgesehen funktionieren und bieten die Benutzerfreundlichkeit und den Komfort, den Sie von Ihrem Lenovo-Ger\u00e4t erwarten.<\/p>\n","protected":false},"excerpt":{"rendered":"<p>Erweitern Sie die Funktionalit\u00e4t Ihres Lenovo ThinkPad L510 mit der DA0GC3PI8D0-Tastenkarte. Dieses Originalersatzteil gew\u00e4hrleistet die einwandfreie Funktion der Tasten Ihres Laptops und sorgt f\u00fcr mehr Komfort und Benutzerfreundlichkeit. Stellen Sie die Originalsteuerung Ihres ThinkPad L510 mit dieser authentischen Tastenkarte wieder her, die f\u00fcr einen nahtlosen Austausch konzipiert wurde.<\/p>\n","protected":false},"featured_media":10244,"template":"","meta":[],"product_brand":[],"product_cat":[63],"product_tag":[62],"class_list":{"0":"post-10177","1":"product","2":"type-product","3":"status-publish","4":"has-post-thumbnail","6":"product_cat-motherboards-board-parts","7":"product_tag-lenovo","9":"first","10":"instock","11":"taxable","12":"shipping-taxable","13":"purchasable","14":"product-type-simple"},"_links":{"self":[{"href":"https:\/\/boreait.com\/de\/wp-json\/wp\/v2\/product\/10177","targetHints":{"allow":["GET"]}}],"collection":[{"href":"https:\/\/boreait.com\/de\/wp-json\/wp\/v2\/product"}],"about":[{"href":"https:\/\/boreait.com\/de\/wp-json\/wp\/v2\/types\/product"}],"wp:featuredmedia":[{"embeddable":true,"href":"https:\/\/boreait.com\/de\/wp-json\/wp\/v2\/media\/10244"}],"wp:attachment":[{"href":"https:\/\/boreait.com\/de\/wp-json\/wp\/v2\/media?parent=10177"}],"wp:term":[{"taxonomy":"product_brand","embeddable":true,"href":"https:\/\/boreait.com\/de\/wp-json\/wp\/v2\/product_brand?post=10177"},{"taxonomy":"product_cat","embeddable":true,"href":"https:\/\/boreait.com\/de\/wp-json\/wp\/v2\/product_cat?post=10177"},{"taxonomy":"product_tag","embeddable":true,"href":"https:\/\/boreait.com\/de\/wp-json\/wp\/v2\/product_tag?post=10177"}],"curies":[{"name":"wp","href":"https:\/\/api.w.org\/{rel}","templated":true}]}}