{"id":10174,"date":"2025-09-15T15:11:11","date_gmt":"2025-09-15T13:11:11","guid":{"rendered":"https:\/\/boreait.com\/de\/?post_type=product&#038;p=10174"},"modified":"2026-01-14T14:45:19","modified_gmt":"2026-01-14T13:45:19","slug":"asus-eee-pc-1005-sd-kartenleser-08g2015ha10q-60-oa1lcr1000-a01-original-ersatzteil","status":"publish","type":"product","link":"https:\/\/boreait.com\/de\/produkt\/asus-eee-pc-1005-sd-kartenleser-08g2015ha10q-60-oa1lcr1000-a01-original-ersatzteil\/","title":{"rendered":"Asus Eee PC 1005 SD-Kartenleser 08g2015ha10q 60-oa1lcr1000-a01 \u2013 Original-Ersatzteil!"},"content":{"rendered":"<p>Das Asus Eee PC 1005 Mainboard mit SD-Kartenleser (Modell 08g2015ha10q 60-oa1lcr1000-a01) ist ein Original-Ersatzteil, das speziell auf die Asus Eee PC 1005-Serie zugeschnitten ist. Bei Problemen mit dem Mainboard oder bei der Suche nach einem Upgrade garantiert dieses Originalprodukt von Asus optimale Leistung und Kompatibilit\u00e4t.<\/p>\n<p>Hauptmerkmale:<\/p>\n<ul>\n<li>Modell: SD-Kartenleser (08g2015ha10q 60-oa1lcr1000-a01)<\/li>\n<li>Entwickelt f\u00fcr die Asus Eee PC 1005-Serie<\/li>\n<li>Original-Ersatzteil<\/li>\n<\/ul>\n<p>Der Austausch Ihres Mainboards durch dieses Original-Ersatzteil von Asus ist entscheidend f\u00fcr die Funktionalit\u00e4t und Zuverl\u00e4ssigkeit Ihres Eee PCs. Dieses Motherboard wurde mit h\u00f6chster Pr\u00e4zision und nach den hohen Standards von Asus gefertigt und garantiert nahtlose Kompatibilit\u00e4t und Leistung.<\/p>\n<p>Bitte beachten Sie, dass dieses Angebot Fotos des Asus Eee PC 1005 Motherboards mit der Modellnummer SD 08g2015ha10q 60-oa1lcr1000-a01 enth\u00e4lt. Es liegt keine Installationsanleitung bei. Bei weiteren Fragen oder f\u00fcr weitere Informationen kontaktieren Sie uns gerne. Verleihen Sie Ihrem Asus Eee PC mit diesem Original-Ersatz-Motherboard neue Leistung.<\/p>\n","protected":false},"excerpt":{"rendered":"<p>Ersetzen Sie Ihr Asus Eee PC 1005 Mainboard durch dieses Originalmodell SD 08g2015ha10q 60-oa1lcr1000-a01. Dieses Mainboard ist ein perfekter, originalgetreuer Ersatz f\u00fcr Ihren Eee PC 1005 und garantiert erstklassige Leistung. Pr\u00e4zise gefertigt, ist es die ideale L\u00f6sung bei Mainboard-Problemen oder Upgrades. Sorgen Sie mit diesem zuverl\u00e4ssigen Asus Mainboard wieder f\u00fcr einen reibungslosen Betrieb Ihres Eee PCs.<\/p>\n","protected":false},"featured_media":10236,"template":"","meta":[],"product_brand":[],"product_cat":[63],"product_tag":[66],"class_list":{"0":"post-10174","1":"product","2":"type-product","3":"status-publish","4":"has-post-thumbnail","6":"product_cat-motherboards-board-parts","7":"product_tag-asus","9":"first","10":"instock","11":"taxable","12":"shipping-taxable","13":"purchasable","14":"product-type-simple"},"_links":{"self":[{"href":"https:\/\/boreait.com\/de\/wp-json\/wp\/v2\/product\/10174","targetHints":{"allow":["GET"]}}],"collection":[{"href":"https:\/\/boreait.com\/de\/wp-json\/wp\/v2\/product"}],"about":[{"href":"https:\/\/boreait.com\/de\/wp-json\/wp\/v2\/types\/product"}],"wp:featuredmedia":[{"embeddable":true,"href":"https:\/\/boreait.com\/de\/wp-json\/wp\/v2\/media\/10236"}],"wp:attachment":[{"href":"https:\/\/boreait.com\/de\/wp-json\/wp\/v2\/media?parent=10174"}],"wp:term":[{"taxonomy":"product_brand","embeddable":true,"href":"https:\/\/boreait.com\/de\/wp-json\/wp\/v2\/product_brand?post=10174"},{"taxonomy":"product_cat","embeddable":true,"href":"https:\/\/boreait.com\/de\/wp-json\/wp\/v2\/product_cat?post=10174"},{"taxonomy":"product_tag","embeddable":true,"href":"https:\/\/boreait.com\/de\/wp-json\/wp\/v2\/product_tag?post=10174"}],"curies":[{"name":"wp","href":"https:\/\/api.w.org\/{rel}","templated":true}]}}