{"id":10162,"date":"2025-09-15T15:10:45","date_gmt":"2025-09-15T13:10:45","guid":{"rendered":"https:\/\/boreait.com\/de\/?post_type=product&#038;p=10162"},"modified":"2026-02-25T16:08:11","modified_gmt":"2026-02-25T15:08:11","slug":"neue-azerty-tastatur-mit-hintergrundbeleuchtung-fuer-dell-e5550-e5570-e5580-precision-15-17-7000-ohne-rahmen","status":"publish","type":"product","link":"https:\/\/boreait.com\/de\/produkt\/neue-azerty-tastatur-mit-hintergrundbeleuchtung-fuer-dell-e5550-e5570-e5580-precision-15-17-7000-ohne-rahmen\/","title":{"rendered":"Neue AZERTY-Tastatur mit Hintergrundbeleuchtung f\u00fcr Dell E5550 E5570 E5580 Precision 15 17 7000, ohne Rahmen"},"content":{"rendered":"<p>Erweitern Sie Ihre Laptops der Dell Latitude E5550-, E5570-, E5580- und Precision 15 17 7000-Serie mit dieser brandneuen franz\u00f6sischen AZERTY-Tastatur mit Hintergrundbeleuchtung. Diese Tastatur ist mit mehreren Teilenummern und Modellen kompatibel und bietet vielseitige Kompatibilit\u00e4t. Sie verf\u00fcgt \u00fcber ein rahmenloses Design und bietet die gleiche zuverl\u00e4ssige Leistung wie auf dem Angebotsfoto. N<\/p>\n<p><strong>Kompatible Teilenummern:<\/strong><\/p>\n<ul>\n<li>01XN1N<\/li>\n<li>NSK-LL0BC 0W<\/li>\n<li>PK1313M1B19<\/li>\n<li>SN7232BL<\/li>\n<li>0N7CXW<\/li>\n<li>PK1313M3A00<\/li>\n<li>MP-13P33US6698<\/li>\n<li>0383D7<\/li>\n<li>PK1313M1B00<\/li>\n<li>MP-13P53USJ698<\/li>\n<\/ul>\n<p><strong>Kompatible Laptop-Modelle:<\/strong><\/p>\n<ul>\n<li>F\u00fcr Dell Latitude E5550 Laptop<\/li>\n<li>F\u00fcr Dell Latitude E5570 Laptop<\/li>\n<li>F\u00fcr Dell Latitude 5550 Laptop<\/li>\n<li>F\u00fcr Dell Latitude 5580 Laptop<\/li>\n<li>F\u00fcr Dell Latitude 5590 Laptop<\/li>\n<li>F\u00fcr Dell Latitude 5591 Laptop<\/li>\n<li>F\u00fcr Dell Precision 3510 Laptop<\/li>\n<li>F\u00fcr Dell Precision 3520 Laptop<\/li>\n<li>F\u00fcr Dell Precision 7510 Laptop<\/li>\n<li>F\u00fcr Dell Precision 7520 Laptop<\/li>\n<li>F\u00fcr Dell Precision 7710 Laptop<\/li>\n<li>F\u00fcr Dell Precision 7720 Laptop<\/li>\n<\/ul>\n<p><strong>Hauptfunktionen:<\/strong><\/p>\n<ul>\n<li><strong>Kompatibilit\u00e4t:<\/strong> Diese Tastatur ist mit verschiedenen Dell Latitude- und Precision-Laptopmodellen kompatibel und bietet somit vielseitige Einsatzm\u00f6glichkeiten.<\/li>\n<li><strong>Franz\u00f6sisches AZERTY-Layout:<\/strong> Dank des franz\u00f6sischen AZERTY-Layouts eignet sich diese Tastatur perfekt f\u00fcr franz\u00f6sischsprachige Nutzer, ist aber auch mit anderen Layouts und L\u00e4ndern kompatibel.<\/li>\n<li><strong>Hintergrundbeleuchtung:<\/strong> Diese Tastatur ist, wie auf dem Artikelfoto zu sehen, hintergrundbeleuchtet, sodass Sie auch bei schlechten Lichtverh\u00e4ltnissen tippen k\u00f6nnen.<\/li>\n<li><strong>Ohne Rahmen:<\/strong> Die Tastatur wird, wie auf dem Artikelfoto zu sehen, ohne Rahmen geliefert und bietet so ein klares und kompaktes Design.<\/li>\n<li><strong>Brandneu:<\/strong> Diese Tastatur ist brandneu und bietet die Qualit\u00e4t und Leistung, die Sie von einer neuen Tastatur erwarten.<\/li>\n<li><strong>Einfache Installation:<\/strong> Der Austausch der Laptoptastatur ist unkompliziert und erfordert keine besonderen technischen Kenntnisse. Detaillierte Anleitungen erhalten Sie auf Anfrage.<\/li>\n<\/ul>\n<p>Erweitern Sie Ihr Dell Latitude und Precision Notebook mit dieser vielseitigen neuen franz\u00f6sischen AZERTY-Tastatur mit Hintergrundbeleuchtung, die mit verschiedenen Teilenummern und Modellen kompatibel ist. Freuen Sie sich \u00fcber rahmenloses Design, zuverl\u00e4ssige Leistung und einfache Installation.<\/p>\n<p>Wenn Sie weitere Produkte anbieten oder zus\u00e4tzliche Informationen ben\u00f6tigen, lassen Sie es mich bitte wissen. Ich helfe Ihnen gerne weiter.<\/p>\n","protected":false},"excerpt":{"rendered":"<p>Werten Sie Ihr Dell Latitude und Precision Notebook mit dieser neuen franz\u00f6sischen AZERTY-Tastatur mit Hintergrundbeleuchtung auf. Sie ist mit zahlreichen Teilenummern und Modellen kompatibel und \u00fcberzeugt durch ihr rahmenloses Design. Zuverl\u00e4ssige Leistung und einfache Installation.<\/p>\n","protected":false},"featured_media":10232,"template":"","meta":[],"product_brand":[],"product_cat":[71],"product_tag":[53],"class_list":{"0":"post-10162","1":"product","2":"type-product","3":"status-publish","4":"has-post-thumbnail","6":"product_cat-laptop-keyboard","7":"product_tag-dell","9":"first","10":"instock","11":"taxable","12":"shipping-taxable","13":"purchasable","14":"product-type-simple"},"_links":{"self":[{"href":"https:\/\/boreait.com\/de\/wp-json\/wp\/v2\/product\/10162","targetHints":{"allow":["GET"]}}],"collection":[{"href":"https:\/\/boreait.com\/de\/wp-json\/wp\/v2\/product"}],"about":[{"href":"https:\/\/boreait.com\/de\/wp-json\/wp\/v2\/types\/product"}],"wp:featuredmedia":[{"embeddable":true,"href":"https:\/\/boreait.com\/de\/wp-json\/wp\/v2\/media\/10232"}],"wp:attachment":[{"href":"https:\/\/boreait.com\/de\/wp-json\/wp\/v2\/media?parent=10162"}],"wp:term":[{"taxonomy":"product_brand","embeddable":true,"href":"https:\/\/boreait.com\/de\/wp-json\/wp\/v2\/product_brand?post=10162"},{"taxonomy":"product_cat","embeddable":true,"href":"https:\/\/boreait.com\/de\/wp-json\/wp\/v2\/product_cat?post=10162"},{"taxonomy":"product_tag","embeddable":true,"href":"https:\/\/boreait.com\/de\/wp-json\/wp\/v2\/product_tag?post=10162"}],"curies":[{"name":"wp","href":"https:\/\/api.w.org\/{rel}","templated":true}]}}