{"id":10160,"date":"2025-09-15T15:10:45","date_gmt":"2025-09-15T13:10:45","guid":{"rendered":"https:\/\/boreait.com\/de\/?post_type=product&#038;p=10160"},"modified":"2026-02-07T10:38:17","modified_gmt":"2026-02-07T09:38:17","slug":"gebrauchte-tastatur-fuer-hp-probook-650-g4-655-g4-650-g5-azerty-layout-ohne-hintergrundbeleuchtung-mehrere-kompatible-teilenummern","status":"publish","type":"product","link":"https:\/\/boreait.com\/de\/produkt\/gebrauchte-tastatur-fuer-hp-probook-650-g4-655-g4-650-g5-azerty-layout-ohne-hintergrundbeleuchtung-mehrere-kompatible-teilenummern\/","title":{"rendered":"Gebrauchte Tastatur f\u00fcr HP ProBook 650 G4 655 G4 650 G5 \u2013 AZERTY-Layout \u2013 ohne Hintergrundbeleuchtung \u2013 mehrere kompatible Teilenummern"},"content":{"rendered":"<p>Werten Sie Ihr HP ProBook 650 G4, 655 G4 oder 650 G5 mit dieser gebrauchten AZERTY-Tastatur auf. Diese Tastatur ist mit mehreren Teilenummern kompatibel und somit vielseitig einsetzbar und f\u00fcr verschiedene HP ProBook-Modelle geeignet. Bitte beachten Sie, dass es sich um gebrauchte Tastaturen handelt, die Qualit\u00e4t jedoch der auf dem Angebotsfoto abgebildeten Tastatur entspricht oder besser ist.<br \/>\nN<\/p>\n<p><strong>Kompatible Teilenummern:<\/strong><\/p>\n<ul>\n<li>L00740-051<\/li>\n<li>L09594-051<\/li>\n<li>L51009-041<\/li>\n<li>L09595-001<\/li>\n<li>L09593-001<\/li>\n<li>L00741-001<\/li>\n<li>6037B0134101<\/li>\n<li>6037B0134201<\/li>\n<li>L51009-001<\/li>\n<li>L62786-001<\/li>\n<li>6037B0153701<\/li>\n<p>N <\/p>\n<li>L09593-001<\/li>\n<li>SN9171<\/li>\n<li>SH-87820-2FA<\/li>\n<li>6037B0133805<\/li>\n<\/ul>\n<p><strong>Hauptmerkmale:<\/strong><\/p>\n<ul>\n<li><strong>Kompatibilit\u00e4t:<\/strong> Diese Tastatur ist mit den HP ProBook 650 G4, 655 G4 und 650 G5 Laptops kompatibel und bietet verschiedene Teilenummern f\u00fcr zus\u00e4tzliche Flexibilit\u00e4t.<\/li>\n<li><strong>AZERTY-Layout:<\/strong> Dank des AZERTY-Layouts eignet sich diese Tastatur perfekt f\u00fcr franz\u00f6sischsprachige Benutzer, ist aber auch mit anderen Sprachen und Layouts kompatibel.<\/li>\n<li><strong>Ohne Hintergrundbeleuchtung:<\/strong> Diese Tastatur hat keine Hintergrundbeleuchtung, wie auf dem Angebotsfoto zu sehen. Sie ist f\u00fcr normales Tippen ohne Hintergrundbeleuchtung konzipiert.<\/li>\n<li><strong>Qualit\u00e4tssicherung:<\/strong> Obwohl diese Tastaturen gebraucht sind, bieten sie eine Leistung und Qualit\u00e4t, die der auf dem Produktfoto entspricht oder besser ist.<\/li>\n<li><strong>Einfache Installation:<\/strong> Der Austausch der Tastatur Ihres Laptops ist unkompliziert und erfordert keine besonderen technischen Kenntnisse. Eine ausf\u00fchrliche Anleitung erhalten Sie auf Anfrage.<\/li>\n<\/ul>\n<p>R\u00fcsten Sie Ihr HP ProBook mit dieser vielseitigen gebrauchten Tastatur im AZERTY-Layout auf, die mit mehreren Teilenummern kompatibel ist. Ob Sie einen Ersatz ben\u00f6tigen oder das Layout \u00e4ndern m\u00f6chten, diese Tastatur ohne Hintergrundbeleuchtung bietet zuverl\u00e4ssige Leistung.<\/p>\n<p>Wenn Sie weitere Produkte anbieten oder zus\u00e4tzliche Informationen ben\u00f6tigen, lassen Sie es mich bitte wissen, ich helfe Ihnen gerne weiter.<\/p>\n","protected":false},"excerpt":{"rendered":"<p>R\u00fcsten Sie Ihr HP ProBook 650 G4, 655 G4 oder 650 G5 mit dieser gebrauchten Tastatur im AZERTY-Layout auf. Sie ist mit verschiedenen Teilenummern kompatibel, bietet hochwertige Leistung und ist, wie auf dem Foto zu sehen, nicht beleuchtet.<\/p>\n","protected":false},"featured_media":10221,"template":"","meta":[],"product_brand":[],"product_cat":[71],"product_tag":[61],"class_list":{"0":"post-10160","1":"product","2":"type-product","3":"status-publish","4":"has-post-thumbnail","6":"product_cat-laptop-keyboard","7":"product_tag-hp","9":"first","10":"instock","11":"taxable","12":"shipping-taxable","13":"purchasable","14":"product-type-simple"},"_links":{"self":[{"href":"https:\/\/boreait.com\/de\/wp-json\/wp\/v2\/product\/10160","targetHints":{"allow":["GET"]}}],"collection":[{"href":"https:\/\/boreait.com\/de\/wp-json\/wp\/v2\/product"}],"about":[{"href":"https:\/\/boreait.com\/de\/wp-json\/wp\/v2\/types\/product"}],"wp:featuredmedia":[{"embeddable":true,"href":"https:\/\/boreait.com\/de\/wp-json\/wp\/v2\/media\/10221"}],"wp:attachment":[{"href":"https:\/\/boreait.com\/de\/wp-json\/wp\/v2\/media?parent=10160"}],"wp:term":[{"taxonomy":"product_brand","embeddable":true,"href":"https:\/\/boreait.com\/de\/wp-json\/wp\/v2\/product_brand?post=10160"},{"taxonomy":"product_cat","embeddable":true,"href":"https:\/\/boreait.com\/de\/wp-json\/wp\/v2\/product_cat?post=10160"},{"taxonomy":"product_tag","embeddable":true,"href":"https:\/\/boreait.com\/de\/wp-json\/wp\/v2\/product_tag?post=10160"}],"curies":[{"name":"wp","href":"https:\/\/api.w.org\/{rel}","templated":true}]}}