{"id":10158,"date":"2025-09-15T15:10:44","date_gmt":"2025-09-15T13:10:44","guid":{"rendered":"https:\/\/boreait.com\/de\/?post_type=product&#038;p=10158"},"modified":"2025-09-16T12:50:57","modified_gmt":"2025-09-16T10:50:57","slug":"scharniere-halterung-set-lenovo-ideapad-g700-13n0-b5m0101-13n0-hochwertiger-ersatz","status":"publish","type":"product","link":"https:\/\/boreait.com\/de\/produkt\/scharniere-halterung-set-lenovo-ideapad-g700-13n0-b5m0101-13n0-hochwertiger-ersatz\/","title":{"rendered":"Scharniere Halterung Set Lenovo IdeaPad G700 13N0-B5M0101 13N0- Hochwertiger Ersatz"},"content":{"rendered":"<p>Investieren Sie mit dem Scharnierhalterungsset in die Langlebigkeit und Stabilit\u00e4t Ihres Lenovo IdeaPad G700. Dieses Set wurde sorgf\u00e4ltig gefertigt und dient als zuverl\u00e4ssiger Ersatz f\u00fcr die Scharnierhalterungen Ihres Laptops. So l\u00e4sst sich Ihr Bildschirm reibungslos \u00f6ffnen und schlie\u00dfen.<\/p>\n<p>Hauptmerkmale:<\/p>\n<ul>\n<li>Hochwertiges Ersatz-Scharnierhalterungsset<\/li>\n<li>Kompatibel mit Lenovo IdeaPad G700 Modellen<\/li>\n<li>Artikelnummern: 13N0-B5M0101 und 13N0-<\/li>\n<li>Langlebig und pr\u00e4zise gefertigt<\/li>\n<\/ul>\n<p>Ob sich die Scharnierhalterungen Ihres Laptops im Laufe der Zeit gelockert, besch\u00e4digt oder abgenutzt haben \u2013 dieses Set stellt die Integrit\u00e4t Ihres Laptops wieder her. Es wird nach h\u00f6chsten Qualit\u00e4tsstandards gefertigt und bietet Ihnen eine zuverl\u00e4ssige und langlebige L\u00f6sung.<\/p>\n<p>Bitte beachten Sie, dass dieses Angebot Produktfotos enth\u00e4lt und keine Montageanleitung enth\u00e4lt. Sollten Sie weitere Informationen oder Hilfe ben\u00f6tigen, kontaktieren Sie uns gerne. Steigern Sie die Leistung und Funktionalit\u00e4t Ihres Lenovo IdeaPad G700 mit diesem Scharnierhalterungsset.<\/p>\n","protected":false},"excerpt":{"rendered":"<p>Erweitern Sie die Funktionalit\u00e4t Ihres Lenovo IdeaPad G700 mit diesem hochwertigen Scharnierhalterungsset. Es ist ein zuverl\u00e4ssiger Ersatz f\u00fcr das Originalteil und gew\u00e4hrleistet die einwandfreie Funktion des Scharniersystems Ihres Laptops. Das pr\u00e4zise gefertigte Set ist kompatibel mit Lenovo IdeaPad G700-Modellen mit den Teilenummern 13N0-B5M0101 und 13N0-.<\/p>\n","protected":false},"featured_media":10219,"template":"","meta":[],"product_brand":[],"product_cat":[55],"product_tag":[62],"class_list":{"0":"post-10158","1":"product","2":"type-product","3":"status-publish","4":"has-post-thumbnail","6":"product_cat-screen-hinge","7":"product_tag-lenovo","9":"first","10":"instock","11":"taxable","12":"shipping-taxable","13":"purchasable","14":"product-type-simple"},"_links":{"self":[{"href":"https:\/\/boreait.com\/de\/wp-json\/wp\/v2\/product\/10158","targetHints":{"allow":["GET"]}}],"collection":[{"href":"https:\/\/boreait.com\/de\/wp-json\/wp\/v2\/product"}],"about":[{"href":"https:\/\/boreait.com\/de\/wp-json\/wp\/v2\/types\/product"}],"wp:featuredmedia":[{"embeddable":true,"href":"https:\/\/boreait.com\/de\/wp-json\/wp\/v2\/media\/10219"}],"wp:attachment":[{"href":"https:\/\/boreait.com\/de\/wp-json\/wp\/v2\/media?parent=10158"}],"wp:term":[{"taxonomy":"product_brand","embeddable":true,"href":"https:\/\/boreait.com\/de\/wp-json\/wp\/v2\/product_brand?post=10158"},{"taxonomy":"product_cat","embeddable":true,"href":"https:\/\/boreait.com\/de\/wp-json\/wp\/v2\/product_cat?post=10158"},{"taxonomy":"product_tag","embeddable":true,"href":"https:\/\/boreait.com\/de\/wp-json\/wp\/v2\/product_tag?post=10158"}],"curies":[{"name":"wp","href":"https:\/\/api.w.org\/{rel}","templated":true}]}}