{"id":10128,"date":"2025-09-15T15:09:58","date_gmt":"2025-09-15T13:09:58","guid":{"rendered":"https:\/\/boreait.com\/de\/?post_type=product&#038;p=10128"},"modified":"2025-09-16T12:50:56","modified_gmt":"2025-09-16T10:50:56","slug":"asus-eee-pc-1015px-webcam-webkamera-original-ersatzteil","status":"publish","type":"product","link":"https:\/\/boreait.com\/de\/produkt\/asus-eee-pc-1015px-webcam-webkamera-original-ersatzteil\/","title":{"rendered":"ASUS Eee PC 1015PX Webcam Webkamera \u2013 Original-Ersatzteil"},"content":{"rendered":"<p>Wenn Sie einen ASUS Eee PC 1015PX Laptop besitzen und Ihre eingebaute Webcam ausgetauscht werden muss, sind Sie bei uns genau richtig. Diese ASUS Webcam ersetzt Ihre vorhandene Webcam perfekt und stellt die Kamerafunktion Ihres Laptops wieder her.<\/p>\n<p>Hauptmerkmale:<\/p>\n<ul>\n<li>Original-ASUS-Ersatzteil<\/li>\n<li>Kompatibel mit ASUS Eee PC 1015PX Laptops<\/li>\n<li>Problemlose Installation<\/li>\n<\/ul>\n<p>Ob Ihre aktuelle Webcam defekt ist oder Sie die Kamera Ihres Laptops einfach aufr\u00fcsten m\u00f6chten \u2013 dieses Original-Ersatzteil ist die perfekte L\u00f6sung. Genie\u00dfen Sie klare Videoanrufe, halten Sie Erinnerungen fest und nehmen Sie an Videokonferenzen teil \u2013 mit der Gewissheit, dass Ihre Kamera in einem Top-Zustand ist.<\/p>\n<p>Bitte beachten Sie, dass dieses Angebot echte Fotos der ASUS Eee PC 1015PX Webcam enth\u00e4lt. Es liegen keine Installationsanweisungen bei, aber der Installationsvorgang ist unkompliziert. Wenn Sie Fragen haben oder weitere Unterst\u00fctzung ben\u00f6tigen, z\u00f6gern Sie bitte nicht, uns zu kontaktieren.<\/p>\n<p>Aktualisieren oder ersetzen Sie die Webcam Ihres Laptops mit diesem ASUS-Originalteil und erleben Sie hochwertige Video- und Bildqualit\u00e4t auf Ihrem ASUS Eee PC 1015PX.<\/p>\n","protected":false},"excerpt":{"rendered":"<p>Ersetzen Sie die Webcam Ihres ASUS Eee PC 1015PX Laptops durch diese originale ASUS Webcam. Stellen Sie die Funktionalit\u00e4t der integrierten Kamera Ihres Laptops mit diesem zuverl\u00e4ssigen Ersatzteil wieder her. Einfache Installation und Kompatibilit\u00e4t sorgen f\u00fcr eine problemlose Reparatur.<\/p>\n","protected":false},"featured_media":10196,"template":"","meta":[],"product_brand":[],"product_cat":[59],"product_tag":[66],"class_list":{"0":"post-10128","1":"product","2":"type-product","3":"status-publish","4":"has-post-thumbnail","6":"product_cat-laptop-camera","7":"product_tag-asus","9":"first","10":"instock","11":"taxable","12":"shipping-taxable","13":"purchasable","14":"product-type-simple"},"_links":{"self":[{"href":"https:\/\/boreait.com\/de\/wp-json\/wp\/v2\/product\/10128","targetHints":{"allow":["GET"]}}],"collection":[{"href":"https:\/\/boreait.com\/de\/wp-json\/wp\/v2\/product"}],"about":[{"href":"https:\/\/boreait.com\/de\/wp-json\/wp\/v2\/types\/product"}],"wp:featuredmedia":[{"embeddable":true,"href":"https:\/\/boreait.com\/de\/wp-json\/wp\/v2\/media\/10196"}],"wp:attachment":[{"href":"https:\/\/boreait.com\/de\/wp-json\/wp\/v2\/media?parent=10128"}],"wp:term":[{"taxonomy":"product_brand","embeddable":true,"href":"https:\/\/boreait.com\/de\/wp-json\/wp\/v2\/product_brand?post=10128"},{"taxonomy":"product_cat","embeddable":true,"href":"https:\/\/boreait.com\/de\/wp-json\/wp\/v2\/product_cat?post=10128"},{"taxonomy":"product_tag","embeddable":true,"href":"https:\/\/boreait.com\/de\/wp-json\/wp\/v2\/product_tag?post=10128"}],"curies":[{"name":"wp","href":"https:\/\/api.w.org\/{rel}","templated":true}]}}