{"id":10125,"date":"2025-09-15T15:09:58","date_gmt":"2025-09-15T13:09:58","guid":{"rendered":"https:\/\/boreait.com\/de\/?post_type=product&#038;p=10125"},"modified":"2025-09-16T12:50:54","modified_gmt":"2025-09-16T10:50:54","slug":"neue-franzoesische-azerty-tastatur-fuer-hp-probook-650-g4-650-g5-655-g4-655-g5-l09594-051-ohne-hintergrundbeleuchtung","status":"publish","type":"product","link":"https:\/\/boreait.com\/de\/produkt\/neue-franzoesische-azerty-tastatur-fuer-hp-probook-650-g4-650-g5-655-g4-655-g5-l09594-051-ohne-hintergrundbeleuchtung\/","title":{"rendered":"NEUE franz\u00f6sische AZERTY-Tastatur f\u00fcr HP ProBook 650 G4 \/ 650 G5 \/ 655 G4 \/ 655 G5 L09594-051 \u2013 ohne Hintergrundbeleuchtung"},"content":{"rendered":"<p>R\u00fcsten Sie Ihr HP ProBook 650 G4, 650 G5, 655 G4 oder 655 G5 mit dieser NEUEN franz\u00f6sischen AZERTY-Tastatur (Teilenummer: L09594-051) auf. Diese Ersatztastatur ist ideal f\u00fcr Benutzer, die das AZERTY-Layout f\u00fcr pr\u00e4zises Tippen bevorzugen. <\/p>\n<p><strong>Hauptmerkmale:<\/strong><\/p>\n<ul>\n<li><strong>Kompatibilit\u00e4t:<\/strong> Speziell f\u00fcr die HP ProBooks 650 G4, 650 G5, 655 G4 und 655 G5 entwickelt, garantiert es perfekte Passform und Funktionalit\u00e4t.<\/li>\n<li><strong>Franz\u00f6sisches AZERTY-Layout:<\/strong> Diese Tastatur verf\u00fcgt \u00fcber das franz\u00f6sische AZERTY-Layout und ist daher f\u00fcr franz\u00f6sischsprachige Nutzer geeignet.<\/li>\n<li><strong>Ohne Hintergrundbeleuchtung:<\/strong> Diese Tastatur hat keine Hintergrundbeleuchtung und ist daher ideal f\u00fcr Nutzer, die eine Standardtastatur ohne Hintergrundbeleuchtung bevorzugen.<\/li>\n<li><strong>Einfache Installation:<\/strong> Der Austausch der Laptoptastatur ist unkompliziert und erfordert keine besonderen technischen Kenntnisse. Detaillierte Anweisungen erhalten Sie auf Anfrage.<\/li>\n<li><strong>Verbessertes Tippen:<\/strong> Genie\u00dfen Sie komfortables und pr\u00e4zises Tippen mit dieser hochwertigen Ersatztastatur.<\/li>\n<li><strong>Qualit\u00e4tssicherung:<\/strong> Diese Tastatur ist brandneu und wird einer Qualit\u00e4tskontrolle unterzogen, um ihre Zuverl\u00e4ssigkeit zu gew\u00e4hrleisten.<\/li>\n<li><strong>Kompatible Modelle:<\/strong> L09595-001, L09593-001, L00741-001, 6037B0134101, 6037B0134201, L51009-001, L62786-001, 6037B0153701, L09603-001, L51009-041 und weitere<\/li>\n<\/ul>\n<p>Aktualisieren oder ersetzen Sie die Tastatur Ihres Laptops mit dieser NEUEN franz\u00f6sischen AZERTY-Tastatur. F\u00fcr HP ProBook 650 G4, 650 G5, 655 G4 und 655 G5 Laptops. Das AZERTY-Layout ist ideal f\u00fcr franz\u00f6sischsprachige Nutzer (ist aber auch mit anderen Sprachen\/Layouts kompatibel), und das Design ohne Hintergrundbeleuchtung bietet ein normales Tippgef\u00fchl.<\/p>\n<p>Wenn Sie weitere Produkte anbieten oder zus\u00e4tzliche Informationen ben\u00f6tigen, lassen Sie es uns bitte wissen. Wir helfen Ihnen gerne weiter.<\/p>\n","protected":false},"excerpt":{"rendered":"<p>Ersetzen Sie die Tastatur Ihres HP ProBook 650 G4, 650 G5, 655 G4 oder 655 G5 Laptops durch diese NEUE franz\u00f6sische AZERTY-Tastatur (Teilenummer: L09594-051). Diese Tastatur ohne Hintergrundbeleuchtung ist f\u00fcr pr\u00e4zises Tippen im AZERTY-Layout konzipiert.<\/p>\n","protected":false},"featured_media":10185,"template":"","meta":[],"product_brand":[],"product_cat":[71],"product_tag":[61],"class_list":{"0":"post-10125","1":"product","2":"type-product","3":"status-publish","4":"has-post-thumbnail","6":"product_cat-laptop-keyboard","7":"product_tag-hp","9":"first","10":"instock","11":"taxable","12":"shipping-taxable","13":"purchasable","14":"product-type-simple"},"_links":{"self":[{"href":"https:\/\/boreait.com\/de\/wp-json\/wp\/v2\/product\/10125","targetHints":{"allow":["GET"]}}],"collection":[{"href":"https:\/\/boreait.com\/de\/wp-json\/wp\/v2\/product"}],"about":[{"href":"https:\/\/boreait.com\/de\/wp-json\/wp\/v2\/types\/product"}],"wp:featuredmedia":[{"embeddable":true,"href":"https:\/\/boreait.com\/de\/wp-json\/wp\/v2\/media\/10185"}],"wp:attachment":[{"href":"https:\/\/boreait.com\/de\/wp-json\/wp\/v2\/media?parent=10125"}],"wp:term":[{"taxonomy":"product_brand","embeddable":true,"href":"https:\/\/boreait.com\/de\/wp-json\/wp\/v2\/product_brand?post=10125"},{"taxonomy":"product_cat","embeddable":true,"href":"https:\/\/boreait.com\/de\/wp-json\/wp\/v2\/product_cat?post=10125"},{"taxonomy":"product_tag","embeddable":true,"href":"https:\/\/boreait.com\/de\/wp-json\/wp\/v2\/product_tag?post=10125"}],"curies":[{"name":"wp","href":"https:\/\/api.w.org\/{rel}","templated":true}]}}