{"id":10059,"date":"2025-09-15T15:08:19","date_gmt":"2025-09-15T13:08:19","guid":{"rendered":"https:\/\/boreait.com\/de\/?post_type=product&#038;p=10059"},"modified":"2026-01-14T13:36:44","modified_gmt":"2026-01-14T12:36:44","slug":"toshiba-satellite-pro-u400-original-touchpad-tastenplatine-ersetzen-und-wiederherstellen","status":"publish","type":"product","link":"https:\/\/boreait.com\/de\/produkt\/toshiba-satellite-pro-u400-original-touchpad-tastenplatine-ersetzen-und-wiederherstellen\/","title":{"rendered":"TOSHIBA SATELLITE PRO U400 ORIGINAL-TOUCHPAD-TASTENPLATINE \u2013 Ersetzen und wiederherstellen!"},"content":{"rendered":"<p>Mit der Original-Touchpad-Tastenplatine f\u00fcr das TOSHIBA SATELLITE PRO U400 k\u00f6nnen Sie das Touchpad Ihres Laptops wieder optimal instand setzen. Wenn Ihre Touchpad-Tasten nicht mehr reagieren oder unregelm\u00e4\u00dfig funktionieren, ist dies das perfekte Ersatzteil, um Ihrem Laptop neues Leben einzuhauchen.<\/p>\n<p>Hauptmerkmale:<\/p>\n<ul>\n<li>Original-Toshiba-Teil<\/li>\n<li>Kompatibel mit dem TOSHIBA SATELLITE PRO U400<\/li>\n<li>Stellt die pr\u00e4zise Touchpad-Funktionalit\u00e4t wieder her<\/li>\n<\/ul>\n<p>Diese Touchpad-Tastenplatine ist ein Original-Toshiba-Bauteil und wurde f\u00fcr eine nahtlose Passform und Funktion mit Ihrem Satellite Pro U400-Laptop entwickelt. Vertrauen Sie auf die Qualit\u00e4t und Zuverl\u00e4ssigkeit, die durch den Namen Toshiba garantiert wird.<\/p>\n<p>Die Installation ist f\u00fcr Personen mit grundlegenden technischen Kenntnissen unkompliziert. Bitte beachten Sie, dass diesem Artikel keine Installationsanleitung beiliegt. Bei Fragen oder Unterst\u00fctzung bei der Installation kontaktieren Sie uns gerne.<\/p>\n<p>Lassen Sie sich nicht von Touchpad-Problemen ausbremsen. Ersetzen Sie die defekte Touchpad-Tastenplatine durch dieses Original-Toshiba-Teil und genie\u00dfen Sie wieder reibungsloses, reaktionsschnelles Touchpad-Erlebnis. Dieses Angebot enth\u00e4lt Fotos der Touchpad-Tastenplatine, die Sie erhalten. Bringen Sie mit diesem unverzichtbaren Bauteil die Benutzerfreundlichkeit und den Komfort Ihres Laptops zur\u00fcck.<\/p>\n","protected":false},"excerpt":{"rendered":"<p>Erwecken Sie Ihr Toshiba Satellite Pro U400-Notebook mit dieser Original-Touchpad-Tastenplatine zum Leben. Sie ist der perfekte Ersatz f\u00fcr eine abgenutzte oder defekte Touchpad-Tastenplatine und gew\u00e4hrleistet pr\u00e4zise und zuverl\u00e4ssige Touchpad-Funktionalit\u00e4t. Mit diesem Original-Toshiba-Teil geben Sie Ihrem Laptop wieder das volle Potenzial.<\/p>\n","protected":false},"featured_media":10132,"template":"","meta":[],"product_brand":[],"product_cat":[63],"product_tag":[70],"class_list":{"0":"post-10059","1":"product","2":"type-product","3":"status-publish","4":"has-post-thumbnail","6":"product_cat-motherboards-board-parts","7":"product_tag-toshiba","9":"first","10":"instock","11":"taxable","12":"shipping-taxable","13":"purchasable","14":"product-type-simple"},"_links":{"self":[{"href":"https:\/\/boreait.com\/de\/wp-json\/wp\/v2\/product\/10059","targetHints":{"allow":["GET"]}}],"collection":[{"href":"https:\/\/boreait.com\/de\/wp-json\/wp\/v2\/product"}],"about":[{"href":"https:\/\/boreait.com\/de\/wp-json\/wp\/v2\/types\/product"}],"wp:featuredmedia":[{"embeddable":true,"href":"https:\/\/boreait.com\/de\/wp-json\/wp\/v2\/media\/10132"}],"wp:attachment":[{"href":"https:\/\/boreait.com\/de\/wp-json\/wp\/v2\/media?parent=10059"}],"wp:term":[{"taxonomy":"product_brand","embeddable":true,"href":"https:\/\/boreait.com\/de\/wp-json\/wp\/v2\/product_brand?post=10059"},{"taxonomy":"product_cat","embeddable":true,"href":"https:\/\/boreait.com\/de\/wp-json\/wp\/v2\/product_cat?post=10059"},{"taxonomy":"product_tag","embeddable":true,"href":"https:\/\/boreait.com\/de\/wp-json\/wp\/v2\/product_tag?post=10059"}],"curies":[{"name":"wp","href":"https:\/\/api.w.org\/{rel}","templated":true}]}}