{"id":10029,"date":"2025-09-15T15:07:34","date_gmt":"2025-09-15T13:07:34","guid":{"rendered":"https:\/\/boreait.com\/de\/?post_type=product&#038;p=10029"},"modified":"2025-09-16T12:50:48","modified_gmt":"2025-09-16T10:50:48","slug":"jd104-amzjx000900-oem-dell-lcd-rueckseite-abdeckung-praezision-m2300-pp18l","status":"publish","type":"product","link":"https:\/\/boreait.com\/de\/produkt\/jd104-amzjx000900-oem-dell-lcd-rueckseite-abdeckung-praezision-m2300-pp18l\/","title":{"rendered":"JD104 AMZJX000900 OEM DELL LCD R\u00dcCKSEITE ABDECKUNG PR\u00c4ZISION M2300 PP18L"},"content":{"rendered":"<p>Verleihen Sie Ihrem Dell Precision M2300 Laptop mit der OEM-LCD-R\u00fcckabdeckung JD104 AMZJX000900 von Dell einen frischen Look. Dieses originale OEM-Teil ist passgenau und entspricht der Originalqualit\u00e4t und dem Original-Look Ihres Laptops.<\/p>\n<p>Hauptmerkmale:<\/p>\n<ul>\n<li>Teilenummer: JD104 AMZJX000900<\/li>\n<li>Kompatibilit\u00e4t: Dell Precision M2300, PP18L-Serie<\/li>\n<li>Original-OEM-Produkt<\/li>\n<\/ul>\n<p>Diese LCD-R\u00fcckabdeckung ist die zuverl\u00e4ssige Wahl f\u00fcr die Reparatur einer besch\u00e4digten Abdeckung oder die Aufwertung der \u00c4sthetik Ihres Laptops. Sie passt perfekt zu Ihrem Dell Precision M2300 und verleiht ihm den professionellen und eleganten Look, den er verdient.<\/p>\n<p>Bitte beachten Sie, dass dieses Angebot echte Fotos der OEM-LCD-R\u00fcckabdeckung JD104 AMZJX000900 von Dell enth\u00e4lt. Es liegt keine Installationsanleitung bei. Sollten Sie jedoch Fragen haben oder weitere Informationen ben\u00f6tigen, z\u00f6gern Sie nicht, uns zu kontaktieren. Werten Sie das Erscheinungsbild Ihres Laptops mit diesem OEM-Ersatzteil von Dell auf.<\/p>\n","protected":false},"excerpt":{"rendered":"<p>Verbessern Sie das Aussehen und den Schutz Ihres Dell Precision M2300 Laptops mit der OEM DELL LCD-R\u00fcckabdeckung JD104 AMZJX000900. Dieses Original-OEM-Teil garantiert perfekte Passform und Qualit\u00e4t. Erneuern oder verbessern Sie die LCD-R\u00fcckabdeckung Ihres Laptops, damit sie weiterhin elegant und professionell aussieht.<\/p>\n","protected":false},"featured_media":10100,"template":"","meta":[],"product_brand":[],"product_cat":[52],"product_tag":[53],"class_list":{"0":"post-10029","1":"product","2":"type-product","3":"status-publish","4":"has-post-thumbnail","6":"product_cat-laptop-housing","7":"product_tag-dell","9":"first","10":"instock","11":"taxable","12":"shipping-taxable","13":"purchasable","14":"product-type-simple"},"_links":{"self":[{"href":"https:\/\/boreait.com\/de\/wp-json\/wp\/v2\/product\/10029","targetHints":{"allow":["GET"]}}],"collection":[{"href":"https:\/\/boreait.com\/de\/wp-json\/wp\/v2\/product"}],"about":[{"href":"https:\/\/boreait.com\/de\/wp-json\/wp\/v2\/types\/product"}],"wp:featuredmedia":[{"embeddable":true,"href":"https:\/\/boreait.com\/de\/wp-json\/wp\/v2\/media\/10100"}],"wp:attachment":[{"href":"https:\/\/boreait.com\/de\/wp-json\/wp\/v2\/media?parent=10029"}],"wp:term":[{"taxonomy":"product_brand","embeddable":true,"href":"https:\/\/boreait.com\/de\/wp-json\/wp\/v2\/product_brand?post=10029"},{"taxonomy":"product_cat","embeddable":true,"href":"https:\/\/boreait.com\/de\/wp-json\/wp\/v2\/product_cat?post=10029"},{"taxonomy":"product_tag","embeddable":true,"href":"https:\/\/boreait.com\/de\/wp-json\/wp\/v2\/product_tag?post=10029"}],"curies":[{"name":"wp","href":"https:\/\/api.w.org\/{rel}","templated":true}]}}